{"id":886,"date":"2025-03-17T21:43:21","date_gmt":"2025-03-17T20:43:21","guid":{"rendered":"https:\/\/edition-gl.de\/?page_id=886"},"modified":"2026-01-30T21:11:18","modified_gmt":"2026-01-30T20:11:18","slug":"petrus-karlsruhe","status":"publish","type":"page","link":"https:\/\/edition-gl.de\/index.php\/live\/live-archiv\/petrus-karlsruhe\/","title":{"rendered":"PETRUS &#8211; Karlsruhe"},"content":{"rendered":"\n<h2 class=\"wp-block-heading\">PETRUS UND DER HAHN &#8211; Karlsruhe<\/h2>\n\n\n\n<figure class=\"wp-block-image size-full\"><img loading=\"lazy\" decoding=\"async\" width=\"1280\" height=\"300\" src=\"https:\/\/edition-gl.de\/wp-content\/uploads\/2025\/02\/PETRUS_Logobanner1200.png\" alt=\"\" class=\"wp-image-817\" srcset=\"https:\/\/edition-gl.de\/wp-content\/uploads\/2025\/02\/PETRUS_Logobanner1200.png 1280w, https:\/\/edition-gl.de\/wp-content\/uploads\/2025\/02\/PETRUS_Logobanner1200-360x84.png 360w, https:\/\/edition-gl.de\/wp-content\/uploads\/2025\/02\/PETRUS_Logobanner1200-768x180.png 768w\" sizes=\"auto, (max-width: 1280px) 100vw, 1280px\" \/><\/figure>\n\n\n\n<p>Die Kirche St. Michael in Karlsruhe wurde am 4.10.2025 zu einem der wenigen Orte werden, die die gesamte Oratorien-Trilogie REDE UND ANTWORT von Gregor Lin\u00dfen gesehen haben. <br>In der Originalbesetzung mit Gregor Lin\u00dfen, Christina Hernold, der Gruppe AMI und zusammen mit Pfr. Heinz Vogel als Pater und Pfr. Michael Knaus als Sprayer spielten die Mitwirkenden das Oratorium gleichzeitig auch als Jahrged\u00e4chtnis f\u00fcr Leo Langer (+1.10.2024).<\/p>\n\n\n\n<figure class=\"wp-block-image size-large\"><img loading=\"lazy\" decoding=\"async\" width=\"1536\" height=\"1024\" src=\"https:\/\/edition-gl.de\/wp-content\/uploads\/2025\/10\/VK_00711-1536x1024.jpg\" alt=\"\" class=\"wp-image-1361\" srcset=\"https:\/\/edition-gl.de\/wp-content\/uploads\/2025\/10\/VK_00711-1536x1024.jpg 1536w, https:\/\/edition-gl.de\/wp-content\/uploads\/2025\/10\/VK_00711-360x240.jpg 360w, https:\/\/edition-gl.de\/wp-content\/uploads\/2025\/10\/VK_00711-768x512.jpg 768w, https:\/\/edition-gl.de\/wp-content\/uploads\/2025\/10\/VK_00711-2048x1365.jpg 2048w\" sizes=\"auto, (max-width: 1536px) 100vw, 1536px\" \/><\/figure>\n\n\n\n<p class=\"has-small-font-size\">Fotos: Verena Keller<\/p>\n\n\n\n<figure class=\"wp-block-gallery has-nested-images columns-default is-cropped wp-block-gallery-1 is-layout-flex wp-block-gallery-is-layout-flex\">\n<figure class=\"wp-block-image size-large\"><img loading=\"lazy\" decoding=\"async\" width=\"683\" height=\"1024\" data-id=\"1358\" src=\"https:\/\/edition-gl.de\/wp-content\/uploads\/2025\/10\/Seht-das-Kreuz-1-683x1024.png\" alt=\"Im Kirchenraum steht eine mehr als 3 Menschen hohe Leinwand im Raum. Auf ihr ist mit einem Video die 2000 Jahre alten Pforte der Laterankirche in Rom abgebildet.\" class=\"wp-image-1358\" srcset=\"https:\/\/edition-gl.de\/wp-content\/uploads\/2025\/10\/Seht-das-Kreuz-1-683x1024.png 683w, https:\/\/edition-gl.de\/wp-content\/uploads\/2025\/10\/Seht-das-Kreuz-1-240x360.png 240w, https:\/\/edition-gl.de\/wp-content\/uploads\/2025\/10\/Seht-das-Kreuz-1-768x1152.png 768w, https:\/\/edition-gl.de\/wp-content\/uploads\/2025\/10\/Seht-das-Kreuz-1-1024x1536.png 1024w, https:\/\/edition-gl.de\/wp-content\/uploads\/2025\/10\/Seht-das-Kreuz-1.png 1200w\" sizes=\"auto, (max-width: 683px) 100vw, 683px\" \/><\/figure>\n\n\n\n<figure class=\"wp-block-image size-large\"><img loading=\"lazy\" decoding=\"async\" width=\"683\" height=\"1024\" data-id=\"1357\" src=\"https:\/\/edition-gl.de\/wp-content\/uploads\/2025\/10\/Seht-das-Kreuz-2-683x1024.png\" alt=\"\" class=\"wp-image-1357\" srcset=\"https:\/\/edition-gl.de\/wp-content\/uploads\/2025\/10\/Seht-das-Kreuz-2-683x1024.png 683w, https:\/\/edition-gl.de\/wp-content\/uploads\/2025\/10\/Seht-das-Kreuz-2-240x360.png 240w, https:\/\/edition-gl.de\/wp-content\/uploads\/2025\/10\/Seht-das-Kreuz-2-768x1152.png 768w, https:\/\/edition-gl.de\/wp-content\/uploads\/2025\/10\/Seht-das-Kreuz-2-1024x1536.png 1024w, https:\/\/edition-gl.de\/wp-content\/uploads\/2025\/10\/Seht-das-Kreuz-2.png 1200w\" sizes=\"auto, (max-width: 683px) 100vw, 683px\" \/><\/figure>\n\n\n\n<figure class=\"wp-block-image size-large\"><img loading=\"lazy\" decoding=\"async\" width=\"683\" height=\"1024\" data-id=\"1359\" src=\"https:\/\/edition-gl.de\/wp-content\/uploads\/2025\/10\/Seht-das-Kreuz-3-683x1024.png\" alt=\"\" class=\"wp-image-1359\" srcset=\"https:\/\/edition-gl.de\/wp-content\/uploads\/2025\/10\/Seht-das-Kreuz-3-683x1024.png 683w, https:\/\/edition-gl.de\/wp-content\/uploads\/2025\/10\/Seht-das-Kreuz-3-240x360.png 240w, https:\/\/edition-gl.de\/wp-content\/uploads\/2025\/10\/Seht-das-Kreuz-3-768x1152.png 768w, https:\/\/edition-gl.de\/wp-content\/uploads\/2025\/10\/Seht-das-Kreuz-3-1024x1536.png 1024w, https:\/\/edition-gl.de\/wp-content\/uploads\/2025\/10\/Seht-das-Kreuz-3.png 1200w\" sizes=\"auto, (max-width: 683px) 100vw, 683px\" \/><\/figure>\n<\/figure>\n\n\n\n<p class=\"has-medium-font-size\">Zusammen mit Teilnehmer*innen der PETRUS Chortage war in den Kirchenraum die 6m hohe Videoinstallation der Pforte der Lateranbasilika erstellt worden. Zum Ende des Lieds &#8222;Seht das Kreuz&#8220; \u00f6ffnete sie sich.<\/p>\n\n\n\n<p>Es sangen 120 S\u00e4nger*innen und 20 Kinder des PETRUS-Projekts mit Begleitung der Gruppe AMI unter Leitung von Maria Hartelt.<\/p>\n\n\n\n<p>Das EDITION GL kulturtechnik-Team bestand aus:<br>Prof. Matthias Reusch, Alexander Abel, Jonas Lin\u00dfen und Lukas Mittermeier<\/p>\n\n\n\n<p>Die n\u00e4chsten Auff\u00fchrungen:<br>2026 W\u00fcrzburg &#8211; Osnabr\u00fcck &#8211; Konstanz <br>2027 D\u00fcsseldorf &#8211; <br><br>2032 Rom ?<\/p>\n\n\n\n<p><\/p>\n","protected":false},"excerpt":{"rendered":"<p>PETRUS UND DER HAHN &#8211; Karlsruhe Die Kirche St. Michael in Karlsruhe wurde am 4.10.2025 zu einem der wenigen Orte werden, die die gesamte Oratorien-Trilogie REDE UND ANTWORT von Gregor Lin\u00dfen gesehen haben. In der Originalbesetzung mit Gregor Lin\u00dfen, Christina Hernold, der Gruppe AMI und zusammen mit Pfr. Heinz Vogel als Pater und Pfr. Michael [&hellip;]<\/p>\n","protected":false},"author":2,"featured_media":0,"parent":798,"menu_order":0,"comment_status":"closed","ping_status":"closed","template":"","meta":{"footnotes":""},"class_list":["post-886","page","type-page","status-publish","hentry"],"_links":{"self":[{"href":"https:\/\/edition-gl.de\/index.php\/wp-json\/wp\/v2\/pages\/886","targetHints":{"allow":["GET"]}}],"collection":[{"href":"https:\/\/edition-gl.de\/index.php\/wp-json\/wp\/v2\/pages"}],"about":[{"href":"https:\/\/edition-gl.de\/index.php\/wp-json\/wp\/v2\/types\/page"}],"author":[{"embeddable":true,"href":"https:\/\/edition-gl.de\/index.php\/wp-json\/wp\/v2\/users\/2"}],"replies":[{"embeddable":true,"href":"https:\/\/edition-gl.de\/index.php\/wp-json\/wp\/v2\/comments?post=886"}],"version-history":[{"count":10,"href":"https:\/\/edition-gl.de\/index.php\/wp-json\/wp\/v2\/pages\/886\/revisions"}],"predecessor-version":[{"id":1640,"href":"https:\/\/edition-gl.de\/index.php\/wp-json\/wp\/v2\/pages\/886\/revisions\/1640"}],"up":[{"embeddable":true,"href":"https:\/\/edition-gl.de\/index.php\/wp-json\/wp\/v2\/pages\/798"}],"wp:attachment":[{"href":"https:\/\/edition-gl.de\/index.php\/wp-json\/wp\/v2\/media?parent=886"}],"curies":[{"name":"wp","href":"https:\/\/api.w.org\/{rel}","templated":true}]}}