{"id":840,"date":"2025-02-24T10:52:08","date_gmt":"2025-02-24T09:52:08","guid":{"rendered":"https:\/\/edition-gl.de\/?page_id=840"},"modified":"2026-02-09T14:48:43","modified_gmt":"2026-02-09T13:48:43","slug":"verlagskopie","status":"publish","type":"page","link":"https:\/\/edition-gl.de\/index.php\/shop\/verlagskopie\/","title":{"rendered":"Verlagskopie"},"content":{"rendered":"\n<div class=\"wp-block-buttons is-layout-flex wp-block-buttons-is-layout-flex\">\n<div class=\"wp-block-button\"><a class=\"wp-block-button__link wp-element-button\" href=\"https:\/\/edition-gl.de\/index.php\/shop\/\">zur\u00fcck zum Shop<\/a><\/div>\n<\/div>\n\n\n\n<h2 class=\"wp-block-heading\">Autorisierte Verlagskopie<\/h2>\n\n\n\n<p>Der Chorsatz eines jeden Lieds von Gregor Lin\u00dfen ist als Einzelausgabe erh\u00e4ltlich. Diese werden in der gew\u00fcnschten Chorst\u00e4rke autorisiert und per pdf zugesendet.<br>Die Noten sind f\u00fcr einen doppelseitigen DINA3 Bogen ausgelegt, damit m\u00f6glichst nicht gebl\u00e4ttert werden muss. <\/p>\n\n\n\n<p>Jedes Lied hat einen Grundpreis von 1,00 \u20ac.<\/p>\n\n\n\n<p>Als Service ist auch der Ausdruck auf hochwertigem 100g DIN A3 Papier m\u00f6glich. +0,50 \u20ac pro A3-Bogen + Versandkosten<\/p>\n\n\n\n<div class=\"wp-block-contact-form-7-contact-form-selector\">\n<div class=\"wpcf7 no-js\" id=\"wpcf7-f842-o1\" lang=\"de-DE\" dir=\"ltr\" data-wpcf7-id=\"842\">\n<div class=\"screen-reader-response\"><p role=\"status\" aria-live=\"polite\" aria-atomic=\"true\"><\/p> <ul><\/ul><\/div>\n<form action=\"\/index.php\/wp-json\/wp\/v2\/pages\/840#wpcf7-f842-o1\" method=\"post\" class=\"wpcf7-form init\" aria-label=\"Kontaktformular\" novalidate=\"novalidate\" data-status=\"init\">\n<fieldset class=\"hidden-fields-container\"><input type=\"hidden\" name=\"_wpcf7\" value=\"842\" \/><input type=\"hidden\" name=\"_wpcf7_version\" value=\"6.1.5\" \/><input type=\"hidden\" name=\"_wpcf7_locale\" value=\"de_DE\" \/><input type=\"hidden\" name=\"_wpcf7_unit_tag\" value=\"wpcf7-f842-o1\" \/><input type=\"hidden\" name=\"_wpcf7_container_post\" value=\"0\" \/><input type=\"hidden\" name=\"_wpcf7_posted_data_hash\" value=\"\" \/><input type=\"hidden\" name=\"_wpcf7_recaptcha_response\" value=\"\" \/>\n<\/fieldset>\n<p><label> Dein Name<br \/>\n<span class=\"wpcf7-form-control-wrap\" data-name=\"your-name\"><input size=\"40\" maxlength=\"400\" class=\"wpcf7-form-control wpcf7-text wpcf7-validates-as-required\" autocomplete=\"name\" aria-required=\"true\" aria-invalid=\"false\" value=\"\" type=\"text\" name=\"your-name\" \/><\/span> <\/label>\n<\/p>\n<p><label> Deine E-Mail-Adresse<br \/>\n<span class=\"wpcf7-form-control-wrap\" data-name=\"your-email\"><input size=\"40\" maxlength=\"400\" class=\"wpcf7-form-control wpcf7-email wpcf7-validates-as-required wpcf7-text wpcf7-validates-as-email\" autocomplete=\"email\" aria-required=\"true\" aria-invalid=\"false\" value=\"\" type=\"email\" name=\"your-email\" \/><\/span> <\/label>\n<\/p>\n<p><label> Bestellung Verlagskopie <\/label>\n<\/p>\n<p><span class=\"wpcf7-form-control-wrap\" data-name=\"Rechnungsadresse\"><textarea cols=\"40\" rows=\"10\" maxlength=\"2000\" class=\"wpcf7-form-control wpcf7-textarea wpcf7-validates-as-required\" aria-required=\"true\" aria-invalid=\"false\" placeholder=\"Gemeinde(Chor)\/Name\/Adresse\/PLZ Ort\" name=\"Rechnungsadresse\"><\/textarea><\/span>\n<\/p>\n<p><span class=\"wpcf7-form-control-wrap\" data-name=\"Autorisierung\"><input size=\"40\" maxlength=\"400\" class=\"wpcf7-form-control wpcf7-text wpcf7-validates-as-required\" aria-required=\"true\" aria-invalid=\"false\" placeholder=\"Name der Autorisierung\" value=\"\" type=\"text\" name=\"Autorisierung\" \/><\/span>\n<\/p>\n<p><span class=\"wpcf7-form-control-wrap\" data-name=\"Zahl\"><input class=\"wpcf7-form-control wpcf7-number wpcf7-validates-as-required wpcf7-validates-as-number\" min=\"10\" aria-required=\"true\" aria-invalid=\"false\" value=\"10\" type=\"number\" name=\"Zahl\" \/><\/span>\n<\/p>\n<p><span class=\"wpcf7-form-control-wrap\" data-name=\"Lieder\"><textarea cols=\"40\" rows=\"10\" maxlength=\"2000\" class=\"wpcf7-form-control wpcf7-textarea wpcf7-validates-as-required\" aria-required=\"true\" aria-invalid=\"false\" placeholder=\"gew\u00fcnschtes Lied 1 - x\" name=\"Lieder\"><\/textarea><\/span>\n<\/p>\n<p>Bitte die Ausf\u00fchrung w\u00e4hlen:<br \/>\n<span class=\"wpcf7-form-control-wrap\" data-name=\"Druck\"><span class=\"wpcf7-form-control wpcf7-radio\"><span class=\"wpcf7-list-item first\"><label><input type=\"radio\" name=\"Druck\" value=\"pdf-Version\" \/><span class=\"wpcf7-list-item-label\">pdf-Version<\/span><\/label><\/span><span class=\"wpcf7-list-item last\"><label><input type=\"radio\" name=\"Druck\" value=\"Druck-Version\" \/><span class=\"wpcf7-list-item-label\">Druck-Version<\/span><\/label><\/span><\/span><\/span> (+Druckkosten)\n<\/p>\n<p><label> Deine Nachricht (optional)<br \/>\n<span class=\"wpcf7-form-control-wrap\" data-name=\"your-message\"><textarea cols=\"40\" rows=\"10\" maxlength=\"2000\" class=\"wpcf7-form-control wpcf7-textarea\" aria-invalid=\"false\" name=\"your-message\"><\/textarea><\/span> <\/label>\n<\/p>\n<p><input class=\"wpcf7-form-control wpcf7-submit has-spinner\" type=\"submit\" value=\"Senden\" \/>\n<\/p><div class=\"wpcf7-response-output\" aria-hidden=\"true\"><\/div>\n<\/form>\n<\/div>\n<\/div>\n\n\n\n<p><\/p>\n","protected":false},"excerpt":{"rendered":"<p>Autorisierte Verlagskopie Der Chorsatz eines jeden Lieds von Gregor Lin\u00dfen ist als Einzelausgabe erh\u00e4ltlich. Diese werden in der gew\u00fcnschten Chorst\u00e4rke autorisiert und per pdf zugesendet.Die Noten sind f\u00fcr einen doppelseitigen DINA3 Bogen ausgelegt, damit m\u00f6glichst nicht gebl\u00e4ttert werden muss. Jedes Lied hat einen Grundpreis von 1,00 \u20ac. Als Service ist auch der Ausdruck auf hochwertigem [&hellip;]<\/p>\n","protected":false},"author":2,"featured_media":0,"parent":27,"menu_order":0,"comment_status":"closed","ping_status":"closed","template":"","meta":{"footnotes":""},"class_list":["post-840","page","type-page","status-publish","hentry"],"_links":{"self":[{"href":"https:\/\/edition-gl.de\/index.php\/wp-json\/wp\/v2\/pages\/840","targetHints":{"allow":["GET"]}}],"collection":[{"href":"https:\/\/edition-gl.de\/index.php\/wp-json\/wp\/v2\/pages"}],"about":[{"href":"https:\/\/edition-gl.de\/index.php\/wp-json\/wp\/v2\/types\/page"}],"author":[{"embeddable":true,"href":"https:\/\/edition-gl.de\/index.php\/wp-json\/wp\/v2\/users\/2"}],"replies":[{"embeddable":true,"href":"https:\/\/edition-gl.de\/index.php\/wp-json\/wp\/v2\/comments?post=840"}],"version-history":[{"count":6,"href":"https:\/\/edition-gl.de\/index.php\/wp-json\/wp\/v2\/pages\/840\/revisions"}],"predecessor-version":[{"id":1725,"href":"https:\/\/edition-gl.de\/index.php\/wp-json\/wp\/v2\/pages\/840\/revisions\/1725"}],"up":[{"embeddable":true,"href":"https:\/\/edition-gl.de\/index.php\/wp-json\/wp\/v2\/pages\/27"}],"wp:attachment":[{"href":"https:\/\/edition-gl.de\/index.php\/wp-json\/wp\/v2\/media?parent=840"}],"curies":[{"name":"wp","href":"https:\/\/api.w.org\/{rel}","templated":true}]}}