{"id":742,"date":"2025-01-30T12:14:59","date_gmt":"2025-01-30T11:14:59","guid":{"rendered":"https:\/\/edition-gl.de\/?page_id=742"},"modified":"2026-02-03T19:21:37","modified_gmt":"2026-02-03T18:21:37","slug":"petrus","status":"publish","type":"page","link":"https:\/\/edition-gl.de\/index.php\/lieder\/petrus\/","title":{"rendered":"PETRUS"},"content":{"rendered":"\n<div class=\"wp-block-cover alignfull\" style=\"min-height:301px;aspect-ratio:unset;\"><img loading=\"lazy\" decoding=\"async\" width=\"1280\" height=\"300\" class=\"wp-block-cover__image-background wp-image-504\" alt=\"\" src=\"https:\/\/edition-gl.de\/wp-content\/uploads\/2024\/12\/PETRUS_Logobanner1200.png\" data-object-fit=\"cover\" srcset=\"https:\/\/edition-gl.de\/wp-content\/uploads\/2024\/12\/PETRUS_Logobanner1200.png 1280w, https:\/\/edition-gl.de\/wp-content\/uploads\/2024\/12\/PETRUS_Logobanner1200-360x84.png 360w, https:\/\/edition-gl.de\/wp-content\/uploads\/2024\/12\/PETRUS_Logobanner1200-768x180.png 768w\" sizes=\"auto, (max-width: 1280px) 100vw, 1280px\" \/><span aria-hidden=\"true\" class=\"wp-block-cover__background has-background-dim-0 has-background-dim\"><\/span><div class=\"wp-block-cover__inner-container is-layout-flow wp-block-cover-is-layout-flow\">\n<p class=\"has-text-align-center\" style=\"font-size:clamp(1.884rem, 1.884rem + ((1vw - 0.2rem) * 2.36), 3.3rem);\"><strong>PETRUS UND DER HAHN<\/strong><\/p>\n<\/div><\/div>\n\n\n\n<div class=\"wp-block-columns alignwide is-layout-flex wp-container-core-columns-is-layout-28f84493 wp-block-columns-is-layout-flex\">\n<div class=\"wp-block-column is-layout-flow wp-block-column-is-layout-flow\" style=\"flex-basis:33.33%\">\n<p><strong>PETRUS <\/strong>Oratorium<br><a href=\"https:\/\/edition-gl.de\/index.php\/projekte\/petrus-und-der-hahn-projekt\/\" data-type=\"page\" data-id=\"604\"><strong>PETRUS<\/strong> Projekt<\/a><\/p>\n\n\n\n<p><strong>PETRUS<\/strong> Live<\/p>\n\n\n\n<p><strong>PETRUS<\/strong> CD<br><strong>PETRUS<\/strong> Noten<\/p>\n<\/div>\n\n\n\n<div class=\"wp-block-column is-layout-flow wp-block-column-is-layout-flow\" style=\"flex-basis:66.67%\"><\/div>\n<\/div>\n\n\n\n<p class=\"has-large-font-size\"><strong>Inhaltsverzeichnis<\/strong><\/p>\n\n\n\n<p>PETRUS- Ouvert\u00fcre <br>Allein der Glaube fehlt<br>Was ist richtig?<br>DU stehst mir vor Augen<br>Du bist gesalbt<br>Der Sinn des Lebens<br>Tu es Petrus<br>Wann soll ich schweigen<br>Gott mit uns! Bist Du mit uns?<br>Nicht im Sturm<br>Lehr mich den kleinen Schritt<br>Bei DIR will ich sein<br>Gott ist kein Gott, der \u00fcber allem steht<br>Begleite mich, Gott<br>Gott gibt mir die Kraft<br>Nicht aus eigener Kraft<br>Vivifica nos<br>Nicht umsonst und nicht vergebens<br>Seht das Kreuz<br>Die T\u00fcr steht weit offen<br>Wohin schickst Du uns?<\/p>\n\n\n\n<div style=\"height:33px\" aria-hidden=\"true\" class=\"wp-block-spacer\"><\/div>\n\n\n\n<p class=\"has-large-font-size\"><strong>PETRUS Projekt<\/strong><\/p>\n\n\n\n<p>Das PETRUS UND DER HAHN &#8211; Projekt wird neu gestartet:<br>27.9.- 5.10.2025 PETRUS Chorprojekt, Karlsruhe<\/p>\n\n\n\n<div style=\"height:25px\" aria-hidden=\"true\" class=\"wp-block-spacer\"><\/div>\n\n\n\n<p class=\"has-large-font-size\"><strong>PETRUS live<\/strong><\/p>\n\n\n\n<p>PETRUS UND DER HAHN wird beim Katholikentag in W\u00fcrzburg (13.-17.5.2026) gespielt<\/p>\n\n\n\n<p class=\"has-medium-font-size\">4.10.2025 PETRUS UND DER HAHN Karlsruhe<\/p>\n\n\n\n<p><\/p>\n\n\n\n<p class=\"has-medium-font-size\">31.10.2026 PETRUS UND DER HAHN  Hollage (Osnabr\u00fcck)<br>1.11.2026 PETRUS UND DER HAHN  Hollage (Osnabr\u00fcck)<\/p>\n\n\n\n<p class=\"has-medium-font-size\">14.11.2026 PETRUS UND DER HAHN  Konstanz<br><br><\/p>\n\n\n\n<div style=\"height:33px\" aria-hidden=\"true\" class=\"wp-block-spacer\"><\/div>\n\n\n\n<p><strong>PETRUS und der Hahn <\/strong>ist das dritte Oratorium von Gregor Lin\u00dfen und wurde als Werk mit der einzigen Vorgabe &#8222;ROM&#8220; als musikalischer Kern der Musikwallfahrt 2007 in Auftrag gegeben. Bei der Suche nach einem Urauff\u00fchrungsort stie\u00df Gregor Lin\u00dfen auf die T\u00fcr von S. Sabina, deren h\u00f6lzerne Reliefs unter anderem die wohl erste bildliche Darstellung des gekreuzigten Christus zeigt. Diese Kirche stand aber als Urauff\u00fchrungsort nicht zur Verf\u00fcgung, weil es <span style=\"text-decoration: underline;\">die<\/span> Hochzeitskirche von Rom ist. Das Symbol der T\u00fcr war aber nun einmal im Kopf und die Suche nach einem sinnigen Ersatzort f\u00fchrte zur T\u00fcr des r\u00f6mischen Senats, die als Mittelteil in der Hauptpforte der Lateranbasilika enthalten ist.<br>Und damit war auch der inhaltliche Kern des Oratoriums gefunden: Was ist die Aufgabe eines Menschen, wie kann ich sie herausfinden und wie soll ich sie erf\u00fcllen. <br>Dank der tatkr\u00e4ftigen Hilfe von Sr. Claudia Cerebelli gelang es 2007, dort an der 2000 Jahre alten T\u00fcr die Urauff\u00fchrung zu verwirklichen und sogar auf Einladung ein Jahr sp\u00e4ter das Oratorium zu wiederholen.<\/p>\n\n\n\n<figure class=\"wp-block-image size-large\"><img loading=\"lazy\" decoding=\"async\" width=\"768\" height=\"300\" src=\"https:\/\/edition-gl.de\/wp-content\/uploads\/2024\/10\/PETRUS_Oratorium_UA2007.jpg\" alt=\"\" class=\"wp-image-188\" srcset=\"https:\/\/edition-gl.de\/wp-content\/uploads\/2024\/10\/PETRUS_Oratorium_UA2007.jpg 768w, https:\/\/edition-gl.de\/wp-content\/uploads\/2024\/10\/PETRUS_Oratorium_UA2007-300x117.jpg 300w\" sizes=\"auto, (max-width: 768px) 100vw, 768px\" \/><\/figure>\n\n\n\n<p style=\"border-style:none;border-width:0px\">Es war nur am Rande die Figur des PETRUS sondern viel mehr der Schrei des HAHNs, der Gregor Lin\u00dfen zu denken gab. Vom Annehmen einer Aufgabe &#8211; und sei sie auch ungewollt zugemutet &#8211; bis zu ihrer Erf\u00fcllung ist mitunter der Weg weit und oft genug will man vielleicht sogar umkehren wie es die Legende &#8222;Quo vadis&#8220; erz\u00e4hlt.<br>Nach der Probenphase n\u00e4herten sich die Wallfahrer des PETRUS Projekts dem Ort der Urauff\u00fchrung im Morgengrauen \u00fcber die Via Appia Antica, vorbei an den in den Stein eingepr\u00e4gten F\u00fc\u00dfen \ud83d\ude09 des vor seiner Aufgabe fliehenden Petrus.<\/p>\n\n\n\n<figure class=\"wp-block-image size-large\"><img loading=\"lazy\" decoding=\"async\" width=\"768\" height=\"300\" src=\"https:\/\/edition-gl.de\/wp-content\/uploads\/2024\/10\/PETRUS_Oratorium_TN2008.jpg\" alt=\"\" class=\"wp-image-187\" srcset=\"https:\/\/edition-gl.de\/wp-content\/uploads\/2024\/10\/PETRUS_Oratorium_TN2008.jpg 768w, https:\/\/edition-gl.de\/wp-content\/uploads\/2024\/10\/PETRUS_Oratorium_TN2008-300x117.jpg 300w\" sizes=\"auto, (max-width: 768px) 100vw, 768px\" \/><\/figure>\n\n\n\n<p>Zwar ist ADAM das meist gespielte Oratorium, PETRUS UND DER HAHN wurde aber in meisten gro\u00dfen Kirchen gespielt. Neben der Lateranbasilika, im Dom zu Speyer und im Dom zu Xanten. Immer mit dabei: eine sechs Meter hohe Videoinstallation der sich \u00f6ffnenden Laterant\u00fcr. <\/p>\n\n\n\n<div style=\"height:13px\" aria-hidden=\"true\" class=\"wp-block-spacer\"><\/div>\n\n\n\n<div class=\"wp-block-group alignwide has-global-padding is-layout-constrained wp-block-group-is-layout-constrained\" style=\"border-style:none;border-width:0px;min-height:0px;margin-top:0;margin-bottom:0\">\n<div class=\"wp-block-columns alignwide is-layout-flex wp-container-core-columns-is-layout-28f84493 wp-block-columns-is-layout-flex\">\n<div class=\"wp-block-column is-layout-flow wp-block-column-is-layout-flow\" style=\"flex-basis:100%\">\n<div class=\"wp-block-columns is-layout-flex wp-container-core-columns-is-layout-28f84493 wp-block-columns-is-layout-flex\">\n<div class=\"wp-block-column is-vertically-aligned-center is-layout-flow wp-block-column-is-layout-flow\" style=\"flex-basis:100%\">\n<figure class=\"wp-block-image aligncenter is-resized\"><img loading=\"lazy\" decoding=\"async\" width=\"683\" height=\"1024\" src=\"https:\/\/edition-gl.de\/wp-content\/uploads\/2024\/12\/2013-05-PETRUS-XA4-683x1024.png\" alt=\"Petrus Xanten\" class=\"wp-image-505\" style=\"width:620px\" srcset=\"https:\/\/edition-gl.de\/wp-content\/uploads\/2024\/12\/2013-05-PETRUS-XA4-683x1024.png 683w, https:\/\/edition-gl.de\/wp-content\/uploads\/2024\/12\/2013-05-PETRUS-XA4-240x360.png 240w, https:\/\/edition-gl.de\/wp-content\/uploads\/2024\/12\/2013-05-PETRUS-XA4-768x1152.png 768w, https:\/\/edition-gl.de\/wp-content\/uploads\/2024\/12\/2013-05-PETRUS-XA4-1024x1536.png 1024w, https:\/\/edition-gl.de\/wp-content\/uploads\/2024\/12\/2013-05-PETRUS-XA4.png 1280w\" sizes=\"auto, (max-width: 683px) 100vw, 683px\" \/><\/figure>\n<\/div>\n<\/div>\n<\/div>\n<\/div>\n<\/div>\n\n\n\n<div class=\"wp-block-cover aligncenter has-parallax has-custom-content-position is-position-bottom-center has-aspect-ratio\" style=\"padding-top:0;padding-right:0;padding-bottom:0;padding-left:0;min-height:100vh;aspect-ratio:auto;min-height:unset;\"><div class=\"wp-block-cover__image-background wp-image-505 has-parallax\" style=\"background-position:50% 50%;background-image:url(https:\/\/edition-gl.de\/wp-content\/uploads\/2024\/12\/2013-05-PETRUS-XA4.png)\"><\/div><span aria-hidden=\"true\" class=\"wp-block-cover__background has-base-background-color has-background-dim-0 has-background-dim\"><\/span><div class=\"wp-block-cover__inner-container has-global-padding is-layout-constrained wp-container-core-cover-is-layout-dedbb937 wp-block-cover-is-layout-constrained\">\n<div class=\"wp-block-group has-global-padding is-layout-constrained wp-block-group-is-layout-constrained\">\n<div style=\"height:0px;width:0px\" aria-hidden=\"true\" class=\"wp-block-spacer\"><\/div>\n<\/div>\n<\/div><\/div>\n\n\n\n<p>PETRUS UND DER HAHN ist der letzte Teil der Oratorien-Trilogie REDE UND ANTWORT, die im Auftrag des Bezirkskantors Leo Langer als Leiter der Musikwerkstatt Freiburg f\u00fcr die drei Musikwallfahrten (1998\/2002\/2007) in Auftrag gegeben wurde.<br><br>Gregor Lin\u00dfen f\u00fchrt heute die Idee des &#8222;auf Reisen singen&#8220; weiter.<\/p>\n\n\n\n<p><a href=\"https:\/\/edition-gl.de\/index.php\/projekte\/die-sieben-gaben-projekt\/\" data-type=\"page\" data-id=\"63\">Die sieben Gaben &#8211; Chortage 2025<\/a><\/p>\n\n\n\n<p><br><\/p>\n\n\n\n<p><\/p>\n","protected":false},"excerpt":{"rendered":"<p>PETRUS OratoriumPETRUS Projekt PETRUS Live PETRUS CDPETRUS Noten Inhaltsverzeichnis PETRUS- Ouvert\u00fcre Allein der Glaube fehltWas ist richtig?DU stehst mir vor AugenDu bist gesalbtDer Sinn des LebensTu es PetrusWann soll ich schweigenGott mit uns! Bist Du mit uns?Nicht im SturmLehr mich den kleinen SchrittBei DIR will ich seinGott ist kein Gott, der \u00fcber allem stehtBegleite mich, [&hellip;]<\/p>\n","protected":false},"author":2,"featured_media":0,"parent":2,"menu_order":0,"comment_status":"closed","ping_status":"closed","template":"","meta":{"footnotes":""},"class_list":["post-742","page","type-page","status-publish","hentry"],"_links":{"self":[{"href":"https:\/\/edition-gl.de\/index.php\/wp-json\/wp\/v2\/pages\/742","targetHints":{"allow":["GET"]}}],"collection":[{"href":"https:\/\/edition-gl.de\/index.php\/wp-json\/wp\/v2\/pages"}],"about":[{"href":"https:\/\/edition-gl.de\/index.php\/wp-json\/wp\/v2\/types\/page"}],"author":[{"embeddable":true,"href":"https:\/\/edition-gl.de\/index.php\/wp-json\/wp\/v2\/users\/2"}],"replies":[{"embeddable":true,"href":"https:\/\/edition-gl.de\/index.php\/wp-json\/wp\/v2\/comments?post=742"}],"version-history":[{"count":4,"href":"https:\/\/edition-gl.de\/index.php\/wp-json\/wp\/v2\/pages\/742\/revisions"}],"predecessor-version":[{"id":1675,"href":"https:\/\/edition-gl.de\/index.php\/wp-json\/wp\/v2\/pages\/742\/revisions\/1675"}],"up":[{"embeddable":true,"href":"https:\/\/edition-gl.de\/index.php\/wp-json\/wp\/v2\/pages\/2"}],"wp:attachment":[{"href":"https:\/\/edition-gl.de\/index.php\/wp-json\/wp\/v2\/media?parent=742"}],"curies":[{"name":"wp","href":"https:\/\/api.w.org\/{rel}","templated":true}]}}