{"id":727,"date":"2025-01-20T21:34:48","date_gmt":"2025-01-20T20:34:48","guid":{"rendered":"https:\/\/edition-gl.de\/?page_id=727"},"modified":"2025-12-11T15:23:50","modified_gmt":"2025-12-11T14:23:50","slug":"adam-projekt","status":"publish","type":"page","link":"https:\/\/edition-gl.de\/index.php\/projekte\/adam-projekt\/","title":{"rendered":"ADAM Projekt"},"content":{"rendered":"\n<div class=\"wp-block-columns alignwide is-layout-flex wp-container-core-columns-is-layout-28f84493 wp-block-columns-is-layout-flex\">\n<div class=\"wp-block-column is-layout-flow wp-block-column-is-layout-flow\" style=\"flex-basis:50%\">\n<p>Das <strong>ADAM<\/strong> <strong>Projekt<\/strong><\/p>\n<\/div>\n\n\n\n<div class=\"wp-block-column is-layout-flow wp-block-column-is-layout-flow\" style=\"flex-basis:50%\"><\/div>\n<\/div>\n\n\n\n<div class=\"wp-block-cover alignfull has-parallax\"><div class=\"wp-block-cover__image-background wp-image-516 has-parallax\" style=\"background-position:50% 50%;background-image:url(https:\/\/edition-gl.de\/wp-content\/uploads\/2024\/12\/2022-ADAM-Hollage.png)\"><\/div><span aria-hidden=\"true\" class=\"wp-block-cover__background has-background-dim-0 has-background-dim\" style=\"background-color:#53385a\"><\/span><div class=\"wp-block-cover__inner-container is-layout-flow wp-block-cover-is-layout-flow\">\n<p class=\"has-text-align-center has-large-font-size\"><\/p>\n<\/div><\/div>\n\n\n\n<p>Das ADAM Projekt begann 2002 unter Leitung von Leo Langer mit der 2. Musikwallfahrt nach Assisi zur Urauff\u00fchrung des Oratoriums in der Basilika San Francesco. Seither waren etwa 400 Menschen daran beteiligt. Es gab \u00fcber 20 Auff\u00fchrungen in ganz Deutschland. Die Corona-Zeit machte einen Neustart n\u00f6tig. Dieser gelang 2022 unter Leitung von Maria Hartelt mit einem Chorprojekt ihrer Gemeinde in Wallenhorst-Hollage. Seither wurde ADAM vier weitere Male gespielt, u.A. in der Alten Oper in Erfurt. <\/p>\n\n\n\n<p>Das Projektchor-Konzept erm\u00f6glicht denen, die ein Oratoriums-Chorprojekt mit Gregor Lin\u00dfen mitgemacht haben, die Auff\u00fchrung bei allen folgenden Auff\u00fchrungen des jeweiligen Oratoriums. F\u00fcr ADAM-S\u00e4nger*innen, die das St\u00fcck seit mehr als zwei Jahren nicht gesungen haben gibt es dann jeweils ein Auffrischungswochenende.<\/p>\n\n\n\n<div style=\"height:6px\" aria-hidden=\"true\" class=\"wp-block-spacer\"><\/div>\n\n\n\n<p><strong>Reaktionen<\/strong><\/p>\n\n\n\n<p><\/p>\n","protected":false},"excerpt":{"rendered":"<p>Das ADAM Projekt Das ADAM Projekt begann 2002 unter Leitung von Leo Langer mit der 2. Musikwallfahrt nach Assisi zur Urauff\u00fchrung des Oratoriums in der Basilika San Francesco. Seither waren etwa 400 Menschen daran beteiligt. Es gab \u00fcber 20 Auff\u00fchrungen in ganz Deutschland. Die Corona-Zeit machte einen Neustart n\u00f6tig. Dieser gelang 2022 unter Leitung von [&hellip;]<\/p>\n","protected":false},"author":2,"featured_media":0,"parent":599,"menu_order":0,"comment_status":"closed","ping_status":"closed","template":"","meta":{"footnotes":""},"class_list":["post-727","page","type-page","status-publish","hentry"],"_links":{"self":[{"href":"https:\/\/edition-gl.de\/index.php\/wp-json\/wp\/v2\/pages\/727","targetHints":{"allow":["GET"]}}],"collection":[{"href":"https:\/\/edition-gl.de\/index.php\/wp-json\/wp\/v2\/pages"}],"about":[{"href":"https:\/\/edition-gl.de\/index.php\/wp-json\/wp\/v2\/types\/page"}],"author":[{"embeddable":true,"href":"https:\/\/edition-gl.de\/index.php\/wp-json\/wp\/v2\/users\/2"}],"replies":[{"embeddable":true,"href":"https:\/\/edition-gl.de\/index.php\/wp-json\/wp\/v2\/comments?post=727"}],"version-history":[{"count":20,"href":"https:\/\/edition-gl.de\/index.php\/wp-json\/wp\/v2\/pages\/727\/revisions"}],"predecessor-version":[{"id":1578,"href":"https:\/\/edition-gl.de\/index.php\/wp-json\/wp\/v2\/pages\/727\/revisions\/1578"}],"up":[{"embeddable":true,"href":"https:\/\/edition-gl.de\/index.php\/wp-json\/wp\/v2\/pages\/599"}],"wp:attachment":[{"href":"https:\/\/edition-gl.de\/index.php\/wp-json\/wp\/v2\/media?parent=727"}],"curies":[{"name":"wp","href":"https:\/\/api.w.org\/{rel}","templated":true}]}}