{"id":7,"date":"2024-10-03T10:26:16","date_gmt":"2024-10-03T08:26:16","guid":{"rendered":"https:\/\/wordpress.p678730.webspaceconfig.de\/?page_id=7"},"modified":"2026-01-09T12:21:17","modified_gmt":"2026-01-09T11:21:17","slug":"gregor-linssen","status":"publish","type":"page","link":"https:\/\/edition-gl.de\/index.php\/gregor-linssen\/","title":{"rendered":"Gregor Lin\u00dfen"},"content":{"rendered":"\n<h2 class=\"wp-block-heading\">Gregor Lin\u00dfen<\/h2>\n\n\n\n<figure class=\"wp-block-image size-full\"><img loading=\"lazy\" decoding=\"async\" width=\"1200\" height=\"800\" src=\"https:\/\/edition-gl.de\/wp-content\/uploads\/2025\/08\/2025_GL_Munster1.jpg\" alt=\"\" class=\"wp-image-1222\" srcset=\"https:\/\/edition-gl.de\/wp-content\/uploads\/2025\/08\/2025_GL_Munster1.jpg 1200w, https:\/\/edition-gl.de\/wp-content\/uploads\/2025\/08\/2025_GL_Munster1-360x240.jpg 360w, https:\/\/edition-gl.de\/wp-content\/uploads\/2025\/08\/2025_GL_Munster1-768x512.jpg 768w\" sizes=\"auto, (max-width: 1200px) 100vw, 1200px\" \/><\/figure>\n\n\n\n<p class=\"wp-elements-1d5152547a212b6a32442ec6a2a176af\">Gregor Lin\u00dfen (*1966) ist ein deutscher Komponist und Liedermacher, der sich vor allem durch seine zeitgen\u00f6ssischen christlich-philosophischen Lieder einen Namen gemacht hat. Seine <strong><a href=\"https:\/\/edition-gl.de\/index.php\/beispiel-seite\/\" data-type=\"page\" data-id=\"2\">Lieder<\/a><\/strong>, die oft in Gottesdiensten und kirchlichen Veranstaltungen gesungen werden, verbinden tiefgehende Gedanken mit eing\u00e4ngigen Melodien. Sein Gesamtwerk ist deshalb einzigartig, weil sich die abendf\u00fcllenden <strong><a href=\"https:\/\/edition-gl.de\/index.php\/lieder\/oratorien\/\" data-type=\"page\" data-id=\"1604\">Oratorien<\/a>, Liederzyklen und Messen<\/strong> in ihrer Vielfalt nicht auf ein Genre reduzieren lassen. Der Essener Domkapellmeister Steffen Schreyer schrieb: <em>Ich habe selten von Komponisten eines Oratoriums den Eindruck gehabt, so unterschiedlich von der Musik mitgenommen zu werden.<\/em><\/p>\n\n\n\n<p class=\"wp-elements-96eda6dcb3502e31826060bac66c2378\">In <strong><a href=\"https:\/\/edition-gl.de\/index.php\/beispiel-seite\/werkkritiken\/\" data-type=\"page\" data-id=\"549\">Konzert- und Werkkritiken<\/a><\/strong> Gregor Lin\u00dfen wurde 2005 in der <em>FAZ<\/em> als <em>&#8222;profiliertester Vertreter des Neuen Geistlichen Lieds&#8220;<\/em> bezeichnet, in der <em>Badischen Zeitung<\/em> als <em>&#8222;Andrew Lloyd Webber der Kirchenh\u00e4user&#8220; <\/em>, in der <em>Neuen Osnabr\u00fccker Zeitung<\/em> als <em>&#8222;Oratorien-Komponist&#8220;<\/em>. Alles hat seine Bewandnis. <\/p>\n\n\n\n<figure class=\"wp-block-image size-full is-resized\"><img loading=\"lazy\" decoding=\"async\" width=\"476\" height=\"516\" src=\"http:\/\/edition-gl.de\/wp-content\/uploads\/2024\/10\/GL2018\u00a9Zimmermann.png\" alt=\"\" class=\"wp-image-52\" style=\"width:649px;height:auto\" srcset=\"https:\/\/edition-gl.de\/wp-content\/uploads\/2024\/10\/GL2018\u00a9Zimmermann.png 476w, https:\/\/edition-gl.de\/wp-content\/uploads\/2024\/10\/GL2018\u00a9Zimmermann-277x300.png 277w\" sizes=\"auto, (max-width: 476px) 100vw, 476px\" \/><\/figure>\n\n\n\n<p class=\"wp-elements-87f965584c666339c010f0db2d96103c\">Einige seiner Liedtexte sind als rein lyrische Werke in der Frankfurter Bibliothek f\u00fcr zeitgen\u00f6ssische Lyrik erschienen. 2005 schrieb er f\u00fcr den Weltjugendtag in Deutschland deren offizielle Hymne <strong><a href=\"https:\/\/edition-gl.de\/?page_id=574\" data-type=\"page\" data-id=\"574\">Venimus adorare eum<\/a><\/strong>, 2010 war er musikalischer Leiter der Er\u00f6ffnung des \u00f6kumenischen Kirchentags und 2015 der internationalen Ministranten-Rom-Wallfahrt.<\/p>\n\n\n\n<p>Gregor Lin\u00dfen ist kein Kirchenmusiker, sondern ein freier Musiker in der Kirche. Er ist kein Theologe, hat aber mit vielen frei denkenden evangelischen wie katholischen Priestern und Theologen diskutiert und zusammen gearbeitet. Er sieht <em>Kirche als Forum eines freien Gedankenaustausches<\/em>. Sein Anliegen ist, den Wert von Kirche als Gemeinschaft suchender Menschen aufzuzeigen und diesen auch f\u00fcr kirchenferne Menschen interessant zu machen. Er m\u00f6chte dazu beitragen, dass sich die verschlossenen T\u00fcren einer traditionellen Glaubenswahrheit soweit \u00f6ffnen, dass sich ein Begegnungsraum unter gleichberechtigten Menschen ergibt. Seine Oratorien inszeniert er meist wie klassisches Theater, in dem diese dennoch die Intention von Gottesdienst behalten.<\/p>\n\n\n\n<p class=\"wp-elements-34dda319ef9034b261eecad9ed291ef5\">Im Hintergrund hat Gregor Lin\u00dfen ein Diplomstudium als Ton- und Bildingenieur, das ihn dazu bef\u00e4higt, seine Konzerte mit Licht- und Videotechnik als Gesamtkunstwerk aus Raum, Klang und Botschaft zu planen und zu inszenieren. Seine Veranstaltungen sind vergleichbar mit heutigen Konzerterlebnissen. Auch kennt er dadurch das Handwerkszeug um in Eigenregie <strong><a href=\"https:\/\/edition-gl.de\/index.php\/songvideo\/\" data-type=\"page\" data-id=\"556\">Songvideos<\/a><\/strong> zu drehen. Videopatenschaften unterst\u00fctzen sein Werk.<\/p>\n\n\n\n<div class=\"wp-block-cover alignwide has-parallax\"><div role=\"img\" aria-label=\"Inszenierung DIE SPUR VON MORGEN 2023 |\u00a0Karlsruhe | \" class=\"wp-block-cover__image-background wp-image-114 has-parallax\" style=\"background-position:50% 50%;background-image:url(https:\/\/edition-gl.de\/wp-content\/uploads\/2024\/10\/IMG_0912-1024x768.jpeg)\"><\/div><span aria-hidden=\"true\" class=\"wp-block-cover__background has-background-dim-0 has-background-dim\"><\/span><div class=\"wp-block-cover__inner-container is-layout-flow wp-block-cover-is-layout-flow\">\n<p class=\"has-text-align-center has-large-font-size\"><\/p>\n<\/div><\/div>\n\n\n\n<p class=\"has-contrast-color has-text-color wp-elements-b323d569d18bcd8cb02360f7284b38f3\">Seine langj\u00e4hrigen Erfahrungen stellt er als <a href=\"https:\/\/edition-gl.de\/index.php\/dienstleistungen\/\" data-type=\"page\" data-id=\"429\"><strong>Dienstleistung<\/strong><\/a> zur Verf\u00fcgung als Technik-Referent und -Berater sowie als technischer Konzert- und Aufnahmemeister (Beschallung, Licht) auch f\u00fcr fremde Konzerte. <\/p>\n\n\n\n<p class=\"wp-elements-43dba2a3140811bc2912d58ec1554849\">Auch mit <a href=\"https:\/\/edition-gl.de\/?page_id=575\" data-type=\"page\" data-id=\"575\"><strong>Illuminationen<\/strong><\/a> (Innen und Au\u00dfen) und -Installationen schafft er Orte die zum Nachdenken, Wundern und Staunen anregen.<\/p>\n\n\n\n<p class=\"wp-elements-e38dc39f3d851e039e31fdebab12047e\">In seinen <a href=\"https:\/\/edition-gl.de\/wp-content\/uploads\/2024\/10\/Mitsingen.jpg\" data-type=\"attachment\" data-id=\"144\"><strong>Chor-Workshops<\/strong><\/a> und &#8211;<a href=\"https:\/\/edition-gl.de\/index.php\/programme\/\" data-type=\"page\" data-id=\"25\"><strong>Projekten<\/strong><\/a> vermittelt er neben den musikalischen Mitteln <em>(Perkussives Singen)<\/em>, auch den philosophischen Inhalt seiner Lieder.<\/p>\n\n\n\n<p class=\"wp-elements-525f0094e2b38c92e7e01ca9b9b7e48a\">In Neuss hat sich im <strong><a href=\"https:\/\/edition-gl.de\/index.php\/projekte\/choralcanto\/\" data-type=\"page\" data-id=\"633\">CHORALCANTO<\/a><\/strong> ein st\u00e4ndiges Mitwirkungsangebot etabliert. Derzeit bilden 30 S\u00e4nger*innen aus dem r\u00e4umlichen Viereck K\u00f6ln, Krefeld, Wuppertal, Essen den Kernchor f\u00fcr die Chorkonzerte und Oratorien.<\/p>\n\n\n\n<div class=\"wp-block-contact-form-7-contact-form-selector\">\n<div class=\"wpcf7 no-js\" id=\"wpcf7-f706-o1\" lang=\"de-DE\" dir=\"ltr\" data-wpcf7-id=\"706\">\n<div class=\"screen-reader-response\"><p role=\"status\" aria-live=\"polite\" aria-atomic=\"true\"><\/p> <ul><\/ul><\/div>\n<form action=\"\/index.php\/wp-json\/wp\/v2\/pages\/7#wpcf7-f706-o1\" method=\"post\" class=\"wpcf7-form init\" aria-label=\"Kontaktformular\" novalidate=\"novalidate\" data-status=\"init\">\n<fieldset class=\"hidden-fields-container\"><input type=\"hidden\" name=\"_wpcf7\" value=\"706\" \/><input type=\"hidden\" name=\"_wpcf7_version\" value=\"6.1.5\" \/><input type=\"hidden\" name=\"_wpcf7_locale\" value=\"de_DE\" \/><input type=\"hidden\" name=\"_wpcf7_unit_tag\" value=\"wpcf7-f706-o1\" \/><input type=\"hidden\" name=\"_wpcf7_container_post\" value=\"0\" \/><input type=\"hidden\" name=\"_wpcf7_posted_data_hash\" value=\"\" \/><input type=\"hidden\" name=\"_wpcf7_recaptcha_response\" value=\"\" \/>\n<\/fieldset>\n<p><label> Name<br \/>\n<span class=\"wpcf7-form-control-wrap\" data-name=\"your-name\"><input size=\"40\" maxlength=\"400\" class=\"wpcf7-form-control wpcf7-text wpcf7-validates-as-required\" autocomplete=\"name\" aria-required=\"true\" aria-invalid=\"false\" value=\"\" type=\"text\" name=\"your-name\" \/><\/span> <\/label>\n<\/p>\n<p><label> E-Mail-Adresse<br \/>\n<span class=\"wpcf7-form-control-wrap\" data-name=\"your-email\"><input size=\"40\" maxlength=\"400\" class=\"wpcf7-form-control wpcf7-email wpcf7-validates-as-required wpcf7-text wpcf7-validates-as-email\" autocomplete=\"email\" aria-required=\"true\" aria-invalid=\"false\" value=\"\" type=\"email\" name=\"your-email\" \/><\/span> <\/label>\n<\/p>\n<p><label> Betreff<br \/>\n<span class=\"wpcf7-form-control-wrap\" data-name=\"your-subject\"><input size=\"40\" maxlength=\"400\" class=\"wpcf7-form-control wpcf7-text wpcf7-validates-as-required\" aria-required=\"true\" aria-invalid=\"false\" value=\"\" type=\"text\" name=\"your-subject\" \/><\/span> <\/label>\n<\/p>\n<p><label> Nachricht<br \/>\n<span class=\"wpcf7-form-control-wrap\" data-name=\"your-message\"><textarea cols=\"40\" rows=\"10\" maxlength=\"2000\" class=\"wpcf7-form-control wpcf7-textarea\" aria-invalid=\"false\" name=\"your-message\"><\/textarea><\/span> <\/label>\n<\/p>\n<p><input class=\"wpcf7-form-control wpcf7-submit has-spinner\" type=\"submit\" value=\"Senden\" \/>\n<\/p><div class=\"wpcf7-response-output\" aria-hidden=\"true\"><\/div>\n<\/form>\n<\/div>\n<\/div>\n\n\n\n<div style=\"height:50px\" aria-hidden=\"true\" class=\"wp-block-spacer\"><\/div>\n\n\n\n<figure class=\"wp-block-image alignwide\"><img loading=\"lazy\" decoding=\"async\" width=\"1200\" height=\"400\" src=\"https:\/\/edition-gl.de\/wp-content\/uploads\/2025\/03\/Illumination1200.jpg\" alt=\"\" class=\"wp-image-947\" srcset=\"https:\/\/edition-gl.de\/wp-content\/uploads\/2025\/03\/Illumination1200.jpg 1200w, https:\/\/edition-gl.de\/wp-content\/uploads\/2025\/03\/Illumination1200-360x120.jpg 360w, https:\/\/edition-gl.de\/wp-content\/uploads\/2025\/03\/Illumination1200-768x256.jpg 768w\" sizes=\"auto, (max-width: 1200px) 100vw, 1200px\" \/><\/figure>\n\n\n\n<p><strong>Anmerkung zum Namen<\/strong> <strong>in Kapitalen<\/strong><br>Alte Dokumenten der Familiengeschichte haben gezeigt, dass das &#8222;<em>\u00df<\/em>&#8220; im Namen eigentlich ein <em>&#8222;hs&#8220;<\/em> ist. <br>Die Gro\u00dfschreibung GREGOR LINHSEN ist richtig und wird als K\u00fcnstlername genutzt f\u00fcr Illuminationen und Kunstprojekte genutzt.<\/p>\n","protected":false},"excerpt":{"rendered":"<p>Gregor Lin\u00dfen Gregor Lin\u00dfen (*1966) ist ein deutscher Komponist und Liedermacher, der sich vor allem durch seine zeitgen\u00f6ssischen christlich-philosophischen Lieder einen Namen gemacht hat. Seine Lieder, die oft in Gottesdiensten und kirchlichen Veranstaltungen gesungen werden, verbinden tiefgehende Gedanken mit eing\u00e4ngigen Melodien. Sein Gesamtwerk ist deshalb einzigartig, weil sich die abendf\u00fcllenden Oratorien, Liederzyklen und Messen in [&hellip;]<\/p>\n","protected":false},"author":2,"featured_media":0,"parent":0,"menu_order":0,"comment_status":"closed","ping_status":"closed","template":"","meta":{"footnotes":""},"class_list":["post-7","page","type-page","status-publish","hentry"],"_links":{"self":[{"href":"https:\/\/edition-gl.de\/index.php\/wp-json\/wp\/v2\/pages\/7","targetHints":{"allow":["GET"]}}],"collection":[{"href":"https:\/\/edition-gl.de\/index.php\/wp-json\/wp\/v2\/pages"}],"about":[{"href":"https:\/\/edition-gl.de\/index.php\/wp-json\/wp\/v2\/types\/page"}],"author":[{"embeddable":true,"href":"https:\/\/edition-gl.de\/index.php\/wp-json\/wp\/v2\/users\/2"}],"replies":[{"embeddable":true,"href":"https:\/\/edition-gl.de\/index.php\/wp-json\/wp\/v2\/comments?post=7"}],"version-history":[{"count":32,"href":"https:\/\/edition-gl.de\/index.php\/wp-json\/wp\/v2\/pages\/7\/revisions"}],"predecessor-version":[{"id":1608,"href":"https:\/\/edition-gl.de\/index.php\/wp-json\/wp\/v2\/pages\/7\/revisions\/1608"}],"wp:attachment":[{"href":"https:\/\/edition-gl.de\/index.php\/wp-json\/wp\/v2\/media?parent=7"}],"curies":[{"name":"wp","href":"https:\/\/api.w.org\/{rel}","templated":true}]}}