{"id":633,"date":"2024-12-28T16:24:58","date_gmt":"2024-12-28T15:24:58","guid":{"rendered":"https:\/\/edition-gl.de\/?page_id=633"},"modified":"2026-01-19T11:59:02","modified_gmt":"2026-01-19T10:59:02","slug":"choralcanto","status":"publish","type":"page","link":"https:\/\/edition-gl.de\/index.php\/projekte\/choralcanto\/","title":{"rendered":"CHORALCANTO"},"content":{"rendered":"\n<h2 class=\"wp-block-heading\">CHORALCANTO<\/h2>\n\n\n\n<p>Der CHOR ALCANTO ist das st\u00e4ndige Chorprojekt, das Gregor Lin\u00dfen in Neuss anbietet. Es bildet den Kernchor der Oratorien. CHORALCANTO singt mindestens zwei Gottesdienste in der Gemeinde und Konzerte in ganz Deutschland.<\/p>\n\n\n\n<p>Die Proben sind donnerstags au\u00dferhalb der NRW Ferien<br>19.45 <sup>c.t.<\/sup> -21.30 <sup>c.t.<\/sup>| Pfarrsaal Hl. Dreik\u00f6nige |&nbsp;<\/p>\n\n\n\n<p>Kontakt<br><a href=\"mailto:choralcanto@edition-gl.de\">choralcanto@edition-gl.de<\/a><\/p>\n\n\n\n<div class=\"wp-block-cover alignfull has-parallax\"><div class=\"wp-block-cover__image-background wp-image-541 has-parallax\" style=\"background-position:50% 50%;background-image:url(https:\/\/edition-gl.de\/wp-content\/uploads\/2024\/10\/2024_DankGedenken.png)\"><\/div><span aria-hidden=\"true\" class=\"wp-block-cover__background has-background-dim-0 has-background-dim\"><\/span><div class=\"wp-block-cover__inner-container is-layout-flow wp-block-cover-is-layout-flow\">\n<p class=\"has-text-align-center has-large-font-size\"><\/p>\n<\/div><\/div>\n\n\n\n<p><br>Notenkenntnisse sind vorteilhaft, aber nicht zwingend notwendig.<br>Wichtiger ist, eine Melodie durch Vorsingen-Nachsingen schnell zu erfassen und sauber nachzusingen.<\/p>\n\n\n\n<p>Jeder kann zun\u00e4chst uneingeschr\u00e4nkt mitproben. Nach 4 Proben wird beiderseits entschieden, ob das recht hohe Probentempo passt. Im Repertoire sind etwa 100 Lieder von Gregor Lin\u00dfen, die vor Konzerten nur kurz geprobt werden. Neu Mitsingende werden aber mit besonderem Augenmerk und ggf. mit Sonderproben in den Chor eingebunden. <\/p>\n\n\n\n<p>Regelm\u00e4\u00dfige Probenteilnahme wird vorrausgesetzt. <\/p>\n\n\n\n<p>Gregor Lin\u00dfen singt und spielt in ganz Deutschland. <br>Reisebereitschaft und die Lust auf gemeinschaftliche Erlebnisse sind n\u00f6tig. <\/p>\n\n\n\n<p>Der Chorbeitrag betr\u00e4gt 10-20 \u20ac&nbsp;je Halb-Jahres-Projekt. <br>(U27 sind vom Chorbeitrag freigestellt).<\/p>\n\n\n\n<p>Dazu kommt die \u00dcbernahme der eigenen Reise- ggf. auch \u00dcbernachtungskosten. Die Fahrtkosten f\u00fcr Auszubildende und Studierende werden vom Chor getragen.<\/p>\n\n\n\n<p>Notenbeitrag je nach Literatur<\/p>\n\n\n\n<div style=\"height:35px\" aria-hidden=\"true\" class=\"wp-block-spacer\"><\/div>\n\n\n\n<p class=\"has-small-font-size\">Alle Termine unter Vorbehalt<\/p>\n\n\n\n<p class=\"has-large-font-size\"><strong>CHORALCANTO Programm<\/strong> <strong>2026<\/strong><\/p>\n\n\n\n<p>Alle Termine unter Vorbehalt<\/p>\n\n\n\n<figure class=\"wp-block-table\"><table class=\"has-fixed-layout\"><tbody><tr><td><br><strong>Datum<\/strong> |&nbsp;<strong>DO 19.45 Uhr <\/strong><sup>c.t.<\/sup><br><\/td><td><strong>Repertoire<\/strong><\/td><\/tr><tr><td>15.1. &#8211; 5.2.<\/td><td>Projekt 1 (ChAC Konzert 2026) <\/td><\/tr><tr><td><s>12.2.<\/s> Altweiber<\/td><td><\/td><\/tr><tr><td>19.2. &#8211; 26.3.<\/td><td>Projekt 1<\/td><\/tr><tr><td><em>NRW Osterferien<\/em><\/td><td><\/td><\/tr><tr><td>16.4.<\/td><td>Projekt 1<\/td><\/tr><tr><td>SA 18. oder SO 19.4. ???<\/td><td>Die sieben Gaben &#8211; Probentag??<\/td><\/tr><tr><td><s>23.4.<\/s> + <s>30.4.<\/s><\/td><td><\/td><\/tr><tr><td>7.5. |\u00a0<strong>19.00 Uhr !!!<\/strong><\/td><td>Hauptprobe PETRUS-Projekt<\/td><\/tr><tr><td><em>13.- 17.5.2026<\/em><\/td><td><em>KATHOLIKENTAG W\u00fcrzburg<\/em><\/td><\/tr><tr><td><strong>FR 15.5.2026<\/strong><\/td><td><strong>PETRUS W\u00fcrzburg<\/strong><\/td><\/tr><tr><td>21.5.<\/td><td>Hauptprobe DIE SIEBEN GABEN<\/td><\/tr><tr><td><strong>SA 23.5.2026<\/strong><\/td><td><strong>DIE SIEBEN GABEN<\/strong><\/td><\/tr><tr><td>11.6. &#8211; 25.6.<\/td><td>Projekt 1<\/td><\/tr><tr><td><strong>SA 27.6.2026<\/strong><\/td><td><strong>CHORALCANTO Konzert 2026<\/strong><\/td><\/tr><tr><td>2.7.<\/td><td>Schnupperprobe DANK &amp; GEDENKEN<\/td><\/tr><tr><td><s>9.7.+16.7.<\/s> <\/td><td><\/td><\/tr><tr><td><em>NRW Sommerferien<\/em><\/td><td><\/td><\/tr><tr><td>28.8.-30.8.<\/td><td>CHORALCANTO Wochenende<\/td><\/tr><tr><td>3.9. &#8211; 24.9.<\/td><td>Projekt 2: DANK &amp; GEDENKEN<\/td><\/tr><tr><td>8.+15.10.<\/td><td>Projekt 2: DANK &amp; GEDENKEN<\/td><\/tr><tr><td>14.10.<\/td><td>Hauptprobe PETRUS-Projekt <\/td><\/tr><tr><td><strong>SA<\/strong> <strong>31.10.2026<\/strong><\/td><td><strong>PETRUS Wallenhorst 1<\/strong><\/td><\/tr><tr><td><strong>SO<\/strong> <strong>1.11.2026<\/strong><\/td><td><strong>PETRUS Wallenhorst 2<\/strong><\/td><\/tr><tr><td><s>8.11.<\/s><\/td><td><\/td><\/tr><tr><td><strong>SA<\/strong> <strong>14.11.2026<\/strong><\/td><td><strong>PETRUS Konstanz<\/strong><\/td><\/tr><tr><td>19.11.<\/td><td>GP DANK &amp; GEDENKEN<\/td><\/tr><tr><td><strong>SO 22.11.2026<\/strong><\/td><td><strong>DANK &amp; GEDENKEN <\/strong>(Projekt 2)<\/td><\/tr><tr><td>26.11. &#8211; 17.12<\/td><td>Projekt Bethlehem<\/td><\/tr><tr><td><strong>DO 17.12.2026<\/strong><\/td><td><strong>Licht von Bethlehem<\/strong><\/td><\/tr><\/tbody><\/table><\/figure>\n\n\n\n<div style=\"height:57px\" aria-hidden=\"true\" class=\"wp-block-spacer\"><\/div>\n\n\n\n<p class=\"has-large-font-size\"><strong>Die Geschichte des CHOR-AL-CANTO<\/strong><\/p>\n\n\n\n<p class=\"has-medium-font-size\">Die Geschichte des Choralcanto beginnt Ende 1995 mit einer Idee von Michael Landsky, dem Regionalkantor f\u00fcr den Rhein-Kreis Neuss. Wie w\u00e4re es, einen Chor unter der Leitung von zwei Chorspezialisten anzubieten, der die damaligen musikalischen Grenzen der Kirchenmusik aufhebt: &#8222;CHORAL-CANTO&#8220; und &#8222;CHOR-ALCANTO&#8220;? Er fragt den NGL-Dozenten Gregor Lin\u00dfen an, den er aus der Zeit seiner Kantorenstelle in der Gemeinde St. Martinus in Kaarst kennt und den er zuvor zum Mitsingen bei einer CD-Aufnahme von gregorianischem Choral angefragt hatte. Und Gregor Lin\u00dfen l\u00e4sst sich gerne darauf ein. In Freundschaft und mit Freude am gegenseitigen Lernen entsteht unter der Leitung der beiden ehrenamtlichen Chorleiter ein einzigartiger Chor mit einem selten breiten Repertoire von Gregorianik bis <em>Gregori-Linhsik<\/em>. <br>In einem ersten Projekt kommt es mit dem &#8222;Konzert an der Rose von Neviges&#8220; 1997 zur Urform der heutigen moderierten KINDER DES LICHTS Konzerte.<\/p>\n\n\n\n<p class=\"has-medium-font-size\">2018 musste Michael Landsky sein ehrenamtliches Engagement aus gesundheitlichen Gr\u00fcnden aufgeben. Seitdem wurde der CHOR-ALCANTO zu einem spezialisierten Chor f\u00fcr die Musik von Gregor Lin\u00dfen, der jedoch auch wieder in das traditionelle Repertoire greifen kann.<\/p>\n\n\n\n<figure class=\"wp-block-image size-large\"><img loading=\"lazy\" decoding=\"async\" width=\"729\" height=\"1024\" src=\"https:\/\/edition-gl.de\/wp-content\/uploads\/2025\/06\/ChACplakat1997web-729x1024.jpg\" alt=\"\" class=\"wp-image-1170\" srcset=\"https:\/\/edition-gl.de\/wp-content\/uploads\/2025\/06\/ChACplakat1997web-729x1024.jpg 729w, https:\/\/edition-gl.de\/wp-content\/uploads\/2025\/06\/ChACplakat1997web-256x360.jpg 256w, https:\/\/edition-gl.de\/wp-content\/uploads\/2025\/06\/ChACplakat1997web-768x1079.jpg 768w, https:\/\/edition-gl.de\/wp-content\/uploads\/2025\/06\/ChACplakat1997web-1093x1536.jpg 1093w, https:\/\/edition-gl.de\/wp-content\/uploads\/2025\/06\/ChACplakat1997web.jpg 1200w\" sizes=\"auto, (max-width: 729px) 100vw, 729px\" \/><\/figure>\n","protected":false},"excerpt":{"rendered":"<p>CHORALCANTO Der CHOR ALCANTO ist das st\u00e4ndige Chorprojekt, das Gregor Lin\u00dfen in Neuss anbietet. Es bildet den Kernchor der Oratorien. CHORALCANTO singt mindestens zwei Gottesdienste in der Gemeinde und Konzerte in ganz Deutschland. Die Proben sind donnerstags au\u00dferhalb der NRW Ferien19.45 c.t. -21.30 c.t.| Pfarrsaal Hl. Dreik\u00f6nige |&nbsp; Kontaktchoralcanto@edition-gl.de Notenkenntnisse sind vorteilhaft, aber nicht zwingend [&hellip;]<\/p>\n","protected":false},"author":2,"featured_media":0,"parent":599,"menu_order":0,"comment_status":"closed","ping_status":"closed","template":"","meta":{"footnotes":"[]"},"class_list":["post-633","page","type-page","status-publish","hentry"],"_links":{"self":[{"href":"https:\/\/edition-gl.de\/index.php\/wp-json\/wp\/v2\/pages\/633","targetHints":{"allow":["GET"]}}],"collection":[{"href":"https:\/\/edition-gl.de\/index.php\/wp-json\/wp\/v2\/pages"}],"about":[{"href":"https:\/\/edition-gl.de\/index.php\/wp-json\/wp\/v2\/types\/page"}],"author":[{"embeddable":true,"href":"https:\/\/edition-gl.de\/index.php\/wp-json\/wp\/v2\/users\/2"}],"replies":[{"embeddable":true,"href":"https:\/\/edition-gl.de\/index.php\/wp-json\/wp\/v2\/comments?post=633"}],"version-history":[{"count":28,"href":"https:\/\/edition-gl.de\/index.php\/wp-json\/wp\/v2\/pages\/633\/revisions"}],"predecessor-version":[{"id":1610,"href":"https:\/\/edition-gl.de\/index.php\/wp-json\/wp\/v2\/pages\/633\/revisions\/1610"}],"up":[{"embeddable":true,"href":"https:\/\/edition-gl.de\/index.php\/wp-json\/wp\/v2\/pages\/599"}],"wp:attachment":[{"href":"https:\/\/edition-gl.de\/index.php\/wp-json\/wp\/v2\/media?parent=633"}],"curies":[{"name":"wp","href":"https:\/\/api.w.org\/{rel}","templated":true}]}}