{"id":63,"date":"2024-10-07T12:57:33","date_gmt":"2024-10-07T10:57:33","guid":{"rendered":"https:\/\/wordpress.p678730.webspaceconfig.de\/?page_id=63"},"modified":"2026-02-02T18:29:36","modified_gmt":"2026-02-02T17:29:36","slug":"die-sieben-gaben-projekt","status":"publish","type":"page","link":"https:\/\/edition-gl.de\/index.php\/projekte\/die-sieben-gaben-projekt\/","title":{"rendered":"DIE SIEBEN GABEN -Projekt"},"content":{"rendered":"\n<div class=\"wp-block-cover alignfull has-parallax\"><div class=\"wp-block-cover__image-background wp-image-77 has-parallax\" style=\"background-position:50% 50%;background-image:url(https:\/\/edition-gl.de\/wp-content\/uploads\/2024\/10\/DsG24_illumination5-683x1024.jpg)\"><\/div><span aria-hidden=\"true\" class=\"wp-block-cover__background has-background-dim-0 has-background-dim\"><\/span><div class=\"wp-block-cover__inner-container is-layout-flow wp-block-cover-is-layout-flow\">\n<p class=\"has-text-align-center has-large-font-size\"><\/p>\n<\/div><\/div>\n\n\n\n<p><\/p>\n\n\n\n<p class=\"has-large-font-size\"><strong>Das DIE SIEBEN GABEN Projekt<\/strong><\/p>\n\n\n\n<p class=\"has-medium-font-size\">Das Oratorium DIE SIEBEN GABEN ist als Friedensgebet f\u00fcr die Pfingstnacht geschrieben. Die Liedtexte bedenken die Geistesgaben als Grundlage f\u00fcr ein friedliches Zusammenleben von uns Menschen. Die Gemeinschaft der Singenden im Projekt, aus dem sich jedes Jahr in der Pfingstnacht irgendwo in Deutschland der Chor bildet, w\u00e4chst seit der chorischen Urauff\u00fchrung 2022. <br>Gregor Lin\u00dfen bietet immer wieder die DIE SIEBEN GABEN Chortage an. Innerhalb von 8 Tagen wird das Oratorium musikalisch erarbeitet und inhaltlich durchdacht. In die Tage eingebettet sind Morgen- und Abendimpulse und mindestens eine gro\u00dfe Wanderung. Am Ende steht eine kleine Auff\u00fchrung des Werks.<br>Dabei sucht Gregor Lin\u00dfen besondere Orte. Die Wanderung bei den Chortagen im August 2026. f\u00fchrte zu einem Mittagsgebet am Altar im Xantener Dom. Die erste Auff\u00fchrung der Neuen im Projekt wird 2026 die <strong>Auff\u00fchrung im K\u00f6lner Dom<\/strong>. <\/p>\n\n\n\n<p><\/p>\n\n\n\n<p><\/p>\n\n\n\n<p><strong>Wie wird man<\/strong> <strong>Teil der DIE SIEBEN GABEN Gemeinde?<\/strong><\/p>\n\n\n\n<p><em>Gibt es auch unabh\u00e4ngig von den selten ausgeschriebenen CHORTAGEN <\/em><br><em>oder davon unabh\u00e4ngig f\u00fcr einen ganzen Chor die M\u00f6glichkeit in das DIE-SIEBEN-GABEN-Projekt einzusteigen <\/em>?<\/p>\n\n\n\n<p>JA. Ein Chor (ab 20 Personen), der sich dem DsG-Projekt anschlie\u00dfen m\u00f6chte und der f\u00fcr sich absch\u00e4tzt, dass 20 Lieder in 18 Proben machbar sind, kann sich eine Werkwoche in die eigene Gemeinde holen. <\/p>\n\n\n\n<p>FR-SO + 5 Abendproben + SA\/SO <br><br>Notwendig ist dann die \u00dcbernahme von Fahrtkosten und die \u00dcbernachtung und Verpflegung f\u00fcr bis zu 2 Personen (auch privat). Die Projektgeb\u00fchr pro Person betr\u00e4gt 50 \u20ac. <br>Ein Termin wird dann gemeinsam gefunden. Der Chor profitiert von der hochkar\u00e4tigen Probenarbeit , die gleichzeitig den Workshop &#8222;Perkussives Singen&#8220; enth\u00e4lt. <br>Wenn die Werkwoche offen ausgeschrieben wird entsteht die M\u00f6glichkeit neue Chormitglieder f\u00fcr sich zu gewinnen.<\/p>\n\n\n\n<p><br>Anfragen interessierter Ch\u00f6re an: choranfrage@editiongl.de<\/p>\n\n\n\n<div style=\"height:35px\" aria-hidden=\"true\" class=\"wp-block-spacer\"><\/div>\n","protected":false},"excerpt":{"rendered":"<p>Das DIE SIEBEN GABEN Projekt Das Oratorium DIE SIEBEN GABEN ist als Friedensgebet f\u00fcr die Pfingstnacht geschrieben. Die Liedtexte bedenken die Geistesgaben als Grundlage f\u00fcr ein friedliches Zusammenleben von uns Menschen. Die Gemeinschaft der Singenden im Projekt, aus dem sich jedes Jahr in der Pfingstnacht irgendwo in Deutschland der Chor bildet, w\u00e4chst seit der chorischen [&hellip;]<\/p>\n","protected":false},"author":2,"featured_media":0,"parent":599,"menu_order":0,"comment_status":"closed","ping_status":"closed","template":"","meta":{"footnotes":""},"class_list":["post-63","page","type-page","status-publish","hentry"],"_links":{"self":[{"href":"https:\/\/edition-gl.de\/index.php\/wp-json\/wp\/v2\/pages\/63","targetHints":{"allow":["GET"]}}],"collection":[{"href":"https:\/\/edition-gl.de\/index.php\/wp-json\/wp\/v2\/pages"}],"about":[{"href":"https:\/\/edition-gl.de\/index.php\/wp-json\/wp\/v2\/types\/page"}],"author":[{"embeddable":true,"href":"https:\/\/edition-gl.de\/index.php\/wp-json\/wp\/v2\/users\/2"}],"replies":[{"embeddable":true,"href":"https:\/\/edition-gl.de\/index.php\/wp-json\/wp\/v2\/comments?post=63"}],"version-history":[{"count":41,"href":"https:\/\/edition-gl.de\/index.php\/wp-json\/wp\/v2\/pages\/63\/revisions"}],"predecessor-version":[{"id":1644,"href":"https:\/\/edition-gl.de\/index.php\/wp-json\/wp\/v2\/pages\/63\/revisions\/1644"}],"up":[{"embeddable":true,"href":"https:\/\/edition-gl.de\/index.php\/wp-json\/wp\/v2\/pages\/599"}],"wp:attachment":[{"href":"https:\/\/edition-gl.de\/index.php\/wp-json\/wp\/v2\/media?parent=63"}],"curies":[{"name":"wp","href":"https:\/\/api.w.org\/{rel}","templated":true}]}}