{"id":604,"date":"2024-12-28T13:21:23","date_gmt":"2024-12-28T12:21:23","guid":{"rendered":"https:\/\/edition-gl.de\/?page_id=604"},"modified":"2026-02-03T19:22:46","modified_gmt":"2026-02-03T18:22:46","slug":"petrus-und-der-hahn-projekt","status":"publish","type":"page","link":"https:\/\/edition-gl.de\/index.php\/projekte\/petrus-und-der-hahn-projekt\/","title":{"rendered":"PETRUS &#8211; Projekt"},"content":{"rendered":"\n<h2 class=\"wp-block-heading\">PETRUS-Projekt 2025<\/h2>\n\n\n\n<figure class=\"wp-block-image\"><img loading=\"lazy\" decoding=\"async\" width=\"768\" height=\"300\" src=\"https:\/\/edition-gl.de\/wp-content\/uploads\/2024\/10\/PETRUS_Oratorium_TN2008.jpg\" alt=\"\" class=\"wp-image-187\" srcset=\"https:\/\/edition-gl.de\/wp-content\/uploads\/2024\/10\/PETRUS_Oratorium_TN2008.jpg 768w, https:\/\/edition-gl.de\/wp-content\/uploads\/2024\/10\/PETRUS_Oratorium_TN2008-300x117.jpg 300w\" sizes=\"auto, (max-width: 768px) 100vw, 768px\" \/><\/figure>\n\n\n\n<div class=\"wp-block-buttons is-layout-flex wp-block-buttons-is-layout-flex\">\n<div class=\"wp-block-button\"><a class=\"wp-block-button__link wp-element-button\" href=\"https:\/\/edition-gl.de\/?page_id=1535\">Zum internen PETRUS Projekt Archiv<\/a><\/div>\n<\/div>\n\n\n\n<p>PETRUS UND DER HAHN wurde von Leo Langer als musikalisches Werk f\u00fcr die dritte Musikwallfahrt der Musik-Werkstatt-Freiburg in Auftrag gegeben und ist der dritte Teil der Oratorien-Trilogie REDE UND ANTWORT.<\/p>\n\n\n\n<p>2007 trafen sich 120 Menschen guten Willens im Kloster Hegne am Bodensee und starteten mit 2 Bussen zur PETRUS-Wallfahrt mit dem Ziel der Urauff\u00fchrung in der Lateranbasilika in Rom.<\/p>\n\n\n\n<p>Auf Einladung zu einer Wiederholung kam es 2008 zu einer zweiten Wallfahrt und einer Auff\u00fchrung an der 2000 Jahre alten Pforte des Lateran.<\/p>\n\n\n\n<p>Seither wurde PETRUS UND DER HAHN von den Teilnehmern der Wallfahrten und weiteren PETRUS-Projekten in ganz Deutschland im Original gespielt. 2012 kam es im Konzertsaal Rosengarten zur Auff\u00fchrung der ganzen Oratorien-Trilogie an drei aufeinanderfolgenden Abenden.<\/p>\n\n\n\n<p>Die Auff\u00fchrung zum Jahrged\u00e4chtnis f\u00fcr Leo Langer am 4.10.2025 in Karlsruhe wurde mit 140 S\u00e4nger*innen zur gr\u00f6\u00dfen der bisherigen Auff\u00fchrungen und St. Michael zu einem der wenigen Orte, an denen alle drei Teile der Oratorien-Trilogie REDE UND ANTWORT gespielt wurden. <\/p>\n\n\n\n<figure class=\"wp-block-image size-full\"><img loading=\"lazy\" decoding=\"async\" width=\"1280\" height=\"300\" src=\"https:\/\/edition-gl.de\/wp-content\/uploads\/2025\/02\/PETRUS_Logobanner1200.png\" alt=\"\" class=\"wp-image-817\" srcset=\"https:\/\/edition-gl.de\/wp-content\/uploads\/2025\/02\/PETRUS_Logobanner1200.png 1280w, https:\/\/edition-gl.de\/wp-content\/uploads\/2025\/02\/PETRUS_Logobanner1200-360x84.png 360w, https:\/\/edition-gl.de\/wp-content\/uploads\/2025\/02\/PETRUS_Logobanner1200-768x180.png 768w\" sizes=\"auto, (max-width: 1280px) 100vw, 1280px\" \/><\/figure>\n\n\n\n<p><strong>MITSINGEN<\/strong><\/p>\n\n\n\n<p>Die weiteren PETRUS Auff\u00fchrungen sind:<\/p>\n\n\n\n<p>Katholikentag W\u00fcrzburg<br>Genaueres auf der internen Infoseite <\/p>\n\n\n\n<div class=\"wp-block-buttons is-layout-flex wp-block-buttons-is-layout-flex\">\n<div class=\"wp-block-button\"><a class=\"wp-block-button__link has-background wp-element-button\" href=\"https:\/\/edition-gl.de\/index.php\/projekte\/petrus-und-der-hahn-projekt\/petrus-2026-wurzburg\/\" style=\"background-color:#278100\">Info &amp; Anmeldung zum Mitsingen<\/a><\/div>\n<\/div>\n\n\n\n<p><\/p>\n\n\n\n<p>In Wallenhorst bei Osnabr\u00fccker hat am 10.1.26 ein PETRUS Projekt begonnen, das hat eine Doppelauff\u00fchrung zum Ziel:<\/p>\n\n\n\n<p>31.10. + 1.11.2026 |&nbsp;Wallenhorst |&nbsp;St. Alexander<\/p>\n\n\n\n<div class=\"wp-block-buttons is-layout-flex wp-block-buttons-is-layout-flex\">\n<div class=\"wp-block-button\"><a class=\"wp-block-button__link wp-element-button\">Anmeldung noch nicht freigeschaltet<\/a><\/div>\n<\/div>\n\n\n\n<p><\/p>\n\n\n\n<p>14 Tage sp\u00e4ter folgt eine Auff\u00fchrung im Konstanzer M\u00fcnster. Eine Gelegenheit ein Wochenende am Bodensee zu verbringen.<\/p>\n\n\n\n<p>14.11.2026 | Konstanz | M\u00fcnster<\/p>\n\n\n\n<div class=\"wp-block-buttons is-layout-flex wp-block-buttons-is-layout-flex\">\n<div class=\"wp-block-button\"><a class=\"wp-block-button__link wp-element-button\">Anmeldung noch nicht freigeschaltet<\/a><\/div>\n<\/div>\n\n\n\n<p><\/p>\n","protected":false},"excerpt":{"rendered":"<p>PETRUS-Projekt 2025 PETRUS UND DER HAHN wurde von Leo Langer als musikalisches Werk f\u00fcr die dritte Musikwallfahrt der Musik-Werkstatt-Freiburg in Auftrag gegeben und ist der dritte Teil der Oratorien-Trilogie REDE UND ANTWORT. 2007 trafen sich 120 Menschen guten Willens im Kloster Hegne am Bodensee und starteten mit 2 Bussen zur PETRUS-Wallfahrt mit dem Ziel der [&hellip;]<\/p>\n","protected":false},"author":2,"featured_media":0,"parent":599,"menu_order":0,"comment_status":"closed","ping_status":"closed","template":"","meta":{"footnotes":""},"class_list":["post-604","page","type-page","status-publish","hentry"],"_links":{"self":[{"href":"https:\/\/edition-gl.de\/index.php\/wp-json\/wp\/v2\/pages\/604","targetHints":{"allow":["GET"]}}],"collection":[{"href":"https:\/\/edition-gl.de\/index.php\/wp-json\/wp\/v2\/pages"}],"about":[{"href":"https:\/\/edition-gl.de\/index.php\/wp-json\/wp\/v2\/types\/page"}],"author":[{"embeddable":true,"href":"https:\/\/edition-gl.de\/index.php\/wp-json\/wp\/v2\/users\/2"}],"replies":[{"embeddable":true,"href":"https:\/\/edition-gl.de\/index.php\/wp-json\/wp\/v2\/comments?post=604"}],"version-history":[{"count":42,"href":"https:\/\/edition-gl.de\/index.php\/wp-json\/wp\/v2\/pages\/604\/revisions"}],"predecessor-version":[{"id":1677,"href":"https:\/\/edition-gl.de\/index.php\/wp-json\/wp\/v2\/pages\/604\/revisions\/1677"}],"up":[{"embeddable":true,"href":"https:\/\/edition-gl.de\/index.php\/wp-json\/wp\/v2\/pages\/599"}],"wp:attachment":[{"href":"https:\/\/edition-gl.de\/index.php\/wp-json\/wp\/v2\/media?parent=604"}],"curies":[{"name":"wp","href":"https:\/\/api.w.org\/{rel}","templated":true}]}}