{"id":575,"date":"2025-12-04T15:13:23","date_gmt":"2025-12-04T14:13:23","guid":{"rendered":"https:\/\/edition-gl.de\/?page_id=575"},"modified":"2025-12-05T20:46:41","modified_gmt":"2025-12-05T19:46:41","slug":"illuminationen","status":"publish","type":"page","link":"https:\/\/edition-gl.de\/index.php\/buchen\/illuminationen\/","title":{"rendered":"Illuminationen"},"content":{"rendered":"\n<p class=\"has-large-font-size\">Erleben von Raum und Zeit<\/p>\n\n\n\n<p>Unter dem K\u00fcnstlernamen GREG LINHSEN entstehen gro\u00dfformatige Licht-Kunst-Events in R\u00e4umen und an besonderen Orten.<\/p>\n\n\n\n<p>Dabei ist sein Ansatz der des <em>&#8222;Entbergens&#8220;<\/em> wie es ihn der K\u00fcnstlerpater Wilhelm Pfeil gelehrt hat: <em>&#8222;Jeder Ort und jedes Ding erz\u00e4hlt eine Geschichte. Lese die Spuren und erz\u00e4hle die Geschichte weiter.&#8220; <\/em><\/p>\n\n\n\n<div class=\"wp-block-buttons is-layout-flex wp-block-buttons-is-layout-flex\">\n<div class=\"wp-block-button\"><a class=\"wp-block-button__link wp-element-button\" href=\"https:\/\/edition-gl.de\/index.php\/buchen\/\">Illumination anfragen<\/a><\/div>\n<\/div>\n\n\n\n<div style=\"height:24px\" aria-hidden=\"true\" class=\"wp-block-spacer\"><\/div>\n\n\n\n<p>2017 <strong>Die S\u00e4ulen der Welt<\/strong><\/p>\n\n\n\n<figure class=\"wp-block-image size-large\"><img loading=\"lazy\" decoding=\"async\" width=\"1534\" height=\"1024\" src=\"https:\/\/edition-gl.de\/wp-content\/uploads\/2025\/12\/PGP1205-1534x1024.jpg\" alt=\"\" class=\"wp-image-1514\"\/><\/figure>\n\n\n\n<div style=\"height:12px\" aria-hidden=\"true\" class=\"wp-block-spacer\"><\/div>\n\n\n\n<p>2019 <strong>Sch\u00f6pfung<\/strong><\/p>\n\n\n\n<figure class=\"wp-block-image size-full\"><img loading=\"lazy\" decoding=\"async\" width=\"768\" height=\"300\" src=\"https:\/\/edition-gl.de\/wp-content\/uploads\/2025\/12\/Illumination-Walldorf-0.jpg\" alt=\"\" class=\"wp-image-1512\" srcset=\"https:\/\/edition-gl.de\/wp-content\/uploads\/2025\/12\/Illumination-Walldorf-0.jpg 768w, https:\/\/edition-gl.de\/wp-content\/uploads\/2025\/12\/Illumination-Walldorf-0-360x141.jpg 360w\" sizes=\"auto, (max-width: 768px) 100vw, 768px\" \/><\/figure>\n\n\n\n<div style=\"height:0px\" aria-hidden=\"true\" class=\"wp-block-spacer\"><\/div>\n\n\n\n<div style=\"height:12px\" aria-hidden=\"true\" class=\"wp-block-spacer\"><\/div>\n\n\n\n<p>2020 <strong>Geheimnis des Glaubens<\/strong> <\/p>\n\n\n\n<figure class=\"wp-block-image size-large\"><img loading=\"lazy\" decoding=\"async\" width=\"1857\" height=\"1024\" src=\"https:\/\/edition-gl.de\/wp-content\/uploads\/2025\/12\/Illumination_Siegburg1-1857x1024.png\" alt=\"\" class=\"wp-image-1511\" srcset=\"https:\/\/edition-gl.de\/wp-content\/uploads\/2025\/12\/Illumination_Siegburg1-1857x1024.png 1857w, https:\/\/edition-gl.de\/wp-content\/uploads\/2025\/12\/Illumination_Siegburg1-360x199.png 360w, https:\/\/edition-gl.de\/wp-content\/uploads\/2025\/12\/Illumination_Siegburg1-768x423.png 768w, https:\/\/edition-gl.de\/wp-content\/uploads\/2025\/12\/Illumination_Siegburg1-1536x847.png 1536w, https:\/\/edition-gl.de\/wp-content\/uploads\/2025\/12\/Illumination_Siegburg1-2048x1129.png 2048w\" sizes=\"auto, (max-width: 1857px) 100vw, 1857px\" \/><\/figure>\n\n\n\n<div style=\"height:12px\" aria-hidden=\"true\" class=\"wp-block-spacer\"><\/div>\n\n\n\n<p>2020 <strong>Der Apfel<\/strong><\/p>\n\n\n\n<figure class=\"wp-block-image size-large\"><img loading=\"lazy\" decoding=\"async\" width=\"1365\" height=\"1024\" src=\"https:\/\/edition-gl.de\/wp-content\/uploads\/2025\/12\/2020-Der-Apfel-1365x1024.jpg\" alt=\"\" class=\"wp-image-1469\" srcset=\"https:\/\/edition-gl.de\/wp-content\/uploads\/2025\/12\/2020-Der-Apfel-1365x1024.jpg 1365w, https:\/\/edition-gl.de\/wp-content\/uploads\/2025\/12\/2020-Der-Apfel-360x270.jpg 360w, https:\/\/edition-gl.de\/wp-content\/uploads\/2025\/12\/2020-Der-Apfel-768x576.jpg 768w, https:\/\/edition-gl.de\/wp-content\/uploads\/2025\/12\/2020-Der-Apfel-1536x1152.jpg 1536w, https:\/\/edition-gl.de\/wp-content\/uploads\/2025\/12\/2020-Der-Apfel-2048x1536.jpg 2048w\" sizes=\"auto, (max-width: 1365px) 100vw, 1365px\" \/><\/figure>\n\n\n\n<div style=\"height:10px\" aria-hidden=\"true\" class=\"wp-block-spacer\"><\/div>\n\n\n\n<p>2022 <strong>Gedenken<\/strong><\/p>\n\n\n\n<figure class=\"wp-block-image size-full\"><img loading=\"lazy\" decoding=\"async\" width=\"1200\" height=\"900\" src=\"https:\/\/edition-gl.de\/wp-content\/uploads\/2025\/07\/2024_Illumination.png\" alt=\"\" class=\"wp-image-1208\" srcset=\"https:\/\/edition-gl.de\/wp-content\/uploads\/2025\/07\/2024_Illumination.png 1200w, https:\/\/edition-gl.de\/wp-content\/uploads\/2025\/07\/2024_Illumination-360x270.png 360w, https:\/\/edition-gl.de\/wp-content\/uploads\/2025\/07\/2024_Illumination-768x576.png 768w\" sizes=\"auto, (max-width: 1200px) 100vw, 1200px\" \/><\/figure>\n\n\n\n<div style=\"height:9px\" aria-hidden=\"true\" class=\"wp-block-spacer\"><\/div>\n\n\n\n<p>2023 <strong>In der Wand<\/strong><\/p>\n\n\n\n<figure class=\"wp-block-gallery has-nested-images columns-1 is-cropped wp-block-gallery-1 is-layout-flex wp-block-gallery-is-layout-flex\">\n<figure class=\"wp-block-image size-large\"><img loading=\"lazy\" decoding=\"async\" width=\"1920\" height=\"1011\" data-id=\"1470\" src=\"https:\/\/edition-gl.de\/wp-content\/uploads\/2025\/12\/InderWand1n-1920x1011.png\" alt=\"\" class=\"wp-image-1470\" srcset=\"https:\/\/edition-gl.de\/wp-content\/uploads\/2025\/12\/InderWand1n-1920x1011.png 1920w, https:\/\/edition-gl.de\/wp-content\/uploads\/2025\/12\/InderWand1n-360x190.png 360w, https:\/\/edition-gl.de\/wp-content\/uploads\/2025\/12\/InderWand1n-768x404.png 768w, https:\/\/edition-gl.de\/wp-content\/uploads\/2025\/12\/InderWand1n-1536x809.png 1536w, https:\/\/edition-gl.de\/wp-content\/uploads\/2025\/12\/InderWand1n-2048x1078.png 2048w\" sizes=\"auto, (max-width: 1920px) 100vw, 1920px\" \/><\/figure>\n\n\n\n<figure class=\"wp-block-image aligncenter size-large\"><img loading=\"lazy\" decoding=\"async\" width=\"1739\" height=\"1024\" data-id=\"1471\" src=\"https:\/\/edition-gl.de\/wp-content\/uploads\/2025\/12\/InderWand1-1-1739x1024.png\" alt=\"\" class=\"wp-image-1471\" srcset=\"https:\/\/edition-gl.de\/wp-content\/uploads\/2025\/12\/InderWand1-1-1739x1024.png 1739w, https:\/\/edition-gl.de\/wp-content\/uploads\/2025\/12\/InderWand1-1-360x212.png 360w, https:\/\/edition-gl.de\/wp-content\/uploads\/2025\/12\/InderWand1-1-768x452.png 768w, https:\/\/edition-gl.de\/wp-content\/uploads\/2025\/12\/InderWand1-1-1536x904.png 1536w, https:\/\/edition-gl.de\/wp-content\/uploads\/2025\/12\/InderWand1-1-2048x1206.png 2048w\" sizes=\"auto, (max-width: 1739px) 100vw, 1739px\" \/><\/figure>\n\n\n\n<figure class=\"wp-block-image size-large\"><img loading=\"lazy\" decoding=\"async\" width=\"1200\" height=\"831\" data-id=\"1472\" src=\"https:\/\/edition-gl.de\/wp-content\/uploads\/2025\/12\/Zugspitze0-1.png\" alt=\"\" class=\"wp-image-1472\" srcset=\"https:\/\/edition-gl.de\/wp-content\/uploads\/2025\/12\/Zugspitze0-1.png 1200w, https:\/\/edition-gl.de\/wp-content\/uploads\/2025\/12\/Zugspitze0-1-360x249.png 360w, https:\/\/edition-gl.de\/wp-content\/uploads\/2025\/12\/Zugspitze0-1-768x532.png 768w\" sizes=\"auto, (max-width: 1200px) 100vw, 1200px\" \/><\/figure>\n<\/figure>\n\n\n\n<p><\/p>\n","protected":false},"excerpt":{"rendered":"<p>Erleben von Raum und Zeit Unter dem K\u00fcnstlernamen GREG LINHSEN entstehen gro\u00dfformatige Licht-Kunst-Events in R\u00e4umen und an besonderen Orten. Dabei ist sein Ansatz der des &#8222;Entbergens&#8220; wie es ihn der K\u00fcnstlerpater Wilhelm Pfeil gelehrt hat: &#8222;Jeder Ort und jedes Ding erz\u00e4hlt eine Geschichte. Lese die Spuren und erz\u00e4hle die Geschichte weiter.&#8220; 2017 Die S\u00e4ulen der [&hellip;]<\/p>\n","protected":false},"author":2,"featured_media":0,"parent":426,"menu_order":0,"comment_status":"closed","ping_status":"closed","template":"","meta":{"footnotes":""},"class_list":["post-575","page","type-page","status-publish","hentry"],"_links":{"self":[{"href":"https:\/\/edition-gl.de\/index.php\/wp-json\/wp\/v2\/pages\/575","targetHints":{"allow":["GET"]}}],"collection":[{"href":"https:\/\/edition-gl.de\/index.php\/wp-json\/wp\/v2\/pages"}],"about":[{"href":"https:\/\/edition-gl.de\/index.php\/wp-json\/wp\/v2\/types\/page"}],"author":[{"embeddable":true,"href":"https:\/\/edition-gl.de\/index.php\/wp-json\/wp\/v2\/users\/2"}],"replies":[{"embeddable":true,"href":"https:\/\/edition-gl.de\/index.php\/wp-json\/wp\/v2\/comments?post=575"}],"version-history":[{"count":7,"href":"https:\/\/edition-gl.de\/index.php\/wp-json\/wp\/v2\/pages\/575\/revisions"}],"predecessor-version":[{"id":1516,"href":"https:\/\/edition-gl.de\/index.php\/wp-json\/wp\/v2\/pages\/575\/revisions\/1516"}],"up":[{"embeddable":true,"href":"https:\/\/edition-gl.de\/index.php\/wp-json\/wp\/v2\/pages\/426"}],"wp:attachment":[{"href":"https:\/\/edition-gl.de\/index.php\/wp-json\/wp\/v2\/media?parent=575"}],"curies":[{"name":"wp","href":"https:\/\/api.w.org\/{rel}","templated":true}]}}