{"id":462,"date":"2024-12-08T22:38:24","date_gmt":"2024-12-08T21:38:24","guid":{"rendered":"https:\/\/edition-gl.de\/?page_id=462"},"modified":"2026-03-13T19:44:30","modified_gmt":"2026-03-13T18:44:30","slug":"die-sieben-gaben","status":"publish","type":"page","link":"https:\/\/edition-gl.de\/index.php\/lieder\/die-sieben-gaben\/","title":{"rendered":"Die sieben Gaben"},"content":{"rendered":"\n<figure class=\"wp-block-image aligncenter\"><img loading=\"lazy\" decoding=\"async\" width=\"600\" height=\"150\" src=\"https:\/\/edition-gl.de\/wp-content\/uploads\/2024\/10\/D7G_Banner.png\" alt=\"\" class=\"wp-image-148\" srcset=\"https:\/\/edition-gl.de\/wp-content\/uploads\/2024\/10\/D7G_Banner.png 600w, https:\/\/edition-gl.de\/wp-content\/uploads\/2024\/10\/D7G_Banner-300x75.png 300w\" sizes=\"auto, (max-width: 600px) 100vw, 600px\" \/><\/figure>\n\n\n\n<p>Das f\u00fcnfte Oratorium von Gregor Lin\u00dfen hat \u2013 anders als die ersten vier \u2013 einen liturgischen Charakter. Das Werk ist ein Friedensgebet f\u00fcr die Pfingstnacht. Die Intention ist, die dritte gro\u00dfe Nacht der christlichen Religion als begeisterndes Fest erlebbar zu machen. Das Fest der Aussch\u00fcttung des Geistes und gleichzeitig das Fest der gelungenen Verst\u00e4ndigung unter Menschen. Gregor Lin\u00dfen spielt das St\u00fcck mit dem <strong>Die sieben Gaben &#8211; Projekt<\/strong> jede Pfingstnacht als alternative Pfingstvigil.<\/p>\n\n\n\n<p>2022 Gelsenkirchen, Propstei St. Augustinus<br><a href=\"https:\/\/edition-gl.de\/index.php\/lieder\/die-sieben-gaben\/die-sieben-gaben-2023\/\" data-type=\"page\" data-id=\"1710\">2023 Neuss, Hl Dreik\u00f6nige<\/a><br><a href=\"https:\/\/edition-gl.de\/index.php\/lieder\/die-sieben-gaben\/die-sieben-gaben-2024\/\" data-type=\"page\" data-id=\"1701\">2024 Essen, Dom<\/a><br><a href=\"https:\/\/edition-gl.de\/index.php\/lieder\/die-sieben-gaben\/die-sieben-gaben-2025\/\" data-type=\"page\" data-id=\"1005\">2025 Kaarst, St. Martinus<\/a><\/p>\n\n\n\n<p><a href=\"https:\/\/edition-gl.de\/index.php\/lieder\/die-sieben-gaben\/die-sieben-gaben-2026\/\" data-type=\"page\" data-id=\"1741\">2026 K\u00f6lner Dom<\/a><\/p>\n\n\n\n<p>Das Pfingst-Oratorium&nbsp;<strong><em>Die sieben Gaben&nbsp;<\/em><\/strong>basiert auf einem Text aus dem alten Testament, aufgeschrieben vom Propheten Jesaja im Kapitel 11:<\/p>\n\n\n\n<p><em>Der Geist des Herrn l\u00e4sst sich nieder auf ihm: der Geist der Weisheit und der Einsicht, der Geist des Rates und der St\u00e4rke, der Geist der Erkenntnis und der Gottesfurcht.<\/em><\/p>\n\n\n\n<p>Gregor Lin\u00dfen interpretiert den Text als Potential der menschlichen M\u00f6glichkeiten. Der Mensch ist als einziges Lebewesen mit sch\u00f6pferischem Geist begabt. Dieser erm\u00f6glicht ihm, die erw\u00e4hnten sechs Geistesgaben zu entwickeln. Die traditionelle Zahlenmystik erg\u00e4nzt die Anzahl der Gaben auf sieben. Die bei Jesaja unerw\u00e4hnte siebte Gabe l\u00e4sst Platz f\u00fcr eine Interpretation. Gregor Lin\u00dfen folgt hier einer Idee von Rhabanus Magnus, einem Philosophen aus dem 9. Jahrhundert und sieht darin die Gabe zur Vision, die Gabe der Weitsicht. <\/p>\n\n\n\n<div class=\"wp-block-cover alignwide has-parallax has-custom-content-position is-position-center-left\"><div role=\"img\" aria-label=\"Die sieben Gaben_HG7\" class=\"wp-block-cover__image-background wp-image-476 has-parallax\" style=\"background-position:50% 50%;background-image:url(https:\/\/edition-gl.de\/wp-content\/uploads\/2024\/12\/DsG_HG7_1200.png)\"><\/div><span aria-hidden=\"true\" class=\"wp-block-cover__background has-background-dim-30 has-background-dim\" style=\"background-color:#2724f2\"><\/span><div class=\"wp-block-cover__inner-container has-global-padding is-layout-constrained wp-container-core-cover-is-layout-0ae8127e wp-block-cover-is-layout-constrained\">\n<figure class=\"wp-block-pullquote has-text-align-left\" style=\"margin-top:0;margin-right:0;margin-bottom:0;margin-left:0;padding-top:0;padding-right:var(--wp--preset--spacing--20);padding-bottom:0;padding-left:var(--wp--preset--spacing--20);font-size:clamp(1.146rem, 1.146rem + ((1vw - 0.2rem) * 1.09), 1.8rem);\"><blockquote><p><em>Der Geist der Weisheit, der Erkenntnis und Einsicht,&nbsp;<br>der Geist der Gottesfurcht, des Rats und der St\u00e4rke<br>wecke in uns die Gabe der Weitsicht auf das Ziel unserer Werke:<br>Die Vision einer neuen Welt.<\/em><\/p><cite><em>aus dem Oratorium &#8222;Die sieben Gaben&#8220; von Gregor Lin\u00dfen<\/em><\/cite><\/blockquote><\/figure>\n<\/div><\/div>\n\n\n\n<p class=\"has-small-font-size\"><\/p>\n\n\n\n<p>Die Gabe der Weitsicht hilft dem Menschen, das Ziel seines Strebens zu sehen und die Folgen seines Tuns im Voraus zu bedenken. Mit allen Gaben zusammen hat der Mensch die M\u00f6glichkeit zur Schaffung einer gerechten Welt.<\/p>\n\n\n\n<p>Und so ist die Vision des Oratoriums&nbsp;<strong><em>Die sieben Gaben&nbsp;<\/em><\/strong>das Streben nach Gerechtigkeit. Durch die Verbindung zu neutestamentalischen Erz\u00e4hlungen deutet der Autor an, dass er pers\u00f6nlich der christlichen Interpretation der Vision des Propheten Jesaja folgt. Das Werk gibt aber bewusst keine Antworten oder beschreibt Handlungsanweisungen. Es zeigt nur die gottgegebenen M\u00f6glichkeiten des Menschen auf und mahnt, diese zum Wohl der gesamten Sch\u00f6pfung einzusetzen.<\/p>\n\n\n\n<p><strong><em>Die sieben Gaben&nbsp;<\/em><\/strong>sind eine Aufforderung, sich der Geistesgaben in sich bewusst zu werden und mit ihnen an der Verwirklichung der Vision einer gerechten Welt zu arbeiten. Der Lohn der Gerechtigkeit ist Frieden, wie es in einem anderen jesajanischen Bild hei\u00dft.<\/p>\n\n\n\n<p>Und so endet das St\u00fcck in der Willenbekundung der Singenden den Frieden zu suchen und alles daf\u00fcr zu tun, dass er bleibt. Wie schwer das in der Gemeinschaft aller Menschen ist, zeigen die Kriege im Jemen und der Ukraine, die schon w\u00e4hrend der Urauf\u00fchrung tobten. Der ewige Frieden ist der Wirklichkeit Gottes vorbehalten, die mit den 12 Glockenschl\u00e4ge des Finales symbolisiert werden.<\/p>\n\n\n\n<div class=\"wp-block-cover alignwide has-parallax\"><div class=\"wp-block-cover__image-background wp-image-382 has-parallax\" style=\"background-position:50% 50%;background-image:url(https:\/\/edition-gl.de\/wp-content\/uploads\/2024\/10\/DsG24_Morgenrot7-683x1024.jpg)\"><\/div><span aria-hidden=\"true\" class=\"wp-block-cover__background has-background-dim-0 has-background-dim\"><\/span><div class=\"wp-block-cover__inner-container is-layout-flow wp-block-cover-is-layout-flow\">\n<p class=\"has-text-align-center has-contrast-color has-text-color has-link-color has-large-font-size wp-elements-956b567da656efa0693d9a7fe14d2682\"><\/p>\n<\/div><\/div>\n\n\n\n<p>Reaktionen zum Oratorium DIE SIEBEN GABEN 2024 im Essener Dom<\/p>\n\n\n\n<p><em>&#8222;Das Oratorium DIE SIEBEN GABEN komprimiert eine satte Firmvorbereitung in h\u00f6chst h\u00f6renswerter und zutiefst ber\u00fchrender Form auf einen schlanken sp\u00e4ten Abend.&nbsp;Mir fehlt die Fantasie, wie man die Gaben des Geistes treffender, k\u00fcrzer und moderner fassen k\u00f6nnte.<\/em> <em>Es macht mich gl\u00fccklich, Abende wie den gestrigen erleben zu d\u00fcrfen. Gregor Lin\u00dfen hat die Gabe, nicht nur das Wesentliche zu betonen, sondern dazu auch eine Musik zu komponieren, die beim Behalten und Vertiefen ein Maximum an Hilfeleistung bietet. Damit ist sein Wirken ein unsch\u00e4tzbares Geschenk sowohl f\u00fcr den einzelnen Menschen als auch f\u00fcr die Gro\u00dfgemeinde und alle kleinen Ver\u00e4stelungen.<\/em>&#8222;<\/p>\n\n\n\n<p class=\"has-small-font-size\" style=\"font-style:italic;font-weight:100\">Tim Wollenhaupt (Firmkatechet, Essen)<\/p>\n\n\n\n<div style=\"height:30px\" aria-hidden=\"true\" class=\"wp-block-spacer\"><\/div>\n\n\n\n<p>&#8222;<em>Die Komposition des Oratoriums DIE SIEBEN GABEN von Gregor Lin\u00dfen hat mich sehr beeindruckt. Muss man doch beim Singen seiner Lieder manchmal den Taschenrechner zu Hilfe nehmen, um die Rhythmisierung zu verstehen, fand ich beim Zuh\u00f6ren seiner Musik, wie einfach, \u00fcberhaupt nicht banal und verschiedenartig die Musik zu genie\u00dfen ist. Ich habe selten von Komponisten eines Oratoriums den Eindruck gehabt, so unterschiedlich von der Musik mitgenommen zu werden. Die Band hat toll gespielt, die Lichtinstallation in der Apsis fand ich der Musik sehr angemessen.<\/em>&#8222;<\/p>\n\n\n\n<p class=\"has-small-font-size\" style=\"font-style:italic;font-weight:100\"><br>Steffen Schreyer (Domkapellmeister am Essener Dom)<\/p>\n\n\n\n<div style=\"height:38px\" aria-hidden=\"true\" class=\"wp-block-spacer\"><\/div>\n\n\n\n<p>Das Oratorium in Ihrem Bistum?<\/p>\n\n\n\n<p>Jetzt f\u00fcr 2027 \/ 2028 per Mail anfragen:   <a href=\"mailto:dsg@edition-gl.de\">dsg@edition-gl.de<\/a><\/p>\n\n\n\n<p><\/p>\n\n\n\n<p><\/p>\n","protected":false},"excerpt":{"rendered":"<p>Das f\u00fcnfte Oratorium von Gregor Lin\u00dfen hat \u2013 anders als die ersten vier \u2013 einen liturgischen Charakter. Das Werk ist ein Friedensgebet f\u00fcr die Pfingstnacht. Die Intention ist, die dritte gro\u00dfe Nacht der christlichen Religion als begeisterndes Fest erlebbar zu machen. Das Fest der Aussch\u00fcttung des Geistes und gleichzeitig das Fest der gelungenen Verst\u00e4ndigung unter [&hellip;]<\/p>\n","protected":false},"author":2,"featured_media":148,"parent":2,"menu_order":0,"comment_status":"closed","ping_status":"closed","template":"","meta":{"footnotes":""},"class_list":["post-462","page","type-page","status-publish","has-post-thumbnail","hentry"],"_links":{"self":[{"href":"https:\/\/edition-gl.de\/index.php\/wp-json\/wp\/v2\/pages\/462","targetHints":{"allow":["GET"]}}],"collection":[{"href":"https:\/\/edition-gl.de\/index.php\/wp-json\/wp\/v2\/pages"}],"about":[{"href":"https:\/\/edition-gl.de\/index.php\/wp-json\/wp\/v2\/types\/page"}],"author":[{"embeddable":true,"href":"https:\/\/edition-gl.de\/index.php\/wp-json\/wp\/v2\/users\/2"}],"replies":[{"embeddable":true,"href":"https:\/\/edition-gl.de\/index.php\/wp-json\/wp\/v2\/comments?post=462"}],"version-history":[{"count":20,"href":"https:\/\/edition-gl.de\/index.php\/wp-json\/wp\/v2\/pages\/462\/revisions"}],"predecessor-version":[{"id":1760,"href":"https:\/\/edition-gl.de\/index.php\/wp-json\/wp\/v2\/pages\/462\/revisions\/1760"}],"up":[{"embeddable":true,"href":"https:\/\/edition-gl.de\/index.php\/wp-json\/wp\/v2\/pages\/2"}],"wp:featuredmedia":[{"embeddable":true,"href":"https:\/\/edition-gl.de\/index.php\/wp-json\/wp\/v2\/media\/148"}],"wp:attachment":[{"href":"https:\/\/edition-gl.de\/index.php\/wp-json\/wp\/v2\/media?parent=462"}],"curies":[{"name":"wp","href":"https:\/\/api.w.org\/{rel}","templated":true}]}}