{"id":429,"date":"2024-12-03T16:14:56","date_gmt":"2024-12-03T15:14:56","guid":{"rendered":"https:\/\/edition-gl.de\/?page_id=429"},"modified":"2025-02-06T22:24:09","modified_gmt":"2025-02-06T21:24:09","slug":"dienstleistungen","status":"publish","type":"page","link":"https:\/\/edition-gl.de\/index.php\/dienstleistungen\/","title":{"rendered":"DIENSTLEISTUNGEN"},"content":{"rendered":"\n<div class=\"wp-block-group alignfull has-background has-global-padding is-layout-constrained wp-container-core-group-is-layout-669513ed wp-block-group-is-layout-constrained\" style=\"background-color:#d99c3d;margin-top:0;margin-bottom:0;padding-top:var(--wp--preset--spacing--50);padding-right:var(--wp--preset--spacing--50);padding-bottom:var(--wp--preset--spacing--50);padding-left:var(--wp--preset--spacing--50)\">\n<div class=\"wp-block-columns alignwide is-layout-flex wp-container-core-columns-is-layout-28f84493 wp-block-columns-is-layout-flex\">\n<div class=\"wp-block-column is-layout-flow wp-block-column-is-layout-flow\" style=\"flex-basis:40%\">\n<p class=\"wp-container-content-0733e5d0\">Dienstleistungen&nbsp;\u2013 \u00dcbersicht<\/p>\n\n\n\n<ul class=\"wp-block-list\">\n<li><strong>Konzerte &amp; Workshops<\/strong><\/li>\n<\/ul>\n\n\n\n<p><\/p>\n\n\n\n<ul class=\"wp-block-list\">\n<li><strong>EDITION GL kulturtechnik<\/strong>\n<ul class=\"wp-block-list\">\n<li>Konzertbetreuung <br>LICHT | TON |\u00a0B\u00dcHNE<\/li>\n\n\n\n<li>Konzert AUFNAHME | STREAM<\/li>\n\n\n\n<li>Technische BERATUNG f\u00fcr Kirchenr\u00e4ume<\/li>\n\n\n\n<li>Veranstatungs-KONZEPTE<\/li>\n\n\n\n<li>Objekt- &amp; Architektur-ILLUMINATION<\/li>\n<\/ul>\n<\/li>\n<\/ul>\n<\/div>\n\n\n\n<div class=\"wp-block-column is-layout-flow wp-block-column-is-layout-flow\" style=\"flex-basis:60%\">\n<p class=\"has-heading-font-family has-x-large-font-size\" style=\"line-height:1.2\">Neben den eigenen Konzertangeboten hilft Gregor Lin\u00dfen dabei, auch andere Veranstaltungen zu etwas Besonderem zu machen.<\/p>\n<\/div>\n<\/div>\n\n\n\n<div style=\"height:15px\" aria-hidden=\"true\" class=\"wp-block-spacer\"><\/div>\n\n\n\n<figure class=\"wp-block-image alignwide size-full is-style-rounded is-style-rounded--1\"><img loading=\"lazy\" decoding=\"async\" width=\"1000\" height=\"400\" src=\"https:\/\/edition-gl.de\/wp-content\/uploads\/2024\/10\/VideoIllumination.png\" alt=\"\" class=\"wp-image-169\" srcset=\"https:\/\/edition-gl.de\/wp-content\/uploads\/2024\/10\/VideoIllumination.png 1000w, https:\/\/edition-gl.de\/wp-content\/uploads\/2024\/10\/VideoIllumination-300x120.png 300w, https:\/\/edition-gl.de\/wp-content\/uploads\/2024\/10\/VideoIllumination-768x307.png 768w\" sizes=\"auto, (max-width: 1000px) 100vw, 1000px\" \/><\/figure>\n<\/div>\n\n\n\n<div class=\"wp-block-group alignfull has-base-background-color has-background has-global-padding is-layout-constrained wp-container-core-group-is-layout-d89aad35 wp-block-group-is-layout-constrained\" style=\"margin-top:0;margin-bottom:0;padding-top:var(--wp--preset--spacing--50);padding-right:var(--wp--preset--spacing--50);padding-bottom:var(--wp--preset--spacing--50);padding-left:var(--wp--preset--spacing--50)\">\n<div class=\"wp-block-columns alignwide is-layout-flex wp-container-core-columns-is-layout-549b0c86 wp-block-columns-is-layout-flex\">\n<div class=\"wp-block-column has-global-padding is-content-justification-left is-layout-constrained wp-container-core-column-is-layout-4f15e8fe wp-block-column-is-layout-constrained\" style=\"flex-basis:40%\">\n<p>&#8222;Vom Neusser Komponisten und Liedermacher Gregor Lin\u00dfen ist immer etwas Besonderes zu erwarten. (&#8230;) <br>Gregor Lin\u00dfen hat einen eigenen Blick auf Gott und die Welt.&#8220; <\/p>\n\n\n\n<p class=\"has-small-font-size\"><br><em>Rheinische Post\/NGZ 2024<\/em><\/p>\n\n\n\n<div style=\"height:32px\" aria-hidden=\"true\" class=\"wp-block-spacer\"><\/div>\n\n\n\n<p>Konzerte &amp; Workshops<\/p>\n\n\n\n<ul class=\"wp-block-list\">\n<li>KINDER DES LICHTS<\/li>\n\n\n\n<li>ORATORIUM<br><\/li>\n\n\n\n<li>Workshop <br>&#8222;Perkussives Singen&#8220;<\/li>\n\n\n\n<li>Workshop &#8222;Lieder&#8220;<\/li>\n\n\n\n<li>Workshop &#8222;Technik&#8220;<br><\/li>\n\n\n\n<li>Chorcoaching<\/li>\n\n\n\n<li>Bandcoaching<\/li>\n<\/ul>\n<\/div>\n\n\n\n<div class=\"wp-block-column is-layout-flow wp-container-core-column-is-layout-119bc444 wp-block-column-is-layout-flow\" style=\"flex-basis:60%\">\n<p class=\"has-heading-font-family has-x-large-font-size\" style=\"line-height:1.2\">Konzerte und Oratorien<\/p>\n\n\n\n<div class=\"wp-block-columns is-layout-flex wp-container-core-columns-is-layout-87beb0d0 wp-block-columns-is-layout-flex\">\n<div class=\"wp-block-column is-layout-flow wp-block-column-is-layout-flow\">\n<p class=\"wp-container-content-9cfa9a5a\">Es sind suchende Gedankeng\u00e4nge zu nicht greifbaren Begriffen die Gregor Lin\u00dfen in diesen Konzerten geht. In den Moderationen entwickelt er sie im Zusammenhang mit seinen christlich-philosophischen Liedern. Seine Sprache ist religions-offen und weltlich-direkt. Er l\u00f6st den Begriff Glauben aus dem Besitz der Religionen und begeistert sich dennoch f\u00fcr die Bedeutung des Neuen Testaments als Richtschnur f\u00fcr den Zusammenhalt in der Welt.<br><br><\/p>\n<\/div>\n<\/div>\n\n\n\n<p class=\"has-heading-font-family has-x-large-font-size\" style=\"line-height:1.2\">Workshops und Vortr\u00e4ge<\/p>\n\n\n\n<p>Im Zusammenwirken von Toningenieur und Chorleiter entwickelte Gregor Lin\u00dfen das &#8222;perkussive Singen&#8220;, dessen Ziel die Sprachverst\u00e4ndlichkeit von chorischem Gesang im Raum und gleichzeitig das Verschmelzen von Sprache und Groove ist.<br><br>Seit 30 Jahren ist der Liedermacher zun\u00e4chst mit Neuem Geistlichen Lied, sp\u00e4ter mit den Gro\u00dfformen geistlicher Musik, die \u00fcber das Genre NGL hinausgehen, unterwegs. Es gibt viel zu erz\u00e4hlen und zu bedenken.<\/p>\n<\/div>\n<\/div>\n<\/div>\n\n\n\n<div class=\"wp-block-cover alignfull has-parallax\" style=\"padding-top:var(--wp--preset--spacing--50);padding-right:var(--wp--preset--spacing--50);padding-bottom:var(--wp--preset--spacing--50);padding-left:var(--wp--preset--spacing--50);min-height:100vh;aspect-ratio:unset;\"><span aria-hidden=\"true\" class=\"wp-block-cover__background has-base-background-color has-background-dim-0 has-background-dim\"><\/span><div class=\"wp-block-cover__image-background wp-image-382 has-parallax\" style=\"background-position:50% 50%;background-image:url(https:\/\/edition-gl.de\/wp-content\/uploads\/2024\/10\/DsG24_Morgenrot7-scaled.jpg)\"><\/div><div class=\"wp-block-cover__inner-container has-global-padding is-layout-constrained wp-container-core-cover-is-layout-e4fd886c wp-block-cover-is-layout-constrained\">\n<div style=\"height:500px\" aria-hidden=\"true\" class=\"wp-block-spacer\"><\/div>\n\n\n\n<div style=\"height:500px\" aria-hidden=\"true\" class=\"wp-block-spacer\"><\/div>\n<\/div><\/div>\n\n\n\n<div class=\"wp-block-group alignfull has-base-background-color has-background has-global-padding is-layout-constrained wp-container-core-group-is-layout-d89aad35 wp-block-group-is-layout-constrained\" style=\"margin-top:0;margin-bottom:0;padding-top:var(--wp--preset--spacing--50);padding-right:var(--wp--preset--spacing--50);padding-bottom:var(--wp--preset--spacing--50);padding-left:var(--wp--preset--spacing--50)\">\n<div class=\"wp-block-columns alignwide is-layout-flex wp-container-core-columns-is-layout-549b0c86 wp-block-columns-is-layout-flex\">\n<div class=\"wp-block-column has-global-padding is-content-justification-left is-layout-constrained wp-container-core-column-is-layout-4f15e8fe wp-block-column-is-layout-constrained\" style=\"flex-basis:40%\">\n<p>&#8220; &#8230; &#8220; <br><em>&#8230;<\/em><\/p>\n<\/div>\n\n\n\n<div class=\"wp-block-column is-layout-flow wp-container-core-column-is-layout-119bc444 wp-block-column-is-layout-flow\" style=\"flex-basis:60%\">\n<p class=\"has-heading-font-family has-x-large-font-size\" style=\"line-height:1.2\">Technische Betreuung <br>Ton | Licht | B\u00fchne<\/p>\n\n\n\n<div class=\"wp-block-columns is-layout-flex wp-container-core-columns-is-layout-87beb0d0 wp-block-columns-is-layout-flex\">\n<div class=\"wp-block-column is-layout-flow wp-block-column-is-layout-flow\">\n<p class=\"wp-container-content-9cfa9a5a\">Vor 20 Jahren &#8211; als die Digitaltechnik sich noch im Teekanne-Hochregal-Lager ersch\u00f6pfte begann Gregor Lin\u00dfen mit eigenem technischem Equipment seine Veranstaltungen zu bestreiten. Seine Erfahrungen bringt er heute in die Planung von musiktauglichen Kirchenbeschallungsanlagen ein.<\/p>\n\n\n\n<p>Mit dem mittlerweile f\u00fcr die eigenen Veranstaltungen vorhandenen technischen Equipment (B\u00fchne | Ton | Licht | Projektion |&nbsp;Stream), betreut Gregor Lin\u00dfen als Kreativ-Ingenieur auch andere Kulturveranstaltungen.<br><\/p>\n<\/div>\n<\/div>\n<\/div>\n<\/div>\n\n\n\n<div class=\"wp-block-cover alignfull has-parallax\"><span aria-hidden=\"true\" class=\"wp-block-cover__background has-background-dim-0 has-background-dim\"><\/span><div class=\"wp-block-cover__image-background wp-image-664 has-parallax\" style=\"background-position:50% 50%;background-image:url(https:\/\/edition-gl.de\/wp-content\/uploads\/2025\/01\/SdT2024.png)\"><\/div><div class=\"wp-block-cover__inner-container is-layout-flow wp-block-cover-is-layout-flow\">\n<p class=\"has-text-align-center has-large-font-size\"><\/p>\n<\/div><\/div>\n<\/div>\n\n\n\n<div class=\"wp-block-group alignfull has-base-2-color has-contrast-background-color has-text-color has-background has-link-color wp-elements-90c41dcad385fddbd79159604fd13f77 has-global-padding is-layout-constrained wp-container-core-group-is-layout-facafb6f wp-block-group-is-layout-constrained\" style=\"margin-top:0;margin-bottom:0;padding-top:var(--wp--preset--spacing--50);padding-right:var(--wp--preset--spacing--50);padding-bottom:var(--wp--preset--spacing--50);padding-left:var(--wp--preset--spacing--50)\">\n<div class=\"wp-block-columns alignwide is-layout-flex wp-container-core-columns-is-layout-d1c656ed wp-block-columns-is-layout-flex\">\n<div class=\"wp-block-column is-vertically-aligned-stretch is-layout-flow wp-block-column-is-layout-flow\" style=\"padding-right:0;flex-basis:60%\">\n<div class=\"wp-block-group is-vertical is-content-justification-stretch is-layout-flex wp-container-core-group-is-layout-ae24f51d wp-block-group-is-layout-flex\" style=\"min-height:100%\">\n<figure class=\"wp-block-image size-full is-resized is-style-rounded is-style-rounded--2\"><img loading=\"lazy\" decoding=\"async\" width=\"1080\" height=\"1200\" src=\"https:\/\/edition-gl.de\/wp-content\/uploads\/2024\/12\/SdT_kulturtechnik2024.png\" alt=\"\" class=\"wp-image-432\" style=\"aspect-ratio:0.75;object-fit:contain;width:429px;height:auto\" srcset=\"https:\/\/edition-gl.de\/wp-content\/uploads\/2024\/12\/SdT_kulturtechnik2024.png 1080w, https:\/\/edition-gl.de\/wp-content\/uploads\/2024\/12\/SdT_kulturtechnik2024-324x360.png 324w, https:\/\/edition-gl.de\/wp-content\/uploads\/2024\/12\/SdT_kulturtechnik2024-922x1024.png 922w, https:\/\/edition-gl.de\/wp-content\/uploads\/2024\/12\/SdT_kulturtechnik2024-768x853.png 768w\" sizes=\"auto, (max-width: 1080px) 100vw, 1080px\" \/><\/figure>\n\n\n\n<p class=\"has-medium-font-size\">Technische Betreuung des UEFA &#8211; STADION DER TR\u00c4UME 2024 <br>Gelsenkirchen<\/p>\n<\/div>\n<\/div>\n\n\n\n<div class=\"wp-block-column is-layout-flow wp-block-column-is-layout-flow\" style=\"flex-basis:40%\">\n<div class=\"wp-block-group has-global-padding is-layout-constrained wp-block-group-is-layout-constrained\">\n<p class=\"has-large-font-size\" style=\"font-style:normal;font-weight:500;line-height:1.2\">EDITION GL kulturtechnik<\/p>\n\n\n\n<div style=\"height:var(--wp--preset--spacing--40)\" aria-hidden=\"true\" class=\"wp-block-spacer\"><\/div>\n\n\n\n<div class=\"wp-block-group is-layout-flow wp-block-group-is-layout-flow\">\n<p class=\"has-medium-font-size\">&#8230; ist Dipl.Ing.<sup>FH<\/sup> f\u00fcr Ton und Bild und als solcher mit allen Gewerken einer Veranstaltung vertraut. Mit au\u00dferordentlich kreativen Gesp\u00fcr und technischem Verst\u00e4ndnis findet er L\u00f6sungen f\u00fcr die ihm gestellten Aufgaben. <\/p>\n\n\n\n<div style=\"height:28px\" aria-hidden=\"true\" class=\"wp-block-spacer\"><\/div>\n\n\n\n<p><strong>Referenzen<\/strong><\/p>\n\n\n\n<ul class=\"wp-block-list\">\n<li>Generalversammlung des ZDK (2016 | 2020)<\/li>\n\n\n\n<li>Chorkonzert-Auff\u00fchrung Geldern (Ton)<\/li>\n\n\n\n<li>Licht von Bethlehem (Licht)<\/li>\n\n\n\n<li>Live-Streams f\u00fcr Bistum M\u00fcnster<\/li>\n<\/ul>\n\n\n\n<p><\/p>\n\n\n\n<ul class=\"wp-block-list\">\n<li>Stadion der Tr\u00e4ume 2024 Gelsenkirchen<\/li>\n<\/ul>\n<\/div>\n<\/div>\n<\/div>\n<\/div>\n<\/div>\n\n\n\n<div class=\"wp-block-group alignfull has-base-background-color has-background has-global-padding is-layout-constrained wp-container-core-group-is-layout-d89aad35 wp-block-group-is-layout-constrained\" style=\"margin-top:0;margin-bottom:0;padding-top:var(--wp--preset--spacing--50);padding-right:var(--wp--preset--spacing--50);padding-bottom:var(--wp--preset--spacing--50);padding-left:var(--wp--preset--spacing--50)\">\n<div class=\"wp-block-columns alignwide is-layout-flex wp-container-core-columns-is-layout-549b0c86 wp-block-columns-is-layout-flex\">\n<div class=\"wp-block-column has-global-padding is-content-justification-left is-layout-constrained wp-container-core-column-is-layout-4f15e8fe wp-block-column-is-layout-constrained\" style=\"flex-basis:40%\">\n<p>&#8220; &#8230; &#8220; <br><em>&#8230;<\/em><\/p>\n<\/div>\n\n\n\n<div class=\"wp-block-column is-layout-flow wp-container-core-column-is-layout-119bc444 wp-block-column-is-layout-flow\" style=\"flex-basis:60%\">\n<p class=\"has-heading-font-family has-x-large-font-size\" style=\"line-height:1.2\">Architektur &#8211; Illumination <\/p>\n\n\n\n<div class=\"wp-block-columns is-layout-flex wp-container-core-columns-is-layout-87beb0d0 wp-block-columns-is-layout-flex\">\n<div class=\"wp-block-column is-layout-flow wp-block-column-is-layout-flow\">\n<p class=\"wp-container-content-9cfa9a5a\">Es ist keine gro\u00dfe M\u00fche eine Lampe unter einen Baum zustellen. Erst mit dem gedanklichen Inhalt und dem Zusammenhang mit dem Ort wird Licht zur Kunst. Am Anfang steht die gemeinsame Suche nach der Botschaft. <\/p>\n<\/div>\n<\/div>\n<\/div>\n<\/div>\n<\/div>\n\n\n\n<div style=\"height:20px\" aria-hidden=\"true\" class=\"wp-block-spacer\"><\/div>\n\n\n","protected":false},"excerpt":{"rendered":"<p>Dienstleistungen&nbsp;\u2013 \u00dcbersicht Neben den eigenen Konzertangeboten hilft Gregor Lin\u00dfen dabei, auch andere Veranstaltungen zu etwas Besonderem zu machen. &#8222;Vom Neusser Komponisten und Liedermacher Gregor Lin\u00dfen ist immer etwas Besonderes zu erwarten. (&#8230;) Gregor Lin\u00dfen hat einen eigenen Blick auf Gott und die Welt.&#8220; Rheinische Post\/NGZ 2024 Konzerte &amp; Workshops Konzerte und Oratorien Es sind suchende [&hellip;]<\/p>\n","protected":false},"author":2,"featured_media":0,"parent":0,"menu_order":0,"comment_status":"closed","ping_status":"closed","template":"","meta":{"footnotes":""},"class_list":["post-429","page","type-page","status-publish","hentry"],"_links":{"self":[{"href":"https:\/\/edition-gl.de\/index.php\/wp-json\/wp\/v2\/pages\/429","targetHints":{"allow":["GET"]}}],"collection":[{"href":"https:\/\/edition-gl.de\/index.php\/wp-json\/wp\/v2\/pages"}],"about":[{"href":"https:\/\/edition-gl.de\/index.php\/wp-json\/wp\/v2\/types\/page"}],"author":[{"embeddable":true,"href":"https:\/\/edition-gl.de\/index.php\/wp-json\/wp\/v2\/users\/2"}],"replies":[{"embeddable":true,"href":"https:\/\/edition-gl.de\/index.php\/wp-json\/wp\/v2\/comments?post=429"}],"version-history":[{"count":10,"href":"https:\/\/edition-gl.de\/index.php\/wp-json\/wp\/v2\/pages\/429\/revisions"}],"predecessor-version":[{"id":792,"href":"https:\/\/edition-gl.de\/index.php\/wp-json\/wp\/v2\/pages\/429\/revisions\/792"}],"wp:attachment":[{"href":"https:\/\/edition-gl.de\/index.php\/wp-json\/wp\/v2\/media?parent=429"}],"curies":[{"name":"wp","href":"https:\/\/api.w.org\/{rel}","templated":true}]}}