{"id":426,"date":"2024-11-13T13:35:13","date_gmt":"2024-11-13T12:35:13","guid":{"rendered":"https:\/\/edition-gl.de\/?page_id=426"},"modified":"2026-02-03T19:39:07","modified_gmt":"2026-02-03T18:39:07","slug":"buchen","status":"publish","type":"page","link":"https:\/\/edition-gl.de\/index.php\/buchen\/","title":{"rendered":"Buchen"},"content":{"rendered":"\n<p class=\"has-large-font-size\"><strong>Konzerte und Dienstleistungen<\/strong><\/p>\n\n\n\n<figure class=\"wp-block-embed is-type-video is-provider-vimeo wp-block-embed-vimeo wp-embed-aspect-16-9 wp-has-aspect-ratio\"><div class=\"wp-block-embed__wrapper\">\n<iframe loading=\"lazy\" title=\"Garten-Illumination 2025-3\" src=\"https:\/\/player.vimeo.com\/video\/1069042103?dnt=1&amp;app_id=122963\" width=\"500\" height=\"281\" frameborder=\"0\" allow=\"autoplay; fullscreen; picture-in-picture; clipboard-write; encrypted-media; web-share\" referrerpolicy=\"strict-origin-when-cross-origin\"><\/iframe>\n<\/div><\/figure>\n\n\n\n<p class=\"has-small-font-size\"><\/p>\n\n\n\n<p>Gregor Lin\u00dfen ist bekannt als <strong>Texter<\/strong> christlicher und philosophischer Gedichte und <strong>Komponist<\/strong> der daraus entspringenden Musik. Er ist <strong>musikalischer Leiter<\/strong> eines festen Singangebots (Choralcanto) und <strong>Chor-Projektleiter<\/strong> bei den Chortagen f\u00fcr seine Gro\u00dfwerke. <br>Er geht als <strong>Workshopleiter<\/strong> f\u00fcr Ch\u00f6re und Bands in Gemeinden in ganz Deutschland und wird aufgrund seiner 40-j\u00e4hrigen Erfahrung als <strong>Referent<\/strong> f\u00fcr musikalische Themen der modernen Kirchenmusik gebucht. <br>Genauso ist er als <strong>Musiker<\/strong> (Gitarre, Gesang, Querfl\u00f6te) und <strong>Ton- und Lichtingenieur<\/strong> buchbar und unterst\u00fctzt auch Fremd-Konzerte.<\/p>\n\n\n\n<div class=\"wp-block-buttons is-layout-flex wp-block-buttons-is-layout-flex\">\n<div class=\"wp-block-button\"><a class=\"wp-block-button__link wp-element-button\" href=\"https:\/\/edition-gl.de\/wp-content\/uploads\/2025\/07\/EdGLmusik_Preisbeispiele.pdf\">Info musikalische Angebote |&nbsp;pdf<\/a><\/div>\n<\/div>\n\n\n\n<p><\/p>\n\n\n\n<p>Die Kombination aus Praxis-Erfahrung und seinem Studium der Ton- und Bildtechnik pr\u00e4destiniert ihn ebenso als <strong>technischen<\/strong> <strong>Berater<\/strong> und ausf\u00fchrenden <strong>Ton-\/Licht-Installateur<\/strong> f\u00fcr akustisch aufwendige R\u00e4ume.<br><br>Bei den gr\u00f6\u00dferen Veranstaltungen arbeitet in der <strong>EDITION GL kulturtechnik<\/strong> ein Team von erfahrenen, freiberuflichen Ingenieuren, Technikern und Veranstaltungsmeistern.<\/p>\n\n\n\n<p>\u00dcber die textlich-musikalisch Seite seines Tuns hinaus steht der K\u00fcnstlername GREG LINHSEN f\u00fcr <strong><a href=\"https:\/\/edition-gl.de\/index.php\/buchen\/illuminationen\/\" data-type=\"page\" data-id=\"575\">gro\u00dfformatige mehrdimensionale Raumkunst<\/a><\/strong> aus Illumination und Klang.<br><\/p>\n\n\n\n<div class=\"wp-block-buttons is-layout-flex wp-block-buttons-is-layout-flex\">\n<div class=\"wp-block-button\"><a class=\"wp-block-button__link wp-element-button\" href=\"https:\/\/edition-gl.de\/wp-content\/uploads\/2025\/07\/EdGLkultur_Preisbeispiele.pdf\" target=\"_blank\" rel=\"noreferrer noopener\">Info EDITION GL Kulturtechnik |&nbsp;pdf <\/a><\/div>\n<\/div>\n\n\n\n<p>Welcher Aufgabe soll sich Gregor Lin\u00dfen stellen?<\/p>\n\n\n\n<div class=\"wp-block-contact-form-7-contact-form-selector\">\n<div class=\"wpcf7 no-js\" id=\"wpcf7-f706-o1\" lang=\"de-DE\" dir=\"ltr\" data-wpcf7-id=\"706\">\n<div class=\"screen-reader-response\"><p role=\"status\" aria-live=\"polite\" aria-atomic=\"true\"><\/p> <ul><\/ul><\/div>\n<form action=\"\/index.php\/wp-json\/wp\/v2\/pages\/426#wpcf7-f706-o1\" method=\"post\" class=\"wpcf7-form init\" aria-label=\"Kontaktformular\" novalidate=\"novalidate\" data-status=\"init\">\n<fieldset class=\"hidden-fields-container\"><input type=\"hidden\" name=\"_wpcf7\" value=\"706\" \/><input type=\"hidden\" name=\"_wpcf7_version\" value=\"6.1.5\" \/><input type=\"hidden\" name=\"_wpcf7_locale\" value=\"de_DE\" \/><input type=\"hidden\" name=\"_wpcf7_unit_tag\" value=\"wpcf7-f706-o1\" \/><input type=\"hidden\" name=\"_wpcf7_container_post\" value=\"0\" \/><input type=\"hidden\" name=\"_wpcf7_posted_data_hash\" value=\"\" \/><input type=\"hidden\" name=\"_wpcf7_recaptcha_response\" value=\"\" \/>\n<\/fieldset>\n<p><label> Name<br \/>\n<span class=\"wpcf7-form-control-wrap\" data-name=\"your-name\"><input size=\"40\" maxlength=\"400\" class=\"wpcf7-form-control wpcf7-text wpcf7-validates-as-required\" autocomplete=\"name\" aria-required=\"true\" aria-invalid=\"false\" value=\"\" type=\"text\" name=\"your-name\" \/><\/span> <\/label>\n<\/p>\n<p><label> E-Mail-Adresse<br \/>\n<span class=\"wpcf7-form-control-wrap\" data-name=\"your-email\"><input size=\"40\" maxlength=\"400\" class=\"wpcf7-form-control wpcf7-email wpcf7-validates-as-required wpcf7-text wpcf7-validates-as-email\" autocomplete=\"email\" aria-required=\"true\" aria-invalid=\"false\" value=\"\" type=\"email\" name=\"your-email\" \/><\/span> <\/label>\n<\/p>\n<p><label> Betreff<br \/>\n<span class=\"wpcf7-form-control-wrap\" data-name=\"your-subject\"><input size=\"40\" maxlength=\"400\" class=\"wpcf7-form-control wpcf7-text wpcf7-validates-as-required\" aria-required=\"true\" aria-invalid=\"false\" value=\"\" type=\"text\" name=\"your-subject\" \/><\/span> <\/label>\n<\/p>\n<p><label> Nachricht<br \/>\n<span class=\"wpcf7-form-control-wrap\" data-name=\"your-message\"><textarea cols=\"40\" rows=\"10\" maxlength=\"2000\" class=\"wpcf7-form-control wpcf7-textarea\" aria-invalid=\"false\" name=\"your-message\"><\/textarea><\/span> <\/label>\n<\/p>\n<p><input class=\"wpcf7-form-control wpcf7-submit has-spinner\" type=\"submit\" value=\"Senden\" \/>\n<\/p><div class=\"wpcf7-response-output\" aria-hidden=\"true\"><\/div>\n<\/form>\n<\/div>\n<\/div>\n\n\n\n<p><\/p>\n","protected":false},"excerpt":{"rendered":"<p>Konzerte und Dienstleistungen Gregor Lin\u00dfen ist bekannt als Texter christlicher und philosophischer Gedichte und Komponist der daraus entspringenden Musik. Er ist musikalischer Leiter eines festen Singangebots (Choralcanto) und Chor-Projektleiter bei den Chortagen f\u00fcr seine Gro\u00dfwerke. Er geht als Workshopleiter f\u00fcr Ch\u00f6re und Bands in Gemeinden in ganz Deutschland und wird aufgrund seiner 40-j\u00e4hrigen Erfahrung als [&hellip;]<\/p>\n","protected":false},"author":2,"featured_media":0,"parent":0,"menu_order":0,"comment_status":"closed","ping_status":"closed","template":"","meta":{"footnotes":""},"class_list":["post-426","page","type-page","status-publish","hentry"],"_links":{"self":[{"href":"https:\/\/edition-gl.de\/index.php\/wp-json\/wp\/v2\/pages\/426","targetHints":{"allow":["GET"]}}],"collection":[{"href":"https:\/\/edition-gl.de\/index.php\/wp-json\/wp\/v2\/pages"}],"about":[{"href":"https:\/\/edition-gl.de\/index.php\/wp-json\/wp\/v2\/types\/page"}],"author":[{"embeddable":true,"href":"https:\/\/edition-gl.de\/index.php\/wp-json\/wp\/v2\/users\/2"}],"replies":[{"embeddable":true,"href":"https:\/\/edition-gl.de\/index.php\/wp-json\/wp\/v2\/comments?post=426"}],"version-history":[{"count":20,"href":"https:\/\/edition-gl.de\/index.php\/wp-json\/wp\/v2\/pages\/426\/revisions"}],"predecessor-version":[{"id":1679,"href":"https:\/\/edition-gl.de\/index.php\/wp-json\/wp\/v2\/pages\/426\/revisions\/1679"}],"wp:attachment":[{"href":"https:\/\/edition-gl.de\/index.php\/wp-json\/wp\/v2\/media?parent=426"}],"curies":[{"name":"wp","href":"https:\/\/api.w.org\/{rel}","templated":true}]}}