{"id":362,"date":"2024-10-29T21:43:50","date_gmt":"2024-10-29T20:43:50","guid":{"rendered":"https:\/\/edition-gl.de\/?page_id=362"},"modified":"2024-12-28T12:08:22","modified_gmt":"2024-12-28T11:08:22","slug":"notendownload","status":"publish","type":"page","link":"https:\/\/edition-gl.de\/index.php\/lieder\/notendownload\/","title":{"rendered":"Notendownload"},"content":{"rendered":"\n<p>Die Herstellung eines Videos braucht Arbetszeit und technisches Material. Die Kosten summieren sich leicht auf tausend Euro und mehr. <br>Videopaten beteiligen sich mit ihrem Beitrag daran und erm\u00f6glichen so, dass neuer Lieder und Videos entstehen. Daf\u00fcr bekommen sie mindestens Textdatei, Leadsheet, Klavierstimme und Hintergr\u00fcnde zu Inhalt und Entstehung.<\/p>\n\n\n\n<p class=\"wp-elements-e156fcfb1c5cbb7badab6ef2c8074407\">Zum Erhalt des Passworts bitte eine Mail mit dem Titel des Lieds schreiben an <a href=\"mailto:videopate@edition-gl.de\">videopate@edition-gl.de<\/a><\/p>\n\n\n\n<p><\/p>\n\n\n\n<p class=\"wp-elements-0d9e4824dae6ceb3dca0ebe8ef0f5e43\"><a href=\"https:\/\/edition-gl.de\/index.php\/beispiel-seite\/notendownload\/was-wird-sein\/\" data-type=\"page\" data-id=\"367\"><strong>Was wird sein?<\/strong><\/a><br>Text, Leadsheat, Klavierstimme<\/p>\n\n\n\n<p class=\"wp-elements-5284ef78074b250ba617036ee579be6f\"><a href=\"https:\/\/edition-gl.de\/index.php\/beispiel-seite\/notendownload\/frohe-weihnachten\/\" data-type=\"page\" data-id=\"528\"><strong>Frohe Weihnachten<\/strong><\/a><br>Text, Leadsheat, Klavierstimme, Halbplayback<br>Chorsatz zu <em>Stille Nacht<\/em>, Noten zu <em>Guter Gott, ich danke dir<\/em><\/p>\n\n\n\n<p class=\"wp-elements-c301c8fadaee673b5583bee3b11cd687\"><\/p>\n\n\n\n<p><\/p>\n","protected":false},"excerpt":{"rendered":"<p>Die Herstellung eines Videos braucht Arbetszeit und technisches Material. Die Kosten summieren sich leicht auf tausend Euro und mehr. Videopaten beteiligen sich mit ihrem Beitrag daran und erm\u00f6glichen so, dass neuer Lieder und Videos entstehen. Daf\u00fcr bekommen sie mindestens Textdatei, Leadsheet, Klavierstimme und Hintergr\u00fcnde zu Inhalt und Entstehung. Zum Erhalt des Passworts bitte eine Mail [&hellip;]<\/p>\n","protected":false},"author":2,"featured_media":0,"parent":2,"menu_order":0,"comment_status":"closed","ping_status":"closed","template":"","meta":{"footnotes":""},"class_list":["post-362","page","type-page","status-publish","hentry"],"_links":{"self":[{"href":"https:\/\/edition-gl.de\/index.php\/wp-json\/wp\/v2\/pages\/362","targetHints":{"allow":["GET"]}}],"collection":[{"href":"https:\/\/edition-gl.de\/index.php\/wp-json\/wp\/v2\/pages"}],"about":[{"href":"https:\/\/edition-gl.de\/index.php\/wp-json\/wp\/v2\/types\/page"}],"author":[{"embeddable":true,"href":"https:\/\/edition-gl.de\/index.php\/wp-json\/wp\/v2\/users\/2"}],"replies":[{"embeddable":true,"href":"https:\/\/edition-gl.de\/index.php\/wp-json\/wp\/v2\/comments?post=362"}],"version-history":[{"count":7,"href":"https:\/\/edition-gl.de\/index.php\/wp-json\/wp\/v2\/pages\/362\/revisions"}],"predecessor-version":[{"id":592,"href":"https:\/\/edition-gl.de\/index.php\/wp-json\/wp\/v2\/pages\/362\/revisions\/592"}],"up":[{"embeddable":true,"href":"https:\/\/edition-gl.de\/index.php\/wp-json\/wp\/v2\/pages\/2"}],"wp:attachment":[{"href":"https:\/\/edition-gl.de\/index.php\/wp-json\/wp\/v2\/media?parent=362"}],"curies":[{"name":"wp","href":"https:\/\/api.w.org\/{rel}","templated":true}]}}