{"id":325,"date":"2024-12-10T12:15:53","date_gmt":"2024-12-10T11:15:53","guid":{"rendered":"https:\/\/edition-gl.de\/?page_id=325"},"modified":"2025-12-11T14:57:23","modified_gmt":"2025-12-11T13:57:23","slug":"adam","status":"publish","type":"page","link":"https:\/\/edition-gl.de\/index.php\/lieder\/adam\/","title":{"rendered":"Adam"},"content":{"rendered":"\n<div class=\"wp-block-group alignfull has-background has-global-padding is-layout-constrained wp-container-core-group-is-layout-669513ed wp-block-group-is-layout-constrained\" style=\"background-color:#031a85;margin-top:0;margin-bottom:0;padding-top:var(--wp--preset--spacing--50);padding-right:var(--wp--preset--spacing--50);padding-bottom:var(--wp--preset--spacing--50);padding-left:var(--wp--preset--spacing--50)\">\n<div class=\"wp-block-columns alignwide is-layout-flex wp-container-core-columns-is-layout-28f84493 wp-block-columns-is-layout-flex\">\n<div class=\"wp-block-column is-layout-flow wp-block-column-is-layout-flow\" style=\"flex-basis:40%\">\n<p class=\"has-base-2-color has-text-color has-link-color wp-elements-01c7ef01cfdb58b601e905cc144be553\"><strong>ADAM Oratorium<br><a href=\"https:\/\/edition-gl.de\/index.php\/projekte\/adam-projekt\/\" data-type=\"page\" data-id=\"727\">ADAM Projekt<\/a><\/strong><\/p>\n\n\n\n<p class=\"has-base-2-color has-text-color has-link-color wp-elements-e03165ad4bcd66071b140d6323b6dcdf\"><strong>ADAM Live<\/strong><\/p>\n\n\n\n<p class=\"has-base-2-color has-text-color has-link-color wp-elements-61521ac3f58aaf3aa44695c1afa5d997\"><strong>ADAM CD<br>ADAM Noten<\/strong><\/p>\n<\/div>\n\n\n\n<div class=\"wp-block-column is-layout-flow wp-block-column-is-layout-flow\" style=\"flex-basis:60%\">\n<p class=\"has-base-2-color has-text-color has-link-color has-heading-font-family has-x-large-font-size wp-elements-693cd8cc31064bba6acb6b1232d1f468\" style=\"line-height:1.2\">ADAM &#8211; <br>Die Suche nach dem Menschen <\/p>\n<\/div>\n<\/div>\n\n\n\n<div class=\"wp-block-cover alignwide has-parallax\"><div class=\"wp-block-cover__image-background wp-image-517 has-parallax\" style=\"background-position:50% 50%;background-image:url(https:\/\/edition-gl.de\/wp-content\/uploads\/2024\/12\/2024-ADAM-Erfurt.png)\"><\/div><span aria-hidden=\"true\" class=\"wp-block-cover__background has-background-dim-0 has-background-dim\"><\/span><div class=\"wp-block-cover__inner-container is-layout-flow wp-block-cover-is-layout-flow\">\n<p class=\"has-text-align-center has-large-font-size\"><\/p>\n<\/div><\/div>\n<\/div>\n\n\n\n<div class=\"wp-block-group has-base-background-color has-background is-vertical is-content-justification-left is-layout-flex wp-container-core-group-is-layout-94e28d85 wp-block-group-is-layout-flex\" style=\"margin-top:0;margin-bottom:0;padding-top:0;padding-right:0;padding-bottom:0;padding-left:0\">\n<div style=\"height:0px\" aria-hidden=\"true\" class=\"wp-block-spacer wp-container-content-9760934e\"><\/div>\n<\/div>\n\n\n\n<div style=\"height:16px\" aria-hidden=\"true\" class=\"wp-block-spacer\"><\/div>\n\n\n\n<p>Das Oratorium <strong>ADAM &#8211; Die Suche nach dem Menschen<\/strong> ist das meistgespielte Oratorium von Gregor Lin\u00dfen. Vielleicht, weil sein Inhalt im Hintergrund die Kant&#8217;schen Grundfragen des Menschen betrachtet.<br>Das St\u00fcck wurde f\u00fcr die 2. Musikwallfahrt 2002 der Musikwerkstatt Freiburg geschrieben. Das Ziel: Assisi. Daher taucht nat\u00fcrlich der Heilige Franziskus im St\u00fcck auf, aber nur als kurze Szene als Beispiel wie sich etwas \u00e4ndern kann, weil ein Mensch zu einer Erkenntnis \u00fcber sein eigenes Handeln kommt.  <\/p>\n\n\n\n<div style=\"height:9px\" aria-hidden=\"true\" class=\"wp-block-spacer\"><\/div>\n\n\n\n<p class=\"has-large-font-size\"><strong>Inhaltsverzeichnis<\/strong><\/p>\n\n\n\n<p>ADAM &#8211; Ouvert\u00fcre<\/p>\n\n\n\n<p>Adam &#8211; Aus Erde<br>Was w\u00e4re, wenn\u2026<br>Wo ist der Mensch<br>Wieviel Gottvertrauen braucht man<br>Gott will es<br>Tun und Lassen<br>Alles ist anders<br>Ein Narr<br>Sonne und Mond<br>Heilig ist der Mensch<br>Am Ende bleibt ein Klang<br>Mensch, wann hast du genug<br>Wo ist Bethlehem<br>Wir sind nicht verloren<br>Im Angesicht der Nacht<br>Wohl dem, der Freude hat<br>Nie mehr<br>Wir sind hier<br>Meine Schritte zu DIR sind ein Tanz<br>Wir tragen eines Menschen Namen<\/p>\n\n\n\n<p>Kreuzzeichen<\/p>\n\n\n\n<div style=\"height:18px\" aria-hidden=\"true\" class=\"wp-block-spacer\"><\/div>\n\n\n\n<div class=\"wp-block-buttons is-layout-flex wp-block-buttons-is-layout-flex\">\n<div class=\"wp-block-button is-style-outline is-style-outline--1\"><a class=\"wp-block-button__link wp-element-button\">ADAM Live<\/a><\/div>\n\n\n\n<div class=\"wp-block-button is-style-outline is-style-outline--2\"><a class=\"wp-block-button__link wp-element-button\" href=\"https:\/\/edition-gl.de\/index.php\/live\/adam-2025-ochtrup\/\">ADAM Projekt intern<\/a><\/div>\n<\/div>\n\n\n\n<div style=\"height:30px\" aria-hidden=\"true\" class=\"wp-block-spacer\"><\/div>\n\n\n\n<div style=\"height:22px\" aria-hidden=\"true\" class=\"wp-block-spacer\"><\/div>\n\n\n\n<div class=\"wp-block-cover alignfull has-parallax has-aspect-ratio\" style=\"padding-top:0;padding-right:0;padding-bottom:0;padding-left:0;min-height:100vh;aspect-ratio:16\/9;min-height:unset;\"><div class=\"wp-block-cover__image-background wp-image-516 has-parallax\" style=\"background-position:50% 50%;background-image:url(https:\/\/edition-gl.de\/wp-content\/uploads\/2024\/12\/2022-ADAM-Hollage.png)\"><\/div><span aria-hidden=\"true\" class=\"wp-block-cover__background has-base-background-color has-background-dim-0 has-background-dim\"><\/span><div class=\"wp-block-cover__inner-container has-global-padding is-layout-constrained wp-container-core-cover-is-layout-dedbb937 wp-block-cover-is-layout-constrained\">\n<div style=\"height:500px\" aria-hidden=\"true\" class=\"wp-block-spacer\"><\/div>\n<\/div><\/div>\n\n\n\n<div style=\"height:24px\" aria-hidden=\"true\" class=\"wp-block-spacer\"><\/div>\n\n\n\n<p class=\"has-large-font-size\"><strong>ADAM Archiv<\/strong><\/p>\n\n\n\n<p>Nach der Urauff\u00fchrung 2002 in Assisi wurde ADAM bis zum Tod von Rolf Gildenast, dem T\u00e4nzer des Sonnengesangs, 2012 mehr als 20 Mal in der Originalbesetzung gespielt. Das Video, zu dem Rolf synchron getanzt hatte ist eine bleibende Erinnerung an ihn und der H\u00f6hepunkt jeder Auff\u00fchrung die seither gespielt wurde. <\/p>\n\n\n\n<p><\/p>\n","protected":false},"excerpt":{"rendered":"<p>ADAM OratoriumADAM Projekt ADAM Live ADAM CDADAM Noten ADAM &#8211; Die Suche nach dem Menschen Das Oratorium ADAM &#8211; Die Suche nach dem Menschen ist das meistgespielte Oratorium von Gregor Lin\u00dfen. Vielleicht, weil sein Inhalt im Hintergrund die Kant&#8217;schen Grundfragen des Menschen betrachtet.Das St\u00fcck wurde f\u00fcr die 2. Musikwallfahrt 2002 der Musikwerkstatt Freiburg geschrieben. Das [&hellip;]<\/p>\n","protected":false},"author":2,"featured_media":0,"parent":2,"menu_order":0,"comment_status":"closed","ping_status":"closed","template":"","meta":{"footnotes":""},"class_list":["post-325","page","type-page","status-publish","hentry"],"_links":{"self":[{"href":"https:\/\/edition-gl.de\/index.php\/wp-json\/wp\/v2\/pages\/325","targetHints":{"allow":["GET"]}}],"collection":[{"href":"https:\/\/edition-gl.de\/index.php\/wp-json\/wp\/v2\/pages"}],"about":[{"href":"https:\/\/edition-gl.de\/index.php\/wp-json\/wp\/v2\/types\/page"}],"author":[{"embeddable":true,"href":"https:\/\/edition-gl.de\/index.php\/wp-json\/wp\/v2\/users\/2"}],"replies":[{"embeddable":true,"href":"https:\/\/edition-gl.de\/index.php\/wp-json\/wp\/v2\/comments?post=325"}],"version-history":[{"count":17,"href":"https:\/\/edition-gl.de\/index.php\/wp-json\/wp\/v2\/pages\/325\/revisions"}],"predecessor-version":[{"id":1574,"href":"https:\/\/edition-gl.de\/index.php\/wp-json\/wp\/v2\/pages\/325\/revisions\/1574"}],"up":[{"embeddable":true,"href":"https:\/\/edition-gl.de\/index.php\/wp-json\/wp\/v2\/pages\/2"}],"wp:attachment":[{"href":"https:\/\/edition-gl.de\/index.php\/wp-json\/wp\/v2\/media?parent=325"}],"curies":[{"name":"wp","href":"https:\/\/api.w.org\/{rel}","templated":true}]}}