{"id":321,"date":"2024-12-09T16:10:07","date_gmt":"2024-12-09T15:10:07","guid":{"rendered":"https:\/\/edition-gl.de\/?page_id=321"},"modified":"2024-12-09T21:01:43","modified_gmt":"2024-12-09T20:01:43","slug":"lied-vom-licht","status":"publish","type":"page","link":"https:\/\/edition-gl.de\/index.php\/lieder\/lied-vom-licht\/","title":{"rendered":"Lied vom Licht"},"content":{"rendered":"\n<div class=\"wp-block-cover alignfull is-light has-parallax\"><span aria-hidden=\"true\" class=\"wp-block-cover__background has-background-dim-0 has-background-dim\"><\/span><div class=\"wp-block-cover__image-background wp-image-488 has-parallax\" style=\"background-position:50% 50%;background-image:url(https:\/\/edition-gl.de\/wp-content\/uploads\/2024\/12\/LvL_1200.jpg)\"><\/div><div class=\"wp-block-cover__inner-container is-layout-flow wp-block-cover-is-layout-flow\">\n<p class=\"has-text-align-left has-base-2-color has-text-color has-link-color has-x-large-font-size wp-elements-141ac445cbfbe3f276c977db75a98ca7\" style=\"border-style:none;border-width:0px;margin-top:0;margin-right:var(--wp--preset--spacing--60);margin-bottom:0;margin-left:var(--wp--preset--spacing--60);padding-top:0;padding-right:var(--wp--preset--spacing--60);padding-bottom:0;padding-left:var(--wp--preset--spacing--60)\"><strong>Lied vom Licht<\/strong><\/p>\n<\/div><\/div>\n\n\n\n<p class=\"has-large-font-size\"><strong>Inhaltsverzeichnis<\/strong><\/p>\n\n\n\n<p>Ouvert\u00fcre (instrumental)<\/p>\n\n\n\n<p>Ein Licht in dir geborgen<br>Kyrie &#8211; Sei bei uns<br>Auf sein Wort<br>Wagt euch zu den Ufern<br>Herr, in DEINE H\u00e4nde<br>Herr, bleibe bei uns<br>DU bist heilig<br>Betrifft dich und mich<\/p>\n\n\n\n<p>Der Weg zur\u00fcck (instrumental)<\/p>\n\n\n\n<p>DEINE Spur im Sand<br>Halleluja &#8211; Dank sei DIR<br>Und ein neuer Morgen<\/p>\n\n\n\n<p>Die Lieder aus der Messe  LIED VOM LICHT sind der einfachste Zugang zur Musik von Gregor Lin\u00dfen.<\/p>\n\n\n\n<div style=\"height:31px\" aria-hidden=\"true\" class=\"wp-block-spacer\"><\/div>\n\n\n\n<div class=\"wp-block-group alignfull has-background has-global-padding is-layout-constrained wp-container-core-group-is-layout-669513ed wp-block-group-is-layout-constrained\" style=\"background-color:#19051b;margin-top:0;margin-bottom:0;padding-top:var(--wp--preset--spacing--50);padding-right:var(--wp--preset--spacing--50);padding-bottom:var(--wp--preset--spacing--50);padding-left:var(--wp--preset--spacing--50)\">\n<div class=\"wp-block-columns alignwide is-layout-flex wp-container-core-columns-is-layout-28f84493 wp-block-columns-is-layout-flex\">\n<div class=\"wp-block-column is-layout-flow wp-block-column-is-layout-flow\"><\/div>\n\n\n\n<div class=\"wp-block-column is-layout-flow wp-block-column-is-layout-flow\"><\/div>\n<\/div>\n\n\n\n<div class=\"wp-block-cover alignfull has-parallax\"><span aria-hidden=\"true\" class=\"wp-block-cover__background has-background-dim\"><\/span><div class=\"wp-block-cover__image-background wp-image-485 has-parallax\" style=\"background-position:50% 50%;background-image:url(https:\/\/edition-gl.de\/wp-content\/uploads\/2024\/12\/0D5A5718_DxO-1536x1024.jpg)\"><\/div><div class=\"wp-block-cover__inner-container is-layout-flow wp-block-cover-is-layout-flow\">\n<p><\/p>\n<\/div><\/div>\n<\/div>\n\n\n\n<div class=\"wp-block-columns alignwide is-layout-flex wp-container-core-columns-is-layout-549b0c86 wp-block-columns-is-layout-flex\">\n<div class=\"wp-block-column has-global-padding is-layout-constrained wp-block-column-is-layout-constrained\" style=\"flex-basis:100%\">\n<div style=\"height:26px\" aria-hidden=\"true\" class=\"wp-block-spacer\"><\/div>\n\n\n\n<p class=\"has-large-font-size\"><strong>Die Anf\u00e4nge des Liedermachers<\/strong><\/p>\n\n\n\n<p>Schon im Alter von f\u00fcnfzehn Jahren engagierte sich Gregor Lin\u00dfen in der kirchlichen Jugendarbeit. Es war die Hoch-Zeit der Jugendch\u00f6re. Es gab Wochenenden, bei denen gesungen, gebetet und \u00fcber Gott und die Welt nachgedacht wurde. Nat\u00fcrlich gab es da schon Neue Geistliche Lieder. Und gerade das Rheinland war eine Schmiede von Komponisten. Aber die Lieder passten manchmal eben nicht so richtig zum Thema und so begann Gregor Lin\u00dfen Mitte der 1980er mit dem Lieder schreiben. Zuerst zu Texten von Thomas Laubach, mit dem er im selben Vorbereitungsteam bei den Spiritanern in Knechtsteden war. Ab 1989 dann auch mit eigenen Texten. Er beschloss, als erstes eine Messe zu schreiben. Mittlerweile im Studium zum Toningenieur kannte er so viele Musiker, dass er direkt gro\u00df dachte und diese Messe 1991 in einer Orchesterversion auff\u00fchrte. Damals noch mit einer handschriftlichen Partitur und handschriftlichen Instrumentalnoten, denn die Computer waren noch nicht soweit oder unerschwinglich. Erst ein gebrauchter ATARI ST f\u00fchrte zu gedruckten Noten, ausgedruckt auf einem 24 Nadeldrucker \ud83d\ude42 Die Originale und Dateien wurden leider 1999 bei einem Brand zerst\u00f6rt. Es existieren nur die gedruckten Kopien. Bisher kam es nicht zu einer \u00dcberarbeitung und Neueingabe der Noten.<\/p>\n\n\n\n<div style=\"height:27px\" aria-hidden=\"true\" class=\"wp-block-spacer\"><\/div>\n<\/div>\n<\/div>\n\n\n\n<div class=\"wp-block-cover alignfull has-parallax\" style=\"padding-top:var(--wp--preset--spacing--50);padding-right:var(--wp--preset--spacing--50);padding-bottom:var(--wp--preset--spacing--50);padding-left:var(--wp--preset--spacing--50);min-height:100vh;aspect-ratio:unset;\"><span aria-hidden=\"true\" class=\"wp-block-cover__background has-base-background-color has-background-dim-0 has-background-dim\"><\/span><div class=\"wp-block-cover__image-background wp-image-185 has-parallax\" style=\"background-position:50% 50%;background-image:url(https:\/\/edition-gl.de\/wp-content\/uploads\/2024\/10\/LvL2016.jpg)\"><\/div><div class=\"wp-block-cover__inner-container has-global-padding is-layout-constrained wp-container-core-cover-is-layout-e4fd886c wp-block-cover-is-layout-constrained\">\n<div style=\"height:500px\" aria-hidden=\"true\" class=\"wp-block-spacer\"><\/div>\n<\/div><\/div>\n\n\n\n<div class=\"wp-block-group alignfull has-base-2-background-color has-background has-global-padding is-layout-constrained wp-container-core-group-is-layout-592e8a71 wp-block-group-is-layout-constrained\" style=\"margin-top:0;margin-bottom:0;padding-top:var(--wp--preset--spacing--30);padding-right:var(--wp--preset--spacing--60);padding-bottom:var(--wp--preset--spacing--30);padding-left:var(--wp--preset--spacing--60)\">\n<p class=\"has-large-font-size\"><strong>Das Revival 2016<\/strong><\/p>\n\n\n\n<p>Das St\u00fcck ist aus den &#8222;historischen&#8220; Noten spielbar. <\/p>\n\n\n\n<p>Die Besetzung: <br>Vl1 &#8211; Vl2 &#8211; Va &#8211; Vc &#8211; Kb\/Ebass &#8211; Klavier &#8211; Gitarre &#8211; Schlagzeug &#8211;<br>Qf &#8211; Ob -Trp &#8211; Asax\/Tsax &#8211; Pos &#8211; Hrn &#8211; Harfe &#8211; (Kirchenorgel)<\/p>\n\n\n\n<p>Neben einer Auff\u00fchrung 1997 im K\u00f6lner Dom zum 50. Jubil\u00e4um des BDKJ wurde das St\u00fcck vielfach in dieser Orchesterversion aufgef\u00fchrt. <br>2016 kam es dann zu einem bemerkenswerten Revival am Ort der Urauff\u00fchrung in St. Martinus, Kaarst. Es kamen viele Mitwirkende von 1991 und spielten unter dem Dirigenten der Urauff\u00fchrung Raimund Wippermann, mittlerweile Professor und Rektor der Robert-Schumann-Hochschule und dem Toningenieur der Urauff\u00fchrung Matthias Reusch, mittlerweile Professor an der Uni Furtwangen.<br><\/p>\n\n\n\n<p>Eine <strong>CD<\/strong> <strong>Lied vom Licht &#8211; Das Revival<\/strong>  ist erh\u00e4ltlich.<\/p>\n<\/div>\n\n\n\n<p><\/p>\n","protected":false},"excerpt":{"rendered":"<p>Inhaltsverzeichnis Ouvert\u00fcre (instrumental) Ein Licht in dir geborgenKyrie &#8211; Sei bei unsAuf sein WortWagt euch zu den UfernHerr, in DEINE H\u00e4ndeHerr, bleibe bei unsDU bist heiligBetrifft dich und mich Der Weg zur\u00fcck (instrumental) DEINE Spur im SandHalleluja &#8211; Dank sei DIRUnd ein neuer Morgen Die Lieder aus der Messe LIED VOM LICHT sind der einfachste [&hellip;]<\/p>\n","protected":false},"author":2,"featured_media":0,"parent":2,"menu_order":0,"comment_status":"closed","ping_status":"closed","template":"","meta":{"footnotes":""},"class_list":["post-321","page","type-page","status-publish","hentry"],"_links":{"self":[{"href":"https:\/\/edition-gl.de\/index.php\/wp-json\/wp\/v2\/pages\/321","targetHints":{"allow":["GET"]}}],"collection":[{"href":"https:\/\/edition-gl.de\/index.php\/wp-json\/wp\/v2\/pages"}],"about":[{"href":"https:\/\/edition-gl.de\/index.php\/wp-json\/wp\/v2\/types\/page"}],"author":[{"embeddable":true,"href":"https:\/\/edition-gl.de\/index.php\/wp-json\/wp\/v2\/users\/2"}],"replies":[{"embeddable":true,"href":"https:\/\/edition-gl.de\/index.php\/wp-json\/wp\/v2\/comments?post=321"}],"version-history":[{"count":9,"href":"https:\/\/edition-gl.de\/index.php\/wp-json\/wp\/v2\/pages\/321\/revisions"}],"predecessor-version":[{"id":502,"href":"https:\/\/edition-gl.de\/index.php\/wp-json\/wp\/v2\/pages\/321\/revisions\/502"}],"up":[{"embeddable":true,"href":"https:\/\/edition-gl.de\/index.php\/wp-json\/wp\/v2\/pages\/2"}],"wp:attachment":[{"href":"https:\/\/edition-gl.de\/index.php\/wp-json\/wp\/v2\/media?parent=321"}],"curies":[{"name":"wp","href":"https:\/\/api.w.org\/{rel}","templated":true}]}}