{"id":22,"date":"2024-10-03T12:07:03","date_gmt":"2024-10-03T10:07:03","guid":{"rendered":"https:\/\/wordpress.p678730.webspaceconfig.de\/?page_id=22"},"modified":"2026-03-30T18:56:13","modified_gmt":"2026-03-30T16:56:13","slug":"live","status":"publish","type":"page","link":"https:\/\/edition-gl.de\/index.php\/live\/","title":{"rendered":"Live"},"content":{"rendered":"\n<p class=\"has-text-align-center has-large-font-size\"><strong>Live-Termine<\/strong><\/p>\n\n\n\n<p class=\"has-text-align-left\">Gregor Lin\u00dfen ist live als Solok\u00fcnstler oder zusammen mit der <strong><a href=\"https:\/\/edition-gl.de\/index.php\/live\/gruppe-ami\/\" data-type=\"page\" data-id=\"1193\">Gruppe AM<\/a>I<\/strong>, mit dem <strong><a href=\"https:\/\/edition-gl.de\/index.php\/projekte\/choralcanto\/\" data-type=\"page\" data-id=\"633\">Choralcanto<\/a><\/strong> und mit seinen gro\u00dfen <strong><a href=\"https:\/\/edition-gl.de\/index.php\/lieder\/gesamtwerk\/\" data-type=\"page\" data-id=\"747\">Oratorienprojekten<\/a><\/strong> zu erleben.<\/p>\n\n\n\n<div style=\"height:35px\" aria-hidden=\"true\" class=\"wp-block-spacer\"><\/div>\n\n\n\n<p>FR |\u00a010.4.2026 | 18.30 Uhr | <strong><a href=\"https:\/\/edition-gl.de\/index.php\/2026\/03\/30\/10-4-26-abendsegen-radolfzell\/\" data-type=\"post\" data-id=\"1773\">Abendsegen weit weg von ZUHAUSE<\/a><\/strong><br>Radolfzell |\u00a0St. Meinrad<\/p>\n\n\n\n<p>FR |&nbsp;24.4.2026 |&nbsp;20.00 Uhr | <strong><a href=\"https:\/\/edition-gl.de\/index.php\/2025\/12\/11\/24-4-2026-konzert-auf-dem-weg-freiburg\/\" data-type=\"post\" data-id=\"1540\">Konzert auf dem Weg<\/a><\/strong><br>Freiburg |&nbsp;St. Peter und Paul<\/p>\n\n\n\n<div style=\"height:33px\" aria-hidden=\"true\" class=\"wp-block-spacer\"><\/div>\n\n\n\n<p>FR | 15.5.2026 |&nbsp;20.00 Uhr |&nbsp;<strong>PETRUS und der Hahn<\/strong><br>W\u00fcrzburg |&nbsp;Katholikentag |<br>z.B. 19\u20ac&nbsp;Abendkarte<\/p>\n\n\n\n<div class=\"wp-block-buttons is-layout-flex wp-block-buttons-is-layout-flex\">\n<div class=\"wp-block-button\"><a class=\"wp-block-button__link has-background wp-element-button\" style=\"background-color:#256f01\">Katholikentagskarte bestellen<\/a><\/div>\n<\/div>\n\n\n\n<div style=\"height:22px\" aria-hidden=\"true\" class=\"wp-block-spacer\"><\/div>\n\n\n\n<p>FR |&nbsp;22.5.2026 |&nbsp;21.30 Uhr |&nbsp;<strong><a href=\"https:\/\/edition-gl.de\/index.php\/live\/die-sieben-gaben-2026\/\" data-type=\"page\" data-id=\"1741\">DIE SIEBEN GABEN<\/a><\/strong><br>K\u00f6lner Dom<\/p>\n\n\n\n<div class=\"wp-block-buttons is-layout-flex wp-block-buttons-is-layout-flex\">\n<div class=\"wp-block-button\"><a class=\"wp-block-button__link has-background wp-element-button\" href=\"https:\/\/edition-gl.de\/index.php\/live\/die-sieben-gaben-2026\/\" style=\"background-color:#0e1492\">DIE SIEBEN GABEN 2026  &#8211; Karten bestellen<\/a><\/div>\n<\/div>\n\n\n\n<div style=\"height:38px\" aria-hidden=\"true\" class=\"wp-block-spacer\"><\/div>\n\n\n\n<p>SA | 5.9.2026 |&nbsp;19.00 Uhr |&nbsp;<strong>CHORALCANTO-Konzert 2026<\/strong><br>Amern (Schwalmtal) | St. Anton<br>Pay-What-You-Can Richtwert 20 \u20ac<\/p>\n\n\n\n<p>SA\/SO |&nbsp;31.10.+ 1.11.2026 |&nbsp;<strong>PETRUS und der Hahn<\/strong><br>Wallenhorst |&nbsp;St. Alexander (Karten demn\u00e4chst)<\/p>\n\n\n\n<p>SA |&nbsp;14.11.2026 | 20.00 Uhr |&nbsp;<strong>PETRUS und der Hahn<\/strong><br>Konstanz |&nbsp;M\u00fcnster (Karten demn\u00e4chst)<\/p>\n\n\n\n<p>SO |&nbsp;22.11.2026 |&nbsp;19.00 Uhr |&nbsp;<strong>DANK UND GEDENKEN<\/strong><br>Neuss |&nbsp;St. Pius<\/p>\n\n\n\n<div style=\"height:38px\" aria-hidden=\"true\" class=\"wp-block-spacer\"><\/div>\n\n\n\n<p>Offene Terminangebote f\u00fcr ein <strong><a href=\"https:\/\/edition-gl.de\/index.php\/live\/konzert-auf-dem-weg\/\" data-type=\"page\" data-id=\"878\">Konzert auf dem Weg<\/a><\/strong><\/p>\n\n\n\n<div style=\"height:14px\" aria-hidden=\"true\" class=\"wp-block-spacer\"><\/div>\n\n\n\n<p>SA 4.7.2026 | Bereich A5 Rastatt &#8211; Basel<\/p>\n\n\n\n<p>SA 18.7.2026 |&nbsp;Dreieck Freiburg, Speyer, Heidelberg<\/p>\n\n\n\n<div class=\"wp-block-buttons is-layout-flex wp-block-buttons-is-layout-flex\">\n<div class=\"wp-block-button\"><a class=\"wp-block-button__link wp-element-button\">Infos &amp; Anfrage f\u00fcr ein Konzert auf dem Weg<\/a><\/div>\n<\/div>\n\n\n\n<div style=\"height:100px\" aria-hidden=\"true\" class=\"wp-block-spacer\"><\/div>\n\n\n\n<div class=\"wp-block-buttons is-layout-flex wp-block-buttons-is-layout-flex\">\n<div class=\"wp-block-button has-custom-width wp-block-button__width-75\"><a class=\"wp-block-button__link wp-element-button\" href=\"https:\/\/edition-gl.de\/index.php\/live\/live-archiv\/\">zum Live-Archiv<\/a><\/div>\n<\/div>\n","protected":false},"excerpt":{"rendered":"<p>Live-Termine Gregor Lin\u00dfen ist live als Solok\u00fcnstler oder zusammen mit der Gruppe AMI, mit dem Choralcanto und mit seinen gro\u00dfen Oratorienprojekten zu erleben. FR |\u00a010.4.2026 | 18.30 Uhr | Abendsegen weit weg von ZUHAUSERadolfzell |\u00a0St. Meinrad FR |&nbsp;24.4.2026 |&nbsp;20.00 Uhr | Konzert auf dem WegFreiburg |&nbsp;St. Peter und Paul FR | 15.5.2026 |&nbsp;20.00 Uhr |&nbsp;PETRUS [&hellip;]<\/p>\n","protected":false},"author":2,"featured_media":0,"parent":0,"menu_order":0,"comment_status":"closed","ping_status":"closed","template":"","meta":{"footnotes":""},"class_list":["post-22","page","type-page","status-publish","hentry"],"_links":{"self":[{"href":"https:\/\/edition-gl.de\/index.php\/wp-json\/wp\/v2\/pages\/22","targetHints":{"allow":["GET"]}}],"collection":[{"href":"https:\/\/edition-gl.de\/index.php\/wp-json\/wp\/v2\/pages"}],"about":[{"href":"https:\/\/edition-gl.de\/index.php\/wp-json\/wp\/v2\/types\/page"}],"author":[{"embeddable":true,"href":"https:\/\/edition-gl.de\/index.php\/wp-json\/wp\/v2\/users\/2"}],"replies":[{"embeddable":true,"href":"https:\/\/edition-gl.de\/index.php\/wp-json\/wp\/v2\/comments?post=22"}],"version-history":[{"count":77,"href":"https:\/\/edition-gl.de\/index.php\/wp-json\/wp\/v2\/pages\/22\/revisions"}],"predecessor-version":[{"id":1781,"href":"https:\/\/edition-gl.de\/index.php\/wp-json\/wp\/v2\/pages\/22\/revisions\/1781"}],"wp:attachment":[{"href":"https:\/\/edition-gl.de\/index.php\/wp-json\/wp\/v2\/media?parent=22"}],"curies":[{"name":"wp","href":"https:\/\/api.w.org\/{rel}","templated":true}]}}