{"id":2,"date":"2024-10-03T10:04:31","date_gmt":"2024-10-03T08:04:31","guid":{"rendered":"http:\/\/wordpress.p678730.webspaceconfig.de\/?page_id=2"},"modified":"2026-02-09T14:49:33","modified_gmt":"2026-02-09T13:49:33","slug":"lieder","status":"publish","type":"page","link":"https:\/\/edition-gl.de\/index.php\/lieder\/","title":{"rendered":"Lieder von Gregor Lin\u00dfen"},"content":{"rendered":"\n<figure class=\"wp-block-image\"><img loading=\"lazy\" decoding=\"async\" width=\"1024\" height=\"300\" src=\"http:\/\/edition-gl.de\/wp-content\/uploads\/2024\/10\/GregLinssen_Assisi.jpg\" alt=\"\" class=\"wp-image-163\" srcset=\"https:\/\/edition-gl.de\/wp-content\/uploads\/2024\/10\/GregLinssen_Assisi.jpg 1024w, https:\/\/edition-gl.de\/wp-content\/uploads\/2024\/10\/GregLinssen_Assisi-300x88.jpg 300w, https:\/\/edition-gl.de\/wp-content\/uploads\/2024\/10\/GregLinssen_Assisi-768x225.jpg 768w\" sizes=\"auto, (max-width: 1024px) 100vw, 1024px\" \/><\/figure>\n\n\n\n<p><strong><a href=\"https:\/\/edition-gl.de\/index.php\/lieder\/venimus-adorare-eum\/\" data-type=\"page\" data-id=\"574\">Venimus adorare eum<\/a><\/strong><br>Die offizielle Hymne zum Weltjugendtag 2005<\/p>\n\n\n\n<p class=\"has-link-color wp-elements-b8c1521f84d5b5946b38cbe116e9a9a9\"><strong><a href=\"https:\/\/edition-gl.de\/?page_id=1604\" data-type=\"page\" data-id=\"1604\">Oratorien<\/a><\/strong><br><a href=\"https:\/\/edition-gl.de\/index.php\/spur\/\" data-type=\"page\" data-id=\"751\">Die SPUR von morgen<\/a><br><a href=\"https:\/\/edition-gl.de\/index.php\/oratorien\/adam\/\" data-type=\"page\" data-id=\"325\">ADAM &#8211; Die Suche nach dem Menschen<\/a><br><a href=\"https:\/\/edition-gl.de\/index.php\/beispiel-seite\/oratorien__trashed\/petrus\/\" data-type=\"page\" data-id=\"742\">PETRUS und der Hahn<br><\/a>PSALM 2016<br><a href=\"https:\/\/edition-gl.de\/index.php\/oratorien\/die-sieben-gaben\/\" data-type=\"page\" data-id=\"462\">Die sieben GABEN<\/a><\/p>\n\n\n\n<p class=\"wp-elements-bdeaf78a1b286b8c657e6e83ffee9a9c\"><strong>Messen<\/strong><br><a href=\"https:\/\/edition-gl.de\/index.php\/oratorien\/lied-vom-licht\/\" data-type=\"page\" data-id=\"321\">Lied vom Licht<br><\/a>Tausend Jahre wie ein Tag<br>Kommt und seht<\/p>\n\n\n\n<p><strong>Liedersammlungen<\/strong><br>Verm\u00e4chtnis eines Freundes<br>Spuren der Einen Welt<br>Die Dauer des Augenblicks<br>Vivifica nos<\/p>\n\n\n\n<div style=\"height:70px\" aria-hidden=\"true\" class=\"wp-block-spacer\"><\/div>\n\n\n\n<p><strong>Liederverzeichnis<\/strong><\/p>\n\n\n\n<p class=\"has-small-font-size\"><em>Musikalische Komplexit\u00e4t<\/em> (<em>Kf S)  1 leicht | 2 mittel | 3 schwer<\/em><\/p>\n\n\n\n<div class=\"wp-block-file\"><a id=\"wp-block-file--media-2e08ab96-39ff-4d52-b047-b16652c0022c\" href=\"https:\/\/edition-gl.de\/wp-content\/uploads\/2024\/10\/Lieder-2024-Gemeinde.htm\" target=\"_blank\" rel=\"noreferrer noopener\">Liederliste 2024 (Gemeinde)<\/a><\/div>\n\n\n\n<div class=\"wp-block-file\"><a id=\"wp-block-file--media-b95580f8-ffc0-4ae1-8f38-c782df5befd2\" href=\"https:\/\/edition-gl.de\/wp-content\/uploads\/2024\/10\/Lieder-2024-Vortrag.htm\" target=\"_blank\" rel=\"noreferrer noopener\">Liederliste 2024 (Vortrag)<\/a><\/div>\n\n\n\n<p>Jedes Lied kann in der mehrstimmigen Version als einzelne Verlagskopien in Chorst\u00e4rke erworben werden. <\/p>\n\n\n\n<div class=\"wp-block-buttons is-layout-flex wp-block-buttons-is-layout-flex\">\n<div class=\"wp-block-button\"><a class=\"wp-block-button__link wp-element-button\" href=\"https:\/\/edition-gl.de\/index.php\/shop\/verlagskopie\/\">Verlagskopie eines Liedes bestellen<\/a><\/div>\n<\/div>\n\n\n\n<div style=\"height:66px\" aria-hidden=\"true\" class=\"wp-block-spacer\"><\/div>\n\n\n\n<p>Gregor Lin\u00dfen begann in Mitte der 1980er Jahren mit dem Liederschreiben als f\u00fcr christliche Jugendtreffen neue Lieder gebraucht wurden, weil die alten Ges\u00e4nge mit ihren altert\u00fcmlichen Texten nicht mehr passten.<br>Er geh\u00f6rt damit zur dritten Autoren-Generation des Genre Neues Geistliches Lied, das mit dem II. vatikanischen Konzils entstand. Es entstanden 3 Messen und 4 Liederzyklen. <\/p>\n\n\n\n<p class=\"has-small-font-size\">&#8222;&#8230; der profilierteste Vertreter der Neuen Geistlichen Musik.&#8220;<em> FAZ<\/em><\/p>\n\n\n\n<p>Mit den drei Auftr\u00e4gen f\u00fcr die Musikwallfahrten der Musikwerkstatt Freiburg (MWF \u2013 <em>1998 SPUR, 2002 ADAM, 2007 PETRUS<\/em>) wurde er zum modernen Oratorienkomponisten.<\/p>\n\n\n\n<p class=\"has-small-font-size\">&#8222;&#8230; ein Andrew Lloyd Webber der Gottesh\u00e4user.&#8220; <em>Badische Zeitung<\/em><\/p>\n\n\n\n<p class=\"has-small-font-size\">&#8222;&#8230; in die Reihe der gro\u00dfen Oratorienkomponisten getreten.&#8220; <em>Neue Osnabr\u00fccker Zeitung<\/em><\/p>\n\n\n\n<p>Auch f\u00fcr Katholikentage und den Weltjugendtag 2005 schrieb er Hymnen. Ein letzter MWF-Auftrag f\u00fchrte zur liturgischen Liedersammlung <em>Kommt und seht<\/em> (2010). Gregor Lin\u00dfen schuf danach bislang zwei weitere Oratorien (2016 PSALM, 2020 Die sieben Gaben).<\/p>\n\n\n\n<p>Die Liedtexte von Gregor Lin\u00dfen sind Gebete eines nachdenklichen Menschen abseits eines gedanklich eng gef\u00fchrten Christentums. Sie lassen Raum f\u00fcr ein Gottesbild, dass von unendlicher Vielfalt spricht. <br>Einige Texte wurden in der Frankfurter Bibliothek als Lyrik ver\u00f6ffentlicht. Wer die Texte liest, beginnt aber von alleine an zu singen und findet darin den Schl\u00fcssel zu den filigranen Rhythmen, die typisch f\u00fcr seine Kompositionen sind. Die Sprache bleibt dem nat\u00fcrlichen Sprachrhythmus verhaftet, wird verlangsamt, dass die enthaltene Sprachmelodie sich behutsam zum Gesang wandelt. Zun\u00e4chst ungewohnt erschlie\u00dft sich dieser Umgang mit den Texten mit der Zeit intuitiv.<\/p>\n\n\n\n<p>Sein Studium zum Ton- und Bildingenieur er\u00f6ffnet Gregor Lin\u00dfen nicht nur den professionellen Zugang zu Beschallung und Licht, sondern auch zum Kreativwerkzeug Video. In der Coronazeit 2020 entstanden die ersten Arbeiten. Ausgew\u00e4hlte Song-Videos sind mit Bonusmaterial (Texte, Hintergr\u00fcnde, Leadsheet, Klavierbegleitung) im <a href=\"https:\/\/edition-gl.de\/index.php\/shop\/\" data-type=\"page\" data-id=\"27\">Shop<\/a> erh\u00e4ltlich.<\/p>\n\n\n\n<div style=\"height:18px\" aria-hidden=\"true\" class=\"wp-block-spacer\"><\/div>\n\n\n\n<h3 class=\"wp-block-heading\"><br><\/h3>\n\n\n\n<figure class=\"wp-block-image size-full\"><img loading=\"lazy\" decoding=\"async\" width=\"500\" height=\"381\" src=\"http:\/\/edition-gl.de\/wp-content\/uploads\/2024\/10\/PS16_ChP2.jpg\" alt=\"\" class=\"wp-image-213\" srcset=\"https:\/\/edition-gl.de\/wp-content\/uploads\/2024\/10\/PS16_ChP2.jpg 500w, https:\/\/edition-gl.de\/wp-content\/uploads\/2024\/10\/PS16_ChP2-300x229.jpg 300w\" sizes=\"auto, (max-width: 500px) 100vw, 500px\" \/><\/figure>\n\n\n<ul class=\"wp-block-page-list\"><li class=\"wp-block-pages-list__item has-child\"><a class=\"wp-block-pages-list__item__link\" href=\"https:\/\/edition-gl.de\/index.php\/buchen\/\">Buchen<\/a><ul class=\"wp-block-navigation__submenu-container\"><li class=\"wp-block-pages-list__item \"><a class=\"wp-block-pages-list__item__link\" href=\"https:\/\/edition-gl.de\/index.php\/buchen\/edition-gl-kulturtechnik\/\">EDITION GL kulturtechnik<\/a><\/li><li class=\"wp-block-pages-list__item \"><a class=\"wp-block-pages-list__item__link\" href=\"https:\/\/edition-gl.de\/index.php\/buchen\/illuminationen\/\">Illuminationen<\/a><\/li><\/ul><\/li><li class=\"wp-block-pages-list__item\"><a class=\"wp-block-pages-list__item__link\" href=\"https:\/\/edition-gl.de\/index.php\/datenschutzerklaerung\/\">Datenschutzerkl\u00e4rung<\/a><\/li><li class=\"wp-block-pages-list__item has-child\"><a class=\"wp-block-pages-list__item__link\" href=\"https:\/\/edition-gl.de\/index.php\/dienstleistungen\/\">DIENSTLEISTUNGEN<\/a><ul class=\"wp-block-navigation__submenu-container\"><li class=\"wp-block-pages-list__item \"><a class=\"wp-block-pages-list__item__link\" href=\"https:\/\/edition-gl.de\/index.php\/dienstleistungen\/dienstleistungsangebote\/\">Dienstleistungsangebote<\/a><\/li><\/ul><\/li><li class=\"wp-block-pages-list__item\"><a class=\"wp-block-pages-list__item__link\" href=\"https:\/\/edition-gl.de\/index.php\/gregor-linssen\/\">Gregor Lin\u00dfen<\/a><\/li><li class=\"wp-block-pages-list__item\"><a class=\"wp-block-pages-list__item__link\" href=\"https:\/\/edition-gl.de\/index.php\/impressum\/\">Impressum<\/a><\/li><li class=\"wp-block-pages-list__item has-child\"><a class=\"wp-block-pages-list__item__link\" href=\"https:\/\/edition-gl.de\/index.php\/lieder\/\">Lieder von Gregor Lin\u00dfen<\/a><ul class=\"wp-block-navigation__submenu-container\"><li class=\"wp-block-pages-list__item \"><a class=\"wp-block-pages-list__item__link\" href=\"https:\/\/edition-gl.de\/index.php\/lieder\/adam\/\">Adam<\/a><\/li><li class=\"wp-block-pages-list__item has-child \"><a class=\"wp-block-pages-list__item__link\" href=\"https:\/\/edition-gl.de\/index.php\/lieder\/die-sieben-gaben\/\">Die sieben Gaben<\/a><ul class=\"wp-block-navigation__submenu-container\"><li class=\"wp-block-pages-list__item \"><a class=\"wp-block-pages-list__item__link\" href=\"https:\/\/edition-gl.de\/index.php\/lieder\/die-sieben-gaben\/die-sieben-gaben-2023\/\">Die sieben Gaben 2023<\/a><\/li><li class=\"wp-block-pages-list__item \"><a class=\"wp-block-pages-list__item__link\" href=\"https:\/\/edition-gl.de\/index.php\/lieder\/die-sieben-gaben\/die-sieben-gaben-2024\/\">Die sieben Gaben 2024<\/a><\/li><li class=\"wp-block-pages-list__item \"><a class=\"wp-block-pages-list__item__link\" href=\"https:\/\/edition-gl.de\/index.php\/lieder\/die-sieben-gaben\/die-sieben-gaben-2025\/\">Die sieben Gaben 2025<\/a><\/li><\/ul><\/li><li class=\"wp-block-pages-list__item \"><a class=\"wp-block-pages-list__item__link\" href=\"https:\/\/edition-gl.de\/index.php\/lieder\/gesamtwerk\/\">Gesamtwerk<\/a><\/li><li class=\"wp-block-pages-list__item \"><a class=\"wp-block-pages-list__item__link\" href=\"https:\/\/edition-gl.de\/index.php\/lieder\/lied-vom-licht\/\">Lied vom Licht<\/a><\/li><li class=\"wp-block-pages-list__item has-child \"><a class=\"wp-block-pages-list__item__link\" href=\"https:\/\/edition-gl.de\/index.php\/lieder\/notendownload\/\">Notendownload<\/a><ul class=\"wp-block-navigation__submenu-container\"><li class=\"wp-block-pages-list__item \"><a class=\"wp-block-pages-list__item__link\" href=\"https:\/\/edition-gl.de\/index.php\/lieder\/notendownload\/frohe-weihnachten\/\">Frohe Weihnachten<\/a><\/li><li class=\"wp-block-pages-list__item \"><a class=\"wp-block-pages-list__item__link\" href=\"https:\/\/edition-gl.de\/index.php\/lieder\/notendownload\/was-wird-sein\/\">Was wird sein?<\/a><\/li><\/ul><\/li><li class=\"wp-block-pages-list__item \"><a class=\"wp-block-pages-list__item__link\" href=\"https:\/\/edition-gl.de\/index.php\/lieder\/oratorien\/\">Oratorien<\/a><\/li><li class=\"wp-block-pages-list__item \"><a class=\"wp-block-pages-list__item__link\" href=\"https:\/\/edition-gl.de\/index.php\/lieder\/petrus\/\">PETRUS<\/a><\/li><li class=\"wp-block-pages-list__item \"><a class=\"wp-block-pages-list__item__link\" href=\"https:\/\/edition-gl.de\/index.php\/lieder\/venimus-adorare-eum\/\">Venimus adorare eum<\/a><\/li><li class=\"wp-block-pages-list__item \"><a class=\"wp-block-pages-list__item__link\" href=\"https:\/\/edition-gl.de\/index.php\/lieder\/werkkritiken\/\">Werkkritiken<\/a><\/li><\/ul><\/li><li class=\"wp-block-pages-list__item has-child\"><a class=\"wp-block-pages-list__item__link\" href=\"https:\/\/edition-gl.de\/index.php\/live\/\">Live<\/a><ul class=\"wp-block-navigation__submenu-container\"><li class=\"wp-block-pages-list__item \"><a class=\"wp-block-pages-list__item__link\" href=\"https:\/\/edition-gl.de\/index.php\/live\/adam-projekt-intern\/\">ADAM Projekt seit 2002<\/a><\/li><li class=\"wp-block-pages-list__item \"><a class=\"wp-block-pages-list__item__link\" href=\"https:\/\/edition-gl.de\/index.php\/live\/die-sieben-gaben-2026\/\">Die sieben Gaben 2026<\/a><\/li><li class=\"wp-block-pages-list__item \"><a class=\"wp-block-pages-list__item__link\" href=\"https:\/\/edition-gl.de\/index.php\/live\/gruppe-ami\/\">Gruppe AMI<\/a><\/li><li class=\"wp-block-pages-list__item \"><a class=\"wp-block-pages-list__item__link\" href=\"https:\/\/edition-gl.de\/index.php\/live\/konzert-auf-dem-weg\/\">Konzert auf der Weg<\/a><\/li><li class=\"wp-block-pages-list__item \"><a class=\"wp-block-pages-list__item__link\" href=\"https:\/\/edition-gl.de\/index.php\/live\/konzert-reaktionen\/\">Konzert-Reaktionen<\/a><\/li><li class=\"wp-block-pages-list__item \"><a class=\"wp-block-pages-list__item__link\" href=\"https:\/\/edition-gl.de\/index.php\/live\/kulturpatenschaft\/\">Kulturpatenschaft<\/a><\/li><li class=\"wp-block-pages-list__item has-child \"><a class=\"wp-block-pages-list__item__link\" href=\"https:\/\/edition-gl.de\/index.php\/live\/live-archiv\/\">Live-Archiv<\/a><ul class=\"wp-block-navigation__submenu-container\"><li class=\"wp-block-pages-list__item \"><a class=\"wp-block-pages-list__item__link\" href=\"https:\/\/edition-gl.de\/index.php\/live\/live-archiv\/petrus-karlsruhe\/\">PETRUS &#8211; Karlsruhe<\/a><\/li><\/ul><\/li><\/ul><\/li><li class=\"wp-block-pages-list__item has-child\"><a class=\"wp-block-pages-list__item__link\" href=\"https:\/\/edition-gl.de\/index.php\/musikwallfahrt-2026\/\">Musikwallfahrt 2026<\/a><ul class=\"wp-block-navigation__submenu-container\"><li class=\"wp-block-pages-list__item \"><a class=\"wp-block-pages-list__item__link\" href=\"https:\/\/edition-gl.de\/index.php\/musikwallfahrt-2026\/musikwallfahrt-2026-anmeldung\/\">Musikwallfahrt 2026 Anmeldung<\/a><\/li><\/ul><\/li><li class=\"wp-block-pages-list__item has-child\"><a class=\"wp-block-pages-list__item__link\" href=\"https:\/\/edition-gl.de\/index.php\/newsletter\/\">Newsletter<\/a><ul class=\"wp-block-navigation__submenu-container\"><li class=\"wp-block-pages-list__item \"><a class=\"wp-block-pages-list__item__link\" href=\"https:\/\/edition-gl.de\/index.php\/newsletter\/newsletter-anmeldung\/\">Newsletter Anmeldung<\/a><\/li><\/ul><\/li><li class=\"wp-block-pages-list__item has-child\"><a class=\"wp-block-pages-list__item__link\" href=\"https:\/\/edition-gl.de\/index.php\/projekte\/\">Projekte<\/a><ul class=\"wp-block-navigation__submenu-container\"><li class=\"wp-block-pages-list__item \"><a class=\"wp-block-pages-list__item__link\" href=\"https:\/\/edition-gl.de\/index.php\/projekte\/adam-projekt\/\">ADAM Projekt<\/a><\/li><li class=\"wp-block-pages-list__item has-child \"><a class=\"wp-block-pages-list__item__link\" href=\"https:\/\/edition-gl.de\/index.php\/projekte\/choralcanto\/\">CHORALCANTO<\/a><ul class=\"wp-block-navigation__submenu-container\"><li class=\"wp-block-pages-list__item \"><a class=\"wp-block-pages-list__item__link\" href=\"https:\/\/edition-gl.de\/index.php\/projekte\/choralcanto\/choralcanto-projekt-2025\/\">CHORALCANTO Projekt 2025<\/a><\/li><\/ul><\/li><li class=\"wp-block-pages-list__item has-child \"><a class=\"wp-block-pages-list__item__link\" href=\"https:\/\/edition-gl.de\/index.php\/projekte\/die-sieben-gaben-projekt\/\">DIE SIEBEN GABEN -Projekt<\/a><ul class=\"wp-block-navigation__submenu-container\"><li class=\"wp-block-pages-list__item \"><a class=\"wp-block-pages-list__item__link\" href=\"https:\/\/edition-gl.de\/index.php\/projekte\/die-sieben-gaben-projekt\/die-sieben-gaben-chortage-archiv\/\">DIE SIEBEN GABEN &#8211; Chortage Archiv<\/a><\/li><li class=\"wp-block-pages-list__item \"><a class=\"wp-block-pages-list__item__link\" href=\"https:\/\/edition-gl.de\/index.php\/projekte\/die-sieben-gaben-projekt\/die-sieben-gaben-2026-anmeldung\/\">Die sieben Gaben 2026 &#8211; Anmeldung<\/a><\/li><li class=\"wp-block-pages-list__item \"><a class=\"wp-block-pages-list__item__link\" href=\"https:\/\/edition-gl.de\/index.php\/projekte\/die-sieben-gaben-projekt\/dsg-projekt-intern\/\">DsG Projekt -intern<\/a><\/li><\/ul><\/li><li class=\"wp-block-pages-list__item has-child \"><a class=\"wp-block-pages-list__item__link\" href=\"https:\/\/edition-gl.de\/index.php\/projekte\/petrus-und-der-hahn-projekt\/\">PETRUS &#8211; Projekt<\/a><ul class=\"wp-block-navigation__submenu-container\"><li class=\"wp-block-pages-list__item \"><a class=\"wp-block-pages-list__item__link\" href=\"https:\/\/edition-gl.de\/index.php\/projekte\/petrus-und-der-hahn-projekt\/petrus-2026-wurzburg\/\">PETRUS 2026 &#8211; W\u00fcrzburg<\/a><\/li><li class=\"wp-block-pages-list__item \"><a class=\"wp-block-pages-list__item__link\" href=\"https:\/\/edition-gl.de\/index.php\/projekte\/petrus-und-der-hahn-projekt\/petrus-chortage-2025\/\">PETRUS Chortage 2025<\/a><\/li><li class=\"wp-block-pages-list__item \"><a class=\"wp-block-pages-list__item__link\" href=\"https:\/\/edition-gl.de\/index.php\/projekte\/petrus-und-der-hahn-projekt\/petrus-projekt-intern\/\">PETRUS Projekt intern<\/a><\/li><\/ul><\/li><\/ul><\/li><li class=\"wp-block-pages-list__item has-child\"><a class=\"wp-block-pages-list__item__link\" href=\"https:\/\/edition-gl.de\/index.php\/shop\/\">Shop<\/a><ul class=\"wp-block-navigation__submenu-container\"><li class=\"wp-block-pages-list__item \"><a class=\"wp-block-pages-list__item__link\" href=\"https:\/\/edition-gl.de\/index.php\/shop\/verlagskopie\/\">Verlagskopie<\/a><\/li><\/ul><\/li><li class=\"wp-block-pages-list__item has-child\"><a class=\"wp-block-pages-list__item__link\" href=\"https:\/\/edition-gl.de\/index.php\/songvideo\/\">Songvideo<\/a><ul class=\"wp-block-navigation__submenu-container\"><li class=\"wp-block-pages-list__item \"><a class=\"wp-block-pages-list__item__link\" href=\"https:\/\/edition-gl.de\/index.php\/songvideo\/wundervolle-welt\/\">Wundervolle Welt<\/a><\/li><\/ul><\/li><li class=\"wp-block-pages-list__item\"><a class=\"wp-block-pages-list__item__link\" href=\"https:\/\/edition-gl.de\/index.php\/spur\/\">SPUR<\/a><\/li><\/ul>","protected":false},"excerpt":{"rendered":"<p>Venimus adorare eumDie offizielle Hymne zum Weltjugendtag 2005 OratorienDie SPUR von morgenADAM &#8211; Die Suche nach dem MenschenPETRUS und der HahnPSALM 2016Die sieben GABEN MessenLied vom LichtTausend Jahre wie ein TagKommt und seht LiedersammlungenVerm\u00e4chtnis eines FreundesSpuren der Einen WeltDie Dauer des AugenblicksVivifica nos Liederverzeichnis Musikalische Komplexit\u00e4t (Kf S) 1 leicht | 2 mittel | 3 [&hellip;]<\/p>\n","protected":false},"author":2,"featured_media":0,"parent":0,"menu_order":0,"comment_status":"closed","ping_status":"open","template":"","meta":{"footnotes":""},"class_list":["post-2","page","type-page","status-publish","hentry"],"_links":{"self":[{"href":"https:\/\/edition-gl.de\/index.php\/wp-json\/wp\/v2\/pages\/2","targetHints":{"allow":["GET"]}}],"collection":[{"href":"https:\/\/edition-gl.de\/index.php\/wp-json\/wp\/v2\/pages"}],"about":[{"href":"https:\/\/edition-gl.de\/index.php\/wp-json\/wp\/v2\/types\/page"}],"author":[{"embeddable":true,"href":"https:\/\/edition-gl.de\/index.php\/wp-json\/wp\/v2\/users\/2"}],"replies":[{"embeddable":true,"href":"https:\/\/edition-gl.de\/index.php\/wp-json\/wp\/v2\/comments?post=2"}],"version-history":[{"count":32,"href":"https:\/\/edition-gl.de\/index.php\/wp-json\/wp\/v2\/pages\/2\/revisions"}],"predecessor-version":[{"id":1726,"href":"https:\/\/edition-gl.de\/index.php\/wp-json\/wp\/v2\/pages\/2\/revisions\/1726"}],"wp:attachment":[{"href":"https:\/\/edition-gl.de\/index.php\/wp-json\/wp\/v2\/media?parent=2"}],"curies":[{"name":"wp","href":"https:\/\/api.w.org\/{rel}","templated":true}]}}