{"id":1821,"date":"2026-04-14T13:56:59","date_gmt":"2026-04-14T11:56:59","guid":{"rendered":"https:\/\/edition-gl.de\/?page_id=1821"},"modified":"2026-04-14T14:13:26","modified_gmt":"2026-04-14T12:13:26","slug":"visionair-as","status":"publish","type":"page","link":"https:\/\/edition-gl.de\/index.php\/buchen\/vision\/visionair-as\/","title":{"rendered":"VISIONair &#8211; AS"},"content":{"rendered":"\n<p>ANNE SCH\u00c4FER<\/p>\n\n\n\n<p><strong>Trifekta<\/strong><\/p>\n\n\n\n<p class=\"has-small-font-size\">Objektinstallation |&nbsp;Acryl auf Leichtschaumplatten |&nbsp;ca. 200 cm x 150 cm<\/p>\n\n\n\n<figure class=\"wp-block-image size-large\"><img loading=\"lazy\" decoding=\"async\" width=\"768\" height=\"1024\" src=\"https:\/\/edition-gl.de\/wp-content\/uploads\/2026\/04\/Trifecta_anneSchaefer-_web-768x1024.jpeg\" alt=\"\" class=\"wp-image-1822\" srcset=\"https:\/\/edition-gl.de\/wp-content\/uploads\/2026\/04\/Trifecta_anneSchaefer-_web-768x1024.jpeg 768w, https:\/\/edition-gl.de\/wp-content\/uploads\/2026\/04\/Trifecta_anneSchaefer-_web-270x360.jpeg 270w, https:\/\/edition-gl.de\/wp-content\/uploads\/2026\/04\/Trifecta_anneSchaefer-_web-1152x1536.jpeg 1152w, https:\/\/edition-gl.de\/wp-content\/uploads\/2026\/04\/Trifecta_anneSchaefer-_web.jpeg 1200w\" sizes=\"auto, (max-width: 768px) 100vw, 768px\" \/><\/figure>\n\n\n\n<p>Der Totalisator der ehemaligen Neusser Galopprennbahn war die Annahmestelle f\u00fcr die Wetteins\u00e4tze und Ausgabestelle f\u00fcr die Gewinne. Es gab verschiedene Wettarten wie &#8222;Sieg\u201c und \u201ePlatz&#8220;. Mit den drei Pferde-Silhouetten erinnert Anne Sch\u00e4fer an die riskanteste Art, die &nbsp;,,Dreier-Wette\u201c. Die Reihenfolge der ersten drei ins Ziel kommenden Pferde musste richtig vorrausgesagt sein. Die Objektinstallation entstand in Anlehnung an ihr Installation am Albert-Einstein-Forum in Kaarst. Dort stehen sechzehn \u00fcberlebensgro\u00dfe Edelstahlfiguren, lamellenf\u00f6rmig angeordnet an einer zehn Meter breiten Mauer. Mit dem Verlauf des Sonnenlichts ver\u00e4ndern sich die Schattenbilder.<\/p>\n\n\n\n<div style=\"height:40px\" aria-hidden=\"true\" class=\"wp-block-spacer\"><\/div>\n\n\n\n<p>Zur K\u00fcnstlerin<\/p>\n\n\n\n<p><strong><a href=\"http:\/\/www.rundum-neuss.de\">ANNE SCH\u00c4FER<\/a><\/strong> <sup>1<\/sup><\/p>\n\n\n\n<p>\u2026 wohnt in Neuss und studierte an der Universit\u00e4t der K\u00fcnste in Berlin Gestaltung, Design, Malerei, Kalligrafie und Illustration. Sie gestaltet kalligrafische Schriftbilder und schreibt ,,Grundstein-Urkunden&#8220; sowie Texte in die ,,Goldenen B\u00fccher&#8220; der St\u00e4dte Neuss und Dormagen.<\/p>\n\n\n\n<p class=\"has-small-font-size\"><sup>1 <\/sup>externer Link zur Webseite der K\u00fcnstlerin<\/p>\n\n\n\n<div style=\"height:22px\" aria-hidden=\"true\" class=\"wp-block-spacer\"><\/div>\n\n\n\n<figure class=\"wp-block-image size-full is-resized\"><img loading=\"lazy\" decoding=\"async\" width=\"493\" height=\"606\" src=\"https:\/\/edition-gl.de\/wp-content\/uploads\/2026\/04\/AnneSchaefer.jpg\" alt=\"\" class=\"wp-image-1823\" style=\"aspect-ratio:0.813537046163956;width:620px;height:auto\" srcset=\"https:\/\/edition-gl.de\/wp-content\/uploads\/2026\/04\/AnneSchaefer.jpg 493w, https:\/\/edition-gl.de\/wp-content\/uploads\/2026\/04\/AnneSchaefer-293x360.jpg 293w\" sizes=\"auto, (max-width: 493px) 100vw, 493px\" \/><\/figure>\n\n\n\n<div style=\"height:100px\" aria-hidden=\"true\" class=\"wp-block-spacer\"><\/div>\n\n\n\n<div class=\"wp-block-buttons is-layout-flex wp-block-buttons-is-layout-flex\">\n<div class=\"wp-block-button\"><a class=\"wp-block-button__link wp-element-button\" href=\"https:\/\/edition-gl.de\/index.php\/buchen\/vision\/visionair-gl\/\">Fenster 1<\/a><\/div>\n\n\n\n<div class=\"wp-block-button\"><a class=\"wp-block-button__link wp-element-button\" href=\"https:\/\/edition-gl.de\/index.php\/buchen\/vision\/visionair-nn\/\">Fenster 2<\/a><\/div>\n\n\n\n<div class=\"wp-block-button\"><a class=\"wp-block-button__link wp-element-button\" href=\"https:\/\/edition-gl.de\/index.php\/buchen\/vision\/visionair-jg\/\">Fenster 3<\/a><\/div>\n\n\n\n<div class=\"wp-block-button\"><a class=\"wp-block-button__link wp-element-button\" href=\"https:\/\/edition-gl.de\/index.php\/buchen\/vision\/visionair-mm\/\">Fenster 4<\/a><\/div>\n\n\n\n<div class=\"wp-block-button\"><a class=\"wp-block-button__link wp-element-button\" href=\"https:\/\/edition-gl.de\/index.php\/buchen\/vision\/\">zur\u00fcck zu VISIONair <\/a><\/div>\n<\/div>\n\n\n\n<p><\/p>\n","protected":false},"excerpt":{"rendered":"<p>ANNE SCH\u00c4FER Trifekta Objektinstallation |&nbsp;Acryl auf Leichtschaumplatten |&nbsp;ca. 200 cm x 150 cm Der Totalisator der ehemaligen Neusser Galopprennbahn war die Annahmestelle f\u00fcr die Wetteins\u00e4tze und Ausgabestelle f\u00fcr die Gewinne. Es gab verschiedene Wettarten wie &#8222;Sieg\u201c und \u201ePlatz&#8220;. Mit den drei Pferde-Silhouetten erinnert Anne Sch\u00e4fer an die riskanteste Art, die &nbsp;,,Dreier-Wette\u201c. Die Reihenfolge der ersten [&hellip;]<\/p>\n","protected":false},"author":2,"featured_media":0,"parent":1769,"menu_order":0,"comment_status":"closed","ping_status":"closed","template":"","meta":{"footnotes":""},"class_list":["post-1821","page","type-page","status-publish","hentry"],"_links":{"self":[{"href":"https:\/\/edition-gl.de\/index.php\/wp-json\/wp\/v2\/pages\/1821","targetHints":{"allow":["GET"]}}],"collection":[{"href":"https:\/\/edition-gl.de\/index.php\/wp-json\/wp\/v2\/pages"}],"about":[{"href":"https:\/\/edition-gl.de\/index.php\/wp-json\/wp\/v2\/types\/page"}],"author":[{"embeddable":true,"href":"https:\/\/edition-gl.de\/index.php\/wp-json\/wp\/v2\/users\/2"}],"replies":[{"embeddable":true,"href":"https:\/\/edition-gl.de\/index.php\/wp-json\/wp\/v2\/comments?post=1821"}],"version-history":[{"count":2,"href":"https:\/\/edition-gl.de\/index.php\/wp-json\/wp\/v2\/pages\/1821\/revisions"}],"predecessor-version":[{"id":1838,"href":"https:\/\/edition-gl.de\/index.php\/wp-json\/wp\/v2\/pages\/1821\/revisions\/1838"}],"up":[{"embeddable":true,"href":"https:\/\/edition-gl.de\/index.php\/wp-json\/wp\/v2\/pages\/1769"}],"wp:attachment":[{"href":"https:\/\/edition-gl.de\/index.php\/wp-json\/wp\/v2\/media?parent=1821"}],"curies":[{"name":"wp","href":"https:\/\/api.w.org\/{rel}","templated":true}]}}