{"id":1789,"date":"2026-04-14T08:47:31","date_gmt":"2026-04-14T06:47:31","guid":{"rendered":"https:\/\/edition-gl.de\/?page_id=1789"},"modified":"2026-04-16T11:17:58","modified_gmt":"2026-04-16T09:17:58","slug":"visionair-gl","status":"publish","type":"page","link":"https:\/\/edition-gl.de\/index.php\/buchen\/vision\/visionair-gl\/","title":{"rendered":"VISIONair GL"},"content":{"rendered":"\n<p>GREGOR LINHSEN<\/p>\n\n\n\n<p><strong>DIE ANDERE SEITE DES LICHTS&nbsp;<\/strong><br>Lichtinstallation mit 1000 zitternden Spiegeln<\/p>\n\n\n\n<p>&#8222;Wir m\u00fcssen erkennen, dass wir weit von dem Zustand entfernt sind, in dem wir hoffen k\u00f6nnen, die Dinge mit klassischen Theorien zu beschreiben.\u201c (Albert Einstein)<\/p>\n\n\n\n<p>Mehr Konjuktiv geht nicht ! Durch das Zitat hindurch erscheint an der Wand &#8211; von 1000 zitternden Spiegeln reflektiert &#8211; der Kernsatz der Relativit\u00e4tstheorie von Albert Einstein,&nbsp;der besagt: <em>Nichts ist schneller als Licht.<\/em> <br>Die Installation wirft die Frage auf, ob der Mensch den innersten Kern der Welt im Letzten wirklich erkennen kann oder ob er in seiner Suche nach Wirklichkeit die Begrenztheit seines Geistes vorraussetzen muss.<\/p>\n\n\n\n<figure class=\"wp-block-image size-full\"><img loading=\"lazy\" decoding=\"async\" width=\"1200\" height=\"900\" src=\"https:\/\/edition-gl.de\/wp-content\/uploads\/2026\/04\/IMG_4494.jpeg\" alt=\"\" class=\"wp-image-1853\" srcset=\"https:\/\/edition-gl.de\/wp-content\/uploads\/2026\/04\/IMG_4494.jpeg 1200w, https:\/\/edition-gl.de\/wp-content\/uploads\/2026\/04\/IMG_4494-360x270.jpeg 360w, https:\/\/edition-gl.de\/wp-content\/uploads\/2026\/04\/IMG_4494-768x576.jpeg 768w\" sizes=\"auto, (max-width: 1200px) 100vw, 1200px\" \/><\/figure>\n\n\n\n<p><\/p>\n\n\n\n<p>Die Waage zu halten zwischen der Kraft des menschlichen Geists und dem wahrnehmbar Gr\u00f6\u00dferen, f\u00fcr das der Begriff GOTT steht, ist immer schon der Kern der Suche in den k\u00fcnstlerischen Arbeiten von Gregor Lin\u00dfen. Diese Lebenseinstellung zeigt sich auch im zweiten im Fenster 1 gezeigten Werk:<\/p>\n\n\n\n<div style=\"height:26px\" aria-hidden=\"true\" class=\"wp-block-spacer\"><\/div>\n\n\n\n<p>GREGOR LINHSEN<\/p>\n\n\n\n<p><strong>MALUM<\/strong><\/p>\n\n\n\n<p class=\"has-small-font-size\">Objektinstallation Apfel auf Igel-Puzzle (Messing, 300 gedrehte Stacheln)<\/p>\n\n\n\n<p>In den Wochen der Ausstellung entsteht ein Zeitraffer-Video eines verrottenden Apfels aufgespie\u00dft auf den 300 Stacheln eines Igels. Die Bedeutung des lateinischen Worts <em>malum <\/em>ist sowohl \u201e<em>Apfel\u201c <\/em>als auch \u201e<em>das \u00dcbel\u201c<\/em>. Die Gabe der Erkenntnis, f\u00fcr die dieses Symbol steht, birgt gleichzeitig die Gefahr der Hybris des Verstands.<\/p>\n\n\n\n\n\n<div style=\"height:31px\" aria-hidden=\"true\" class=\"wp-block-spacer\"><\/div>\n\n\n\n<div style=\"height:37px\" aria-hidden=\"true\" class=\"wp-block-spacer\"><\/div>\n\n\n\n<p>Zum K\u00fcnstler<\/p>\n\n\n\n<p><strong><a href=\"https:\/\/edition-gl.de\/index.php\/gregor-linssen\/\" data-type=\"page\" data-id=\"7\">GREGOR LINHSEN<\/a><\/strong><\/p>\n\n\n\n<p>\u2026 erfand aus der Kombination seines Studiums zum Ton- &amp; Bildingenieur und seinen \u00fcberflie\u00dfenden Ideen in Text, Musik und visueller Kunst den Beruf des Kreativ-Ingenieurs. Von seinem fr\u00fchen F\u00f6rderer, dem K\u00fcnstlerpater Wilhelm Pfeil, \u00fcbernahm er das Prinzip des Entbergen. Er betrachtet Kunst als die Suche nach der Wahrheit hinter der wahrgenommenen Wirklichkeit und damit als einen Ausdruck von Glauben. Mit dem technischen Studium im Hintergrund ist er in der Lage das Miterleben seiner musikalischen Werke mit der optischen Einbeziehung der Konzert-R\u00e4ume zu Gesamtkunstwerken aus zu machen.<\/p>\n\n\n\n\n\n<div class=\"wp-block-buttons is-layout-flex wp-block-buttons-is-layout-flex\">\n<div class=\"wp-block-button\"><a class=\"wp-block-button__link wp-element-button\" href=\"https:\/\/edition-gl.de\/index.php\/buchen\/vision\/\">zur\u00fcck zu VISIONair<\/a><\/div>\n\n\n\n<div class=\"wp-block-button\"><a class=\"wp-block-button__link wp-element-button\" href=\"https:\/\/edition-gl.de\/index.php\/buchen\/vision\/visionair-nn\/\">Fenster 2<\/a><\/div>\n\n\n\n<div class=\"wp-block-button\"><a class=\"wp-block-button__link wp-element-button\" href=\"https:\/\/edition-gl.de\/index.php\/buchen\/vision\/visionair-jg\/\">Fenster 3<\/a><\/div>\n\n\n\n<div class=\"wp-block-button\"><a class=\"wp-block-button__link wp-element-button\" href=\"https:\/\/edition-gl.de\/index.php\/buchen\/vision\/visionair-mm\/\">Fenster 4<\/a><\/div>\n\n\n\n<div class=\"wp-block-button\"><a class=\"wp-block-button__link wp-element-button\" href=\"https:\/\/edition-gl.de\/index.php\/buchen\/vision\/visionair-as\/\">Fenster 5<\/a><\/div>\n<\/div>\n\n\n\n<p><\/p>\n","protected":false},"excerpt":{"rendered":"<p>GREGOR LINHSEN DIE ANDERE SEITE DES LICHTS&nbsp;Lichtinstallation mit 1000 zitternden Spiegeln &#8222;Wir m\u00fcssen erkennen, dass wir weit von dem Zustand entfernt sind, in dem wir hoffen k\u00f6nnen, die Dinge mit klassischen Theorien zu beschreiben.\u201c (Albert Einstein) Mehr Konjuktiv geht nicht ! Durch das Zitat hindurch erscheint an der Wand &#8211; von 1000 zitternden Spiegeln reflektiert [&hellip;]<\/p>\n","protected":false},"author":2,"featured_media":0,"parent":1769,"menu_order":0,"comment_status":"closed","ping_status":"closed","template":"","meta":{"footnotes":""},"class_list":["post-1789","page","type-page","status-publish","hentry"],"_links":{"self":[{"href":"https:\/\/edition-gl.de\/index.php\/wp-json\/wp\/v2\/pages\/1789","targetHints":{"allow":["GET"]}}],"collection":[{"href":"https:\/\/edition-gl.de\/index.php\/wp-json\/wp\/v2\/pages"}],"about":[{"href":"https:\/\/edition-gl.de\/index.php\/wp-json\/wp\/v2\/types\/page"}],"author":[{"embeddable":true,"href":"https:\/\/edition-gl.de\/index.php\/wp-json\/wp\/v2\/users\/2"}],"replies":[{"embeddable":true,"href":"https:\/\/edition-gl.de\/index.php\/wp-json\/wp\/v2\/comments?post=1789"}],"version-history":[{"count":6,"href":"https:\/\/edition-gl.de\/index.php\/wp-json\/wp\/v2\/pages\/1789\/revisions"}],"predecessor-version":[{"id":1854,"href":"https:\/\/edition-gl.de\/index.php\/wp-json\/wp\/v2\/pages\/1789\/revisions\/1854"}],"up":[{"embeddable":true,"href":"https:\/\/edition-gl.de\/index.php\/wp-json\/wp\/v2\/pages\/1769"}],"wp:attachment":[{"href":"https:\/\/edition-gl.de\/index.php\/wp-json\/wp\/v2\/media?parent=1789"}],"curies":[{"name":"wp","href":"https:\/\/api.w.org\/{rel}","templated":true}]}}