{"id":1741,"date":"2026-03-13T19:14:10","date_gmt":"2026-03-13T18:14:10","guid":{"rendered":"https:\/\/edition-gl.de\/?page_id=1741"},"modified":"2026-03-13T19:44:09","modified_gmt":"2026-03-13T18:44:09","slug":"die-sieben-gaben-2026","status":"publish","type":"page","link":"https:\/\/edition-gl.de\/index.php\/live\/die-sieben-gaben-2026\/","title":{"rendered":"Die sieben Gaben 2026"},"content":{"rendered":"\n<p>22.5.2026 |&nbsp;21.30 Uhr |&nbsp;K\u00f6lner Dom<\/p>\n\n\n\n<p>Nachtkonzert<br>Das Pfingst-Oratorium DIE SIEBEN GABEN<\/p>\n\n\n\n<p>20 \u20ac |&nbsp;erm. 15 \u20ac <\/p>\n\n\n\n<div class=\"wp-block-buttons is-layout-flex wp-block-buttons-is-layout-flex\">\n<div class=\"wp-block-button\"><a class=\"wp-block-button__link has-background wp-element-button\" href=\"https:\/\/www.koelnticket.de\/eventseries\/nachtkonzert-im-koelner-dom-die-sieben-gaben-das-pfingstoratorium-von-gregor-linssen-4112517\/\" style=\"background-color:#050b8b\">Karten bestellen bei K\u00f6lnTicket<\/a><\/div>\n<\/div>\n\n\n\n<p><strong>Ein Nachtkonzert im Dom.<\/strong>\u00a0Ist der K\u00f6lner Dom schon am Tag beeindruckend so wird er nachts geheimnisvoll und mystisch. Erst recht, wenn die Musik des Pfingst-Oratoriums<strong>\u00a0DIE SIEBEN GABEN<\/strong>\u00a0diesen besonderen Raum f\u00fcllt.<\/p>\n\n\n\n<p>Der Texter, Komponist und Musiker&nbsp;<strong>Gregor Lin\u00dfen<\/strong>&nbsp;ist ein Solit\u00e4r der geistlichen Musik in Deutschland: philosophische Texte zum Mit- und Weiterdenken, Musik ohne Schubladen und eine Spielfreude im Raum, in dem er Konzerte als Gesamtkunstwerke inszeniert.<\/p>\n\n\n\n<p><strong>Reaktionen:<\/strong>&nbsp;\u201e\u2026 ein musikalisch selten vielf\u00e4ltiges Werk von Gregorianik bis jazziger Popularmusik&#8230;\u201c \/ \u201e\u2026eine satte Firmvorbereitung in h\u00f6chst h\u00f6renswerter und zutiefst ber\u00fchrender Form an einem schlanken sp\u00e4ten Abend\u2026\u201c \/ \u201e\u2026 modern, nachdenklich, \u00fcberraschend und zum weiteren Nachdenken&#8230;\u201c<\/p>\n\n\n\n<p>Das&nbsp;<strong>Chorprojekt ALCANTO<\/strong>&nbsp;ist ein offenes, bundesdeutsches Chorprojekt mit Menschen, deren Anliegen es ist, Pfingsten als&nbsp;<strong>dritte besondere Nacht des Christentums<\/strong>&nbsp;mit einem musikalischen Friedensgebet erlebbar zu machen.<br>Die&nbsp;<strong>Gruppe AMI ist die renommierte Band um Gregor Lin\u00dfen<\/strong>, deren jazziger Grundsound mit einem klassischen Blechbl\u00e4serquintett und der gro\u00dfen Kirchenorgel filigrane bis satte Kl\u00e4nge und schwebende bis tanzende Grooves erzeugt.<\/p>\n\n\n\n<p>Die Leitung hat die Osnabr\u00fccker Kirchenmusikdirektorin Maria Hartelt.<\/p>\n\n\n\n<div style=\"height:34px\" aria-hidden=\"true\" class=\"wp-block-spacer\"><\/div>\n\n\n\n<figure class=\"wp-block-image\"><img loading=\"lazy\" decoding=\"async\" width=\"680\" height=\"1024\" src=\"https:\/\/edition-gl.de\/wp-content\/uploads\/2026\/03\/4B9A4054_DxOweb-680x1024.jpg\" alt=\"\" class=\"wp-image-1742\" srcset=\"https:\/\/edition-gl.de\/wp-content\/uploads\/2026\/03\/4B9A4054_DxOweb-680x1024.jpg 680w, https:\/\/edition-gl.de\/wp-content\/uploads\/2026\/03\/4B9A4054_DxOweb-239x360.jpg 239w, https:\/\/edition-gl.de\/wp-content\/uploads\/2026\/03\/4B9A4054_DxOweb-768x1156.jpg 768w, https:\/\/edition-gl.de\/wp-content\/uploads\/2026\/03\/4B9A4054_DxOweb-1021x1536.jpg 1021w, https:\/\/edition-gl.de\/wp-content\/uploads\/2026\/03\/4B9A4054_DxOweb.jpg 1200w\" sizes=\"auto, (max-width: 680px) 100vw, 680px\" \/><\/figure>\n\n\n\n<p class=\"has-small-font-size\"><br>Foto: Irmel Abel<br>Gregor Lin\u00dfen im Vierungsturm des K\u00f6lner Doms vom Nordturm <br>Mondfinsternis am 7.9.2026<\/p>\n\n\n\n<p><\/p>\n","protected":false},"excerpt":{"rendered":"<p>22.5.2026 |&nbsp;21.30 Uhr |&nbsp;K\u00f6lner Dom NachtkonzertDas Pfingst-Oratorium DIE SIEBEN GABEN 20 \u20ac |&nbsp;erm. 15 \u20ac Ein Nachtkonzert im Dom.\u00a0Ist der K\u00f6lner Dom schon am Tag beeindruckend so wird er nachts geheimnisvoll und mystisch. Erst recht, wenn die Musik des Pfingst-Oratoriums\u00a0DIE SIEBEN GABEN\u00a0diesen besonderen Raum f\u00fcllt. Der Texter, Komponist und Musiker&nbsp;Gregor Lin\u00dfen&nbsp;ist ein Solit\u00e4r der geistlichen [&hellip;]<\/p>\n","protected":false},"author":2,"featured_media":0,"parent":22,"menu_order":0,"comment_status":"closed","ping_status":"closed","template":"","meta":{"footnotes":""},"class_list":["post-1741","page","type-page","status-publish","hentry"],"_links":{"self":[{"href":"https:\/\/edition-gl.de\/index.php\/wp-json\/wp\/v2\/pages\/1741","targetHints":{"allow":["GET"]}}],"collection":[{"href":"https:\/\/edition-gl.de\/index.php\/wp-json\/wp\/v2\/pages"}],"about":[{"href":"https:\/\/edition-gl.de\/index.php\/wp-json\/wp\/v2\/types\/page"}],"author":[{"embeddable":true,"href":"https:\/\/edition-gl.de\/index.php\/wp-json\/wp\/v2\/users\/2"}],"replies":[{"embeddable":true,"href":"https:\/\/edition-gl.de\/index.php\/wp-json\/wp\/v2\/comments?post=1741"}],"version-history":[{"count":5,"href":"https:\/\/edition-gl.de\/index.php\/wp-json\/wp\/v2\/pages\/1741\/revisions"}],"predecessor-version":[{"id":1759,"href":"https:\/\/edition-gl.de\/index.php\/wp-json\/wp\/v2\/pages\/1741\/revisions\/1759"}],"up":[{"embeddable":true,"href":"https:\/\/edition-gl.de\/index.php\/wp-json\/wp\/v2\/pages\/22"}],"wp:attachment":[{"href":"https:\/\/edition-gl.de\/index.php\/wp-json\/wp\/v2\/media?parent=1741"}],"curies":[{"name":"wp","href":"https:\/\/api.w.org\/{rel}","templated":true}]}}