{"id":1613,"date":"2026-01-24T19:44:44","date_gmt":"2026-01-24T18:44:44","guid":{"rendered":"https:\/\/edition-gl.de\/?page_id=1613"},"modified":"2026-03-09T12:23:11","modified_gmt":"2026-03-09T11:23:11","slug":"edition-gl-kulturtechnik","status":"publish","type":"page","link":"https:\/\/edition-gl.de\/index.php\/buchen\/edition-gl-kulturtechnik\/","title":{"rendered":"EDITION GL kulturtechnik"},"content":{"rendered":"\n<p class=\"has-large-font-size\"><strong>EDITION GL<\/strong> kulturtechnik<\/p>\n\n\n\n<figure class=\"wp-block-image size-full\"><img loading=\"lazy\" decoding=\"async\" width=\"1200\" height=\"831\" src=\"https:\/\/edition-gl.de\/wp-content\/uploads\/2025\/12\/Zugspitze0-1.png\" alt=\"\" class=\"wp-image-1472\" srcset=\"https:\/\/edition-gl.de\/wp-content\/uploads\/2025\/12\/Zugspitze0-1.png 1200w, https:\/\/edition-gl.de\/wp-content\/uploads\/2025\/12\/Zugspitze0-1-360x249.png 360w, https:\/\/edition-gl.de\/wp-content\/uploads\/2025\/12\/Zugspitze0-1-768x532.png 768w\" sizes=\"auto, (max-width: 1200px) 100vw, 1200px\" \/><\/figure>\n\n\n\n<p>Gregor Lin\u00dfen ist nicht &#8222;nur&#8220; der Liedermacher. Er ist vor allem kreativ. Und er ist Ingenieur. Zusammen ergibt das einen Kreativ-Ingenieur. Als solcher kommt Gregor Lin\u00dfen immer auf eine durchf\u00fchrbare Idee. Und wenn daf\u00fcr die Zugspitze in UV-Licht getaucht werden muss&#8230;<br>Eine Choraufnahme live oder als Produktion, eine Konzertbeschallung oder die Verwandlung eines rein akustischen Konzertorts durch Licht und\/oder Videoprojektion sind da eher einfache, aber gerne erf\u00fcllte Aufgaben. <br>Dabei kann er auf das hochwertige technische Equipment zur\u00fcckgreifen, mit dem er seine gro\u00dfen Oratorien inszeniert.<\/p>\n\n\n\n<p>Vertrauen Sie Ihr Konzert der Kreativit\u00e4t von Gregor Lin\u00dfen an.<br><strong>Machen Sie aus Ihrem Konzert ein Erlebnis !<\/strong><\/p>\n\n\n\n<div class=\"wp-block-buttons is-layout-flex wp-block-buttons-is-layout-flex\">\n<div class=\"wp-block-button\"><a class=\"wp-block-button__link wp-element-button\" href=\"https:\/\/edition-gl.de\/wp-content\/uploads\/2025\/07\/EdGLkultur_Preisbeispiele.pdf\" target=\"_blank\" rel=\"noreferrer noopener\">Preisbeispiele EDITION GL kulturtechnik<\/a><\/div>\n<\/div>\n\n\n\n<p>Nennen Sie einfach Termin, die Aufgabe und ein Budget f\u00fcr Ihre Veranstaltung und Sie bekommen ein Inszenierungs-Angebot f\u00fcr Ihr Konzert:<\/p>\n\n\n\n<div class=\"wp-block-contact-form-7-contact-form-selector\">\n<div class=\"wpcf7 no-js\" id=\"wpcf7-f706-o1\" lang=\"de-DE\" dir=\"ltr\" data-wpcf7-id=\"706\">\n<div class=\"screen-reader-response\"><p role=\"status\" aria-live=\"polite\" aria-atomic=\"true\"><\/p> <ul><\/ul><\/div>\n<form action=\"\/index.php\/wp-json\/wp\/v2\/pages\/1613#wpcf7-f706-o1\" method=\"post\" class=\"wpcf7-form init\" aria-label=\"Kontaktformular\" novalidate=\"novalidate\" data-status=\"init\">\n<fieldset class=\"hidden-fields-container\"><input type=\"hidden\" name=\"_wpcf7\" value=\"706\" \/><input type=\"hidden\" name=\"_wpcf7_version\" value=\"6.1.5\" \/><input type=\"hidden\" name=\"_wpcf7_locale\" value=\"de_DE\" \/><input type=\"hidden\" name=\"_wpcf7_unit_tag\" value=\"wpcf7-f706-o1\" \/><input type=\"hidden\" name=\"_wpcf7_container_post\" value=\"0\" \/><input type=\"hidden\" name=\"_wpcf7_posted_data_hash\" value=\"\" \/><input type=\"hidden\" name=\"_wpcf7_recaptcha_response\" value=\"\" \/>\n<\/fieldset>\n<p><label> Name<br \/>\n<span class=\"wpcf7-form-control-wrap\" data-name=\"your-name\"><input size=\"40\" maxlength=\"400\" class=\"wpcf7-form-control wpcf7-text wpcf7-validates-as-required\" autocomplete=\"name\" aria-required=\"true\" aria-invalid=\"false\" value=\"\" type=\"text\" name=\"your-name\" \/><\/span> <\/label>\n<\/p>\n<p><label> E-Mail-Adresse<br \/>\n<span class=\"wpcf7-form-control-wrap\" data-name=\"your-email\"><input size=\"40\" maxlength=\"400\" class=\"wpcf7-form-control wpcf7-email wpcf7-validates-as-required wpcf7-text wpcf7-validates-as-email\" autocomplete=\"email\" aria-required=\"true\" aria-invalid=\"false\" value=\"\" type=\"email\" name=\"your-email\" \/><\/span> <\/label>\n<\/p>\n<p><label> Betreff<br \/>\n<span class=\"wpcf7-form-control-wrap\" data-name=\"your-subject\"><input size=\"40\" maxlength=\"400\" class=\"wpcf7-form-control wpcf7-text wpcf7-validates-as-required\" aria-required=\"true\" aria-invalid=\"false\" value=\"\" type=\"text\" name=\"your-subject\" \/><\/span> <\/label>\n<\/p>\n<p><label> Nachricht<br \/>\n<span class=\"wpcf7-form-control-wrap\" data-name=\"your-message\"><textarea cols=\"40\" rows=\"10\" maxlength=\"2000\" class=\"wpcf7-form-control wpcf7-textarea\" aria-invalid=\"false\" name=\"your-message\"><\/textarea><\/span> <\/label>\n<\/p>\n<p><input class=\"wpcf7-form-control wpcf7-submit has-spinner\" type=\"submit\" value=\"Senden\" \/>\n<\/p><div class=\"wpcf7-response-output\" aria-hidden=\"true\"><\/div>\n<\/form>\n<\/div>\n<\/div>\n\n\n\n<p><\/p>\n","protected":false},"excerpt":{"rendered":"<p>EDITION GL kulturtechnik Gregor Lin\u00dfen ist nicht &#8222;nur&#8220; der Liedermacher. Er ist vor allem kreativ. Und er ist Ingenieur. Zusammen ergibt das einen Kreativ-Ingenieur. Als solcher kommt Gregor Lin\u00dfen immer auf eine durchf\u00fchrbare Idee. Und wenn daf\u00fcr die Zugspitze in UV-Licht getaucht werden muss&#8230;Eine Choraufnahme live oder als Produktion, eine Konzertbeschallung oder die Verwandlung eines [&hellip;]<\/p>\n","protected":false},"author":2,"featured_media":0,"parent":426,"menu_order":0,"comment_status":"closed","ping_status":"closed","template":"","meta":{"footnotes":""},"class_list":["post-1613","page","type-page","status-publish","hentry"],"_links":{"self":[{"href":"https:\/\/edition-gl.de\/index.php\/wp-json\/wp\/v2\/pages\/1613","targetHints":{"allow":["GET"]}}],"collection":[{"href":"https:\/\/edition-gl.de\/index.php\/wp-json\/wp\/v2\/pages"}],"about":[{"href":"https:\/\/edition-gl.de\/index.php\/wp-json\/wp\/v2\/types\/page"}],"author":[{"embeddable":true,"href":"https:\/\/edition-gl.de\/index.php\/wp-json\/wp\/v2\/users\/2"}],"replies":[{"embeddable":true,"href":"https:\/\/edition-gl.de\/index.php\/wp-json\/wp\/v2\/comments?post=1613"}],"version-history":[{"count":6,"href":"https:\/\/edition-gl.de\/index.php\/wp-json\/wp\/v2\/pages\/1613\/revisions"}],"predecessor-version":[{"id":1736,"href":"https:\/\/edition-gl.de\/index.php\/wp-json\/wp\/v2\/pages\/1613\/revisions\/1736"}],"up":[{"embeddable":true,"href":"https:\/\/edition-gl.de\/index.php\/wp-json\/wp\/v2\/pages\/426"}],"wp:attachment":[{"href":"https:\/\/edition-gl.de\/index.php\/wp-json\/wp\/v2\/media?parent=1613"}],"curies":[{"name":"wp","href":"https:\/\/api.w.org\/{rel}","templated":true}]}}