{"id":1604,"date":"2026-01-09T12:19:46","date_gmt":"2026-01-09T11:19:46","guid":{"rendered":"https:\/\/edition-gl.de\/?page_id=1604"},"modified":"2026-01-09T12:20:22","modified_gmt":"2026-01-09T11:20:22","slug":"oratorien","status":"publish","type":"page","link":"https:\/\/edition-gl.de\/index.php\/lieder\/oratorien\/","title":{"rendered":"Oratorien"},"content":{"rendered":"\n<p class=\"has-large-font-size\">Oratorien von Gregor Lin\u00dfen<\/p>\n\n\n\n<p>Gregor Lin\u00dfen begann Ende der 1980er Jahre als Komponist von Neuen geistlichen Liedern (NGL). Der Auftrag  von Leo Langer 1996 ein Werk f\u00fcr die Musikwallfahrt nach Jerusalem zu schreiben machte ihn zum Oratorien-Komponisten. Diese Gro\u00dfform erm\u00f6glichte seine Entwicklung zu einer komplexeren Kompositionsweise. Zum ersten Mal tauchen krumme Taktarten auf, die dem Rhythmus der Sprache und den L\u00e4ngen der Silben folgen. Nur wenige St\u00fccke eines Oratoriums sind als NGL im engeren Sinn zu betrachten.<\/p>\n\n\n\n<p>Die Oratorien &#8211; Trilogie <br><strong>REDE UND ANTWORT<\/strong><\/p>\n\n\n\n<p>1998  Die SPUR von morgen<\/p>\n\n\n\n<p>2002  ADAM &#8211; Die Suche nach dem Menschen<\/p>\n\n\n\n<p>2007  PETRUS und der Hahn<\/p>\n\n\n\n<div style=\"height:29px\" aria-hidden=\"true\" class=\"wp-block-spacer\"><\/div>\n\n\n\n<p>2016  <strong>PSALM 2016<\/strong><\/p>\n\n\n\n<div style=\"height:36px\" aria-hidden=\"true\" class=\"wp-block-spacer\"><\/div>\n\n\n\n<p>2020  <strong>DIE SIEBEN GABEN <\/strong><\/p>\n\n\n\n<div style=\"height:36px\" aria-hidden=\"true\" class=\"wp-block-spacer\"><\/div>\n\n\n\n<p>Gregor Lin\u00dfen m\u00f6chte noch zwei weitere Oratorien schreiben. <br><\/p>\n\n\n\n<p><\/p>\n","protected":false},"excerpt":{"rendered":"<p>Oratorien von Gregor Lin\u00dfen Gregor Lin\u00dfen begann Ende der 1980er Jahre als Komponist von Neuen geistlichen Liedern (NGL). Der Auftrag von Leo Langer 1996 ein Werk f\u00fcr die Musikwallfahrt nach Jerusalem zu schreiben machte ihn zum Oratorien-Komponisten. Diese Gro\u00dfform erm\u00f6glichte seine Entwicklung zu einer komplexeren Kompositionsweise. Zum ersten Mal tauchen krumme Taktarten auf, die dem [&hellip;]<\/p>\n","protected":false},"author":2,"featured_media":0,"parent":2,"menu_order":0,"comment_status":"closed","ping_status":"closed","template":"","meta":{"footnotes":""},"class_list":["post-1604","page","type-page","status-publish","hentry"],"_links":{"self":[{"href":"https:\/\/edition-gl.de\/index.php\/wp-json\/wp\/v2\/pages\/1604","targetHints":{"allow":["GET"]}}],"collection":[{"href":"https:\/\/edition-gl.de\/index.php\/wp-json\/wp\/v2\/pages"}],"about":[{"href":"https:\/\/edition-gl.de\/index.php\/wp-json\/wp\/v2\/types\/page"}],"author":[{"embeddable":true,"href":"https:\/\/edition-gl.de\/index.php\/wp-json\/wp\/v2\/users\/2"}],"replies":[{"embeddable":true,"href":"https:\/\/edition-gl.de\/index.php\/wp-json\/wp\/v2\/comments?post=1604"}],"version-history":[{"count":2,"href":"https:\/\/edition-gl.de\/index.php\/wp-json\/wp\/v2\/pages\/1604\/revisions"}],"predecessor-version":[{"id":1607,"href":"https:\/\/edition-gl.de\/index.php\/wp-json\/wp\/v2\/pages\/1604\/revisions\/1607"}],"up":[{"embeddable":true,"href":"https:\/\/edition-gl.de\/index.php\/wp-json\/wp\/v2\/pages\/2"}],"wp:attachment":[{"href":"https:\/\/edition-gl.de\/index.php\/wp-json\/wp\/v2\/media?parent=1604"}],"curies":[{"name":"wp","href":"https:\/\/api.w.org\/{rel}","templated":true}]}}