{"id":1426,"date":"2025-11-01T12:46:35","date_gmt":"2025-11-01T11:46:35","guid":{"rendered":"https:\/\/edition-gl.de\/?page_id=1426"},"modified":"2026-01-30T10:44:55","modified_gmt":"2026-01-30T09:44:55","slug":"musikwallfahrt-2026","status":"publish","type":"page","link":"https:\/\/edition-gl.de\/index.php\/musikwallfahrt-2026\/","title":{"rendered":"Musikwallfahrt 2026"},"content":{"rendered":"\n<p class=\"has-large-font-size\"><strong>Musikwallfahrt 2026 &#8211; 7 Tage 7 Lieder<\/strong><\/p>\n\n\n\n<figure class=\"wp-block-image size-full\"><img loading=\"lazy\" decoding=\"async\" width=\"1200\" height=\"300\" src=\"https:\/\/edition-gl.de\/wp-content\/uploads\/2025\/12\/7T7L2026_Banner1200.png\" alt=\"\" class=\"wp-image-1497\" srcset=\"https:\/\/edition-gl.de\/wp-content\/uploads\/2025\/12\/7T7L2026_Banner1200.png 1200w, https:\/\/edition-gl.de\/wp-content\/uploads\/2025\/12\/7T7L2026_Banner1200-360x90.png 360w, https:\/\/edition-gl.de\/wp-content\/uploads\/2025\/12\/7T7L2026_Banner1200-768x192.png 768w\" sizes=\"auto, (max-width: 1200px) 100vw, 1200px\" \/><\/figure>\n\n\n\n<p>Ein neues Wallfahrtsformat in der Tradition der Idee Leo Langers.<\/p>\n\n\n\n<p><strong>Singend bedenken, gemeinsam auf dem Weg <\/strong><\/p>\n\n\n\n<p>Mehr Zeit zur Begegnung untereinander. <br>Mehr Zeit zum eigenen Nachdenken. <br>Mehr Zeit zum Wandern.<\/p>\n\n\n\n<p>Und trotzdem viel Zeit mit sieben Liedern von Gregor Lin\u00dfen<br>und einem kleinen konzertanter Gedankengang am Ende der Wallfahrtstage.<\/p>\n\n\n\n<p>Vom 26.9.- 3.10.2026 sind Gregor Lin\u00dfen und Christina Hernold in dem Weiler <em>&#8222;Il Castagneto<\/em>&#8220; in Villar Pellice im Piemont anzutreffen und freuen sich auf Menschen mit denen sie ein Konzert irgendwo in den kottischen Alpen singen werden. Und sei es auf einem Berg.<\/p>\n\n\n\n<p>Auf drei konditionsm\u00e4\u00dfig mittel (8km |&nbsp;300 H\u00f6henmeter) bis schweren (14km | 900H\u00f6henmeter) Bergwanderungen erleben die Teilnehmer grandiose Natur. Kn\u00f6chelhohe Wanderstiefel sind sinnvoll. Wanderst\u00f6cke sind von Vorteil. Es ist alpines Gebiet, aber es wird keine Kletterstellen geben, die Helm oder sonstige Ausr\u00fcstung erforderlich machen.<\/p>\n\n\n\n<p>Die Wanderungen werden ggf. dem Wetter angepasst.<\/p>\n\n\n\n<p>Teilnehmerzahl 30 bis max. 50. (Anmeldestand 31.1.26 = 32)<\/p>\n\n\n\n<div class=\"wp-block-buttons is-layout-flex wp-block-buttons-is-layout-flex\">\n<div class=\"wp-block-button\"><a class=\"wp-block-button__link wp-element-button\" href=\"https:\/\/edition-gl.de\/wp-content\/uploads\/2025\/10\/260925-Wallfahrt-Flyer.pdf\"> Infos &amp; Anmeldung (pdf 5,7 MB)<\/a><\/div>\n<\/div>\n\n\n\n<div style=\"height:35px\" aria-hidden=\"true\" class=\"wp-block-spacer\"><\/div>\n\n\n\n<div class=\"wp-block-contact-form-7-contact-form-selector\">\n<div class=\"wpcf7 no-js\" id=\"wpcf7-f1420-o1\" lang=\"de-DE\" dir=\"ltr\" data-wpcf7-id=\"1420\">\n<div class=\"screen-reader-response\"><p role=\"status\" aria-live=\"polite\" aria-atomic=\"true\"><\/p> <ul><\/ul><\/div>\n<form action=\"\/index.php\/wp-json\/wp\/v2\/pages\/1426#wpcf7-f1420-o1\" method=\"post\" class=\"wpcf7-form init\" aria-label=\"Kontaktformular\" novalidate=\"novalidate\" data-status=\"init\">\n<fieldset class=\"hidden-fields-container\"><input type=\"hidden\" name=\"_wpcf7\" value=\"1420\" \/><input type=\"hidden\" name=\"_wpcf7_version\" value=\"6.1.5\" \/><input type=\"hidden\" name=\"_wpcf7_locale\" value=\"de_DE\" \/><input type=\"hidden\" name=\"_wpcf7_unit_tag\" value=\"wpcf7-f1420-o1\" \/><input type=\"hidden\" name=\"_wpcf7_container_post\" value=\"0\" \/><input type=\"hidden\" name=\"_wpcf7_posted_data_hash\" value=\"\" \/><input type=\"hidden\" name=\"_wpcf7_recaptcha_response\" value=\"\" \/>\n<\/fieldset>\n<p>Verbindliche Anmeldung\n<\/p>\n<p><label> Dein Name<br \/>\n<span class=\"wpcf7-form-control-wrap\" data-name=\"your-name\"><input size=\"40\" maxlength=\"400\" class=\"wpcf7-form-control wpcf7-text wpcf7-validates-as-required\" autocomplete=\"name\" aria-required=\"true\" aria-invalid=\"false\" value=\"\" type=\"text\" name=\"your-name\" \/><\/span> <\/label>\n<\/p>\n<p><span class=\"wpcf7-form-control-wrap\" data-name=\"PLZ-Ort\"><input size=\"40\" maxlength=\"50\" minlength=\"5\" class=\"wpcf7-form-control wpcf7-text wpcf7-validates-as-required\" aria-required=\"true\" aria-invalid=\"false\" placeholder=\"PLZ+Ort\" value=\"\" type=\"text\" name=\"PLZ-Ort\" \/><\/span>\n<\/p>\n<p><label> Deine E-Mail-Adresse<br \/>\n<span class=\"wpcf7-form-control-wrap\" data-name=\"your-email\"><input size=\"40\" maxlength=\"400\" class=\"wpcf7-form-control wpcf7-email wpcf7-validates-as-required wpcf7-text wpcf7-validates-as-email\" autocomplete=\"email\" aria-required=\"true\" aria-invalid=\"false\" value=\"\" type=\"email\" name=\"your-email\" \/><\/span> <\/label>\n<\/p>\n<p>EDITION GL Musikwallfahrt 2026 \"7 Tage 7 Lieder\"<br \/>\n26.9.- 3.10.2026\n<\/p>\n<p>Villar Pelice (Piemont)<br \/>\nIl Castagneto\n<\/p>\n<p>Beginn: SA 26.9.2026 | ab 15.00 Uhr Ankommen<br \/>\nEnde: SA 3.10.2026 | ca 10.00 Uhr (nach der Abschlussrunde)\n<\/p>\n<p>Vollpension mit Rahmenprogramm<br \/>\nEigene Anreise\n<\/p>\n<p>Hiermit melde ich mich verbindlich f\u00fcr die Musikwallfahrt 2026 an:\n<\/p>\n<p>Unterkunftskosten (zahlbar per \u00dcberweisung bis 1.6.2026)\n<\/p>\n<p>Einfache Unterkunft (JH Standart) mit Vollverpflegung<br \/>\nDZ mit Bad ist ausgebucht.<br \/>\n<span class=\"wpcf7-form-control-wrap\" data-name=\"Unterkunft\"><span class=\"wpcf7-form-control wpcf7-radio\"><span class=\"wpcf7-list-item first\"><label><input type=\"radio\" name=\"Unterkunft\" value=\"4-Bett-Zimmer mit Bad 470 \u20ac\" \/><span class=\"wpcf7-list-item-label\">4-Bett-Zimmer mit Bad 470 \u20ac<\/span><\/label><\/span><span class=\"wpcf7-list-item\"><label><input type=\"radio\" name=\"Unterkunft\" value=\"DZ ohne Bad 450 \u20ac\" \/><span class=\"wpcf7-list-item-label\">DZ ohne Bad 450 \u20ac<\/span><\/label><\/span><span class=\"wpcf7-list-item last\"><label><input type=\"radio\" name=\"Unterkunft\" value=\"4-Bett-Zimmer ohne Bad 350 \u20ac\" \/><span class=\"wpcf7-list-item-label\">4-Bett-Zimmer ohne Bad 350 \u20ac<\/span><\/label><\/span><\/span><\/span>\n<\/p>\n<p>Belegung nach Verf\u00fcgbarkeit des Hauses.<br \/>\nWunschkategorie bei ausgebuchter Erstwahl (Mehrfachwahl m\u00f6glich)<br \/>\n<span class=\"wpcf7-form-control-wrap\" data-name=\"Zimmerwahl_Ersatz\"><span class=\"wpcf7-form-control wpcf7-checkbox\"><span class=\"wpcf7-list-item first\"><label><input type=\"checkbox\" name=\"Zimmerwahl_Ersatz[]\" value=\"DZ ohne Bad\" \/><span class=\"wpcf7-list-item-label\">DZ ohne Bad<\/span><\/label><\/span><span class=\"wpcf7-list-item\"><label><input type=\"checkbox\" name=\"Zimmerwahl_Ersatz[]\" value=\"4Z ohne Bad\" \/><span class=\"wpcf7-list-item-label\">4Z ohne Bad<\/span><\/label><\/span><span class=\"wpcf7-list-item last\"><label><input type=\"checkbox\" name=\"Zimmerwahl_Ersatz[]\" value=\"Dann komme ich nicht mit.\" \/><span class=\"wpcf7-list-item-label\">Dann komme ich nicht mit.<\/span><\/label><\/span><\/span><\/span>\n<\/p>\n<p>Kursbeitrag 200 \u20ac (erm\u00e4\u00dfigt 100 \u20ac)<br \/>\nDer Kursbeitrag wird zu Beginn bar eingesammelt.\n<\/p>\n<p>Verpflegung<br \/>\n<span class=\"wpcf7-form-control-wrap\" data-name=\"Verpflegung\"><span class=\"wpcf7-form-control wpcf7-checkbox wpcf7-validates-as-required\"><span class=\"wpcf7-list-item first\"><label><input type=\"checkbox\" name=\"Verpflegung[]\" value=\"Allesesser\" \/><span class=\"wpcf7-list-item-label\">Allesesser<\/span><\/label><\/span><span class=\"wpcf7-list-item\"><label><input type=\"checkbox\" name=\"Verpflegung[]\" value=\"Vegetarier\" \/><span class=\"wpcf7-list-item-label\">Vegetarier<\/span><\/label><\/span><span class=\"wpcf7-list-item\"><label><input type=\"checkbox\" name=\"Verpflegung[]\" value=\"Kaffeetrinker\" \/><span class=\"wpcf7-list-item-label\">Kaffeetrinker<\/span><\/label><\/span><span class=\"wpcf7-list-item last\"><label><input type=\"checkbox\" name=\"Verpflegung[]\" value=\"Teetrinker\" \/><span class=\"wpcf7-list-item-label\">Teetrinker<\/span><\/label><\/span><\/span><\/span>\n<\/p>\n<p>Allergien<br \/>\n<span class=\"wpcf7-form-control-wrap\" data-name=\"Allergien\"><span class=\"wpcf7-form-control wpcf7-checkbox\"><span class=\"wpcf7-list-item first\"><label><input type=\"checkbox\" name=\"Allergien[]\" value=\"Gluten\" \/><span class=\"wpcf7-list-item-label\">Gluten<\/span><\/label><\/span><span class=\"wpcf7-list-item\"><label><input type=\"checkbox\" name=\"Allergien[]\" value=\"Lactose\" \/><span class=\"wpcf7-list-item-label\">Lactose<\/span><\/label><\/span><span class=\"wpcf7-list-item\"><label><input type=\"checkbox\" name=\"Allergien[]\" value=\"Hefe\" \/><span class=\"wpcf7-list-item-label\">Hefe<\/span><\/label><\/span><span class=\"wpcf7-list-item\"><label><input type=\"checkbox\" name=\"Allergien[]\" value=\"Schweinefleisch\" \/><span class=\"wpcf7-list-item-label\">Schweinefleisch<\/span><\/label><\/span><span class=\"wpcf7-list-item last\"><label><input type=\"checkbox\" name=\"Allergien[]\" value=\"Sonstiges (bitte in die Nachricht schreiben)\" \/><span class=\"wpcf7-list-item-label\">Sonstiges (bitte in die Nachricht schreiben)<\/span><\/label><\/span><\/span><\/span>\n<\/p>\n<p>Stimmlage (und nicht singende Begleitpersonen)<br \/>\n<span class=\"wpcf7-form-control-wrap\" data-name=\"Stimmlage\"><select class=\"wpcf7-form-control wpcf7-select wpcf7-validates-as-required\" aria-required=\"true\" aria-invalid=\"false\" name=\"Stimmlage\"><option value=\"Sopran 1 (Hauptstimme)\">Sopran 1 (Hauptstimme)<\/option><option value=\"Sopran 2 (hoher Sopran\/Groovestimme)\">Sopran 2 (hoher Sopran\/Groovestimme)<\/option><option value=\"Alt\">Alt<\/option><option value=\"Tenor\">Tenor<\/option><option value=\"Bass\">Bass<\/option><option value=\"nicht singende Begleitperson\">nicht singende Begleitperson<\/option><\/select><\/span>\n<\/p>\n<p>Singerfahrung<br \/>\n<span class=\"wpcf7-form-control-wrap\" data-name=\"Singerfahrung\"><span class=\"wpcf7-form-control wpcf7-checkbox wpcf7-validates-as-required\"><span class=\"wpcf7-list-item first\"><label><input type=\"checkbox\" name=\"Singerfahrung[]\" value=\"keine\" \/><span class=\"wpcf7-list-item-label\">keine<\/span><\/label><\/span><span class=\"wpcf7-list-item\"><label><input type=\"checkbox\" name=\"Singerfahrung[]\" value=\"Ich singe aktuell in einem Chor.\" \/><span class=\"wpcf7-list-item-label\">Ich singe aktuell in einem Chor.<\/span><\/label><\/span><span class=\"wpcf7-list-item\"><label><input type=\"checkbox\" name=\"Singerfahrung[]\" value=\"Ich erfasse meine Stimme nach mehrfachem Voringen-Nachsingen.\" \/><span class=\"wpcf7-list-item-label\">Ich erfasse meine Stimme nach mehrfachem Voringen-Nachsingen.<\/span><\/label><\/span><span class=\"wpcf7-list-item\"><label><input type=\"checkbox\" name=\"Singerfahrung[]\" value=\"Ich erfasse meine Stimme nach einmaligem Vorsingen-Nachsingen.\" \/><span class=\"wpcf7-list-item-label\">Ich erfasse meine Stimme nach einmaligem Vorsingen-Nachsingen.<\/span><\/label><\/span><span class=\"wpcf7-list-item\"><label><input type=\"checkbox\" name=\"Singerfahrung[]\" value=\"Ich singe vom Blatt.\" \/><span class=\"wpcf7-list-item-label\">Ich singe vom Blatt.<\/span><\/label><\/span><span class=\"wpcf7-list-item last\"><label><input type=\"checkbox\" name=\"Singerfahrung[]\" value=\"Ich kann Noten lesen.\" \/><span class=\"wpcf7-list-item-label\">Ich kann Noten lesen.<\/span><\/label><\/span><\/span><\/span>\n<\/p>\n<p>Stornoregelung<br \/>\nNach dem 1.6.2026 ist eine Absage mit Stornokosten verbunden. Die Benennung eines\/r Ersatzteilnehmer\/in ist m\u00f6glich. Eine Reisekosten-R\u00fccktrittversicherung w\u00e4re privat abzuschlie\u00dfen (z.B. ADAC, Barmenia u.a.)\n<\/p>\n<p><label> Nachricht an das EDITION GL Team (optional)<br \/>\n<span class=\"wpcf7-form-control-wrap\" data-name=\"your-message\"><textarea cols=\"40\" rows=\"10\" maxlength=\"2000\" class=\"wpcf7-form-control wpcf7-textarea\" aria-invalid=\"false\" name=\"your-message\"><\/textarea><\/span> <\/label>\n<\/p>\n<p>Sicherheitsabfrage<br \/>\n<span class=\"wpcf7-form-control-wrap\" data-name=\"Sicherheitsfrage\"><label><span class=\"wpcf7-quiz-label\">Wie hei\u00dft die Region in die die Reise f\u00fchrt?<\/span> <input size=\"40\" class=\"wpcf7-form-control wpcf7-quiz\" autocomplete=\"off\" aria-required=\"true\" aria-invalid=\"false\" type=\"text\" name=\"Sicherheitsfrage\" \/><\/label><input type=\"hidden\" name=\"_wpcf7_quiz_answer_Sicherheitsfrage\" value=\"e3c5742ae917b69a7e3b888eab70724e\" \/><\/span>\n<\/p>\n<p>Anmeldeschluss: 1.6.2026\n<\/p>\n<p>DSGVO<br \/>\nDie Anmeldung geschieht durch ein reines eMail-System. Es werden keine Daten im Netz gespeichert.<br \/>\nBei den Chortagen werden Fotos und Videos entstehen. Deren Verwendung auf der EDITION GL Webseite und im Newsletter werden akzeptiert. Dar\u00fcber hinaus gilt ein gegenseitiger, verantwortungsvoller Umgang der Teilnehmenden mit den Pers\u00f6nlichkeitsrechten beim Bespielen von Social Media Plattformen als vereinbart.\n<\/p>\n<p><span class=\"wpcf7-form-control-wrap\" data-name=\"Zustimmung\"><span class=\"wpcf7-form-control wpcf7-acceptance\"><span class=\"wpcf7-list-item\"><label><input type=\"checkbox\" name=\"Zustimmung\" value=\"1\" aria-invalid=\"false\" \/><span class=\"wpcf7-list-item-label\">Anmelde- und Teilnahmebedingungen akzeptiert.<\/span><\/label><\/span><\/span><\/span>\n<\/p>\n<p><input class=\"wpcf7-form-control wpcf7-submit has-spinner\" type=\"submit\" value=\"Senden\" \/>\n<\/p><div class=\"wpcf7-response-output\" aria-hidden=\"true\"><\/div>\n<\/form>\n<\/div>\n<\/div>\n\n\n\n<figure class=\"wp-block-image size-large\"><img loading=\"lazy\" decoding=\"async\" width=\"576\" height=\"1024\" src=\"https:\/\/edition-gl.de\/wp-content\/uploads\/2025\/11\/RX101143-576x1024.jpg\" alt=\"\" class=\"wp-image-1429\" srcset=\"https:\/\/edition-gl.de\/wp-content\/uploads\/2025\/11\/RX101143-576x1024.jpg 576w, https:\/\/edition-gl.de\/wp-content\/uploads\/2025\/11\/RX101143-203x360.jpg 203w, https:\/\/edition-gl.de\/wp-content\/uploads\/2025\/11\/RX101143-768x1365.jpg 768w, https:\/\/edition-gl.de\/wp-content\/uploads\/2025\/11\/RX101143-864x1536.jpg 864w, https:\/\/edition-gl.de\/wp-content\/uploads\/2025\/11\/RX101143.jpg 1080w\" sizes=\"auto, (max-width: 576px) 100vw, 576px\" \/><\/figure>\n","protected":false},"excerpt":{"rendered":"<p>Musikwallfahrt 2026 &#8211; 7 Tage 7 Lieder Ein neues Wallfahrtsformat in der Tradition der Idee Leo Langers. Singend bedenken, gemeinsam auf dem Weg Mehr Zeit zur Begegnung untereinander. Mehr Zeit zum eigenen Nachdenken. Mehr Zeit zum Wandern. Und trotzdem viel Zeit mit sieben Liedern von Gregor Lin\u00dfenund einem kleinen konzertanter Gedankengang am Ende der Wallfahrtstage. [&hellip;]<\/p>\n","protected":false},"author":2,"featured_media":0,"parent":0,"menu_order":0,"comment_status":"closed","ping_status":"closed","template":"","meta":{"footnotes":""},"class_list":["post-1426","page","type-page","status-publish","hentry"],"_links":{"self":[{"href":"https:\/\/edition-gl.de\/index.php\/wp-json\/wp\/v2\/pages\/1426","targetHints":{"allow":["GET"]}}],"collection":[{"href":"https:\/\/edition-gl.de\/index.php\/wp-json\/wp\/v2\/pages"}],"about":[{"href":"https:\/\/edition-gl.de\/index.php\/wp-json\/wp\/v2\/types\/page"}],"author":[{"embeddable":true,"href":"https:\/\/edition-gl.de\/index.php\/wp-json\/wp\/v2\/users\/2"}],"replies":[{"embeddable":true,"href":"https:\/\/edition-gl.de\/index.php\/wp-json\/wp\/v2\/comments?post=1426"}],"version-history":[{"count":12,"href":"https:\/\/edition-gl.de\/index.php\/wp-json\/wp\/v2\/pages\/1426\/revisions"}],"predecessor-version":[{"id":1628,"href":"https:\/\/edition-gl.de\/index.php\/wp-json\/wp\/v2\/pages\/1426\/revisions\/1628"}],"wp:attachment":[{"href":"https:\/\/edition-gl.de\/index.php\/wp-json\/wp\/v2\/media?parent=1426"}],"curies":[{"name":"wp","href":"https:\/\/api.w.org\/{rel}","templated":true}]}}