{"id":1303,"date":"2025-09-01T21:37:52","date_gmt":"2025-09-01T19:37:52","guid":{"rendered":"https:\/\/edition-gl.de\/?page_id=1303"},"modified":"2025-09-04T10:55:00","modified_gmt":"2025-09-04T08:55:00","slug":"die-sieben-gaben-chortage-archiv","status":"publish","type":"page","link":"https:\/\/edition-gl.de\/index.php\/projekte\/die-sieben-gaben-projekt\/die-sieben-gaben-chortage-archiv\/","title":{"rendered":"DIE SIEBEN GABEN &#8211; Chortage Archiv"},"content":{"rendered":"\n<p class=\"has-large-font-size\"><strong>DIE SIEBEN GABEN Chortage<\/strong><\/p>\n\n\n\n<p class=\"has-medium-font-size\"><br><strong>08\/2025 |&nbsp; Akademie Klausenhof |&nbsp;Hamminkeln<\/strong><\/p>\n\n\n\n<p>Es waren &#8222;kleine&#8220; Chortage, daf\u00fcr aber besonders intensiv mit Einzelstimmbildung und einer selten homogenen und vertraulichen Atmosph\u00e4re unter den Teilnehmern. Dass am Ende dennoch eine komplette interne Auff\u00fchrung gelang, ist bemerkenswert.<\/p>\n\n\n\n<p>Ziel der Wallfahrts-Wanderung war ein Mittagsgebet am Altar des Xantener Doms und die Krypta, in der die begraben sind, die wegen ihrer konsequent christlichen Haltung im Dritten Reich ihr Leben verloren haben.<br><\/p>\n\n\n\n<figure class=\"wp-block-gallery has-nested-images columns-default is-cropped wp-block-gallery-1 is-layout-flex wp-block-gallery-is-layout-flex\">\n<figure class=\"wp-block-image size-large\"><img loading=\"lazy\" decoding=\"async\" width=\"768\" height=\"1024\" data-id=\"1304\" src=\"https:\/\/edition-gl.de\/wp-content\/uploads\/2025\/09\/Die-sieben-Gaben-Symbole-768x1024.jpeg\" alt=\"\" class=\"wp-image-1304\" srcset=\"https:\/\/edition-gl.de\/wp-content\/uploads\/2025\/09\/Die-sieben-Gaben-Symbole-768x1024.jpeg 768w, https:\/\/edition-gl.de\/wp-content\/uploads\/2025\/09\/Die-sieben-Gaben-Symbole-270x360.jpeg 270w, https:\/\/edition-gl.de\/wp-content\/uploads\/2025\/09\/Die-sieben-Gaben-Symbole-1152x1536.jpeg 1152w, https:\/\/edition-gl.de\/wp-content\/uploads\/2025\/09\/Die-sieben-Gaben-Symbole-1536x2048.jpeg 1536w, https:\/\/edition-gl.de\/wp-content\/uploads\/2025\/09\/Die-sieben-Gaben-Symbole-scaled.jpeg 1920w\" sizes=\"auto, (max-width: 768px) 100vw, 768px\" \/><\/figure>\n\n\n\n<figure class=\"wp-block-image size-large\"><img loading=\"lazy\" decoding=\"async\" width=\"768\" height=\"1024\" data-id=\"1305\" src=\"https:\/\/edition-gl.de\/wp-content\/uploads\/2025\/09\/DsG2025_Wanderung-768x1024.jpg\" alt=\"\" class=\"wp-image-1305\" srcset=\"https:\/\/edition-gl.de\/wp-content\/uploads\/2025\/09\/DsG2025_Wanderung-768x1024.jpg 768w, https:\/\/edition-gl.de\/wp-content\/uploads\/2025\/09\/DsG2025_Wanderung-270x360.jpg 270w, https:\/\/edition-gl.de\/wp-content\/uploads\/2025\/09\/DsG2025_Wanderung-1152x1536.jpg 1152w, https:\/\/edition-gl.de\/wp-content\/uploads\/2025\/09\/DsG2025_Wanderung-1536x2048.jpg 1536w, https:\/\/edition-gl.de\/wp-content\/uploads\/2025\/09\/DsG2025_Wanderung-scaled.jpg 1920w\" sizes=\"auto, (max-width: 768px) 100vw, 768px\" \/><\/figure>\n<\/figure>\n\n\n\n<p><strong>04\/2024 |&nbsp;Akademie Die Wolfsburg |&nbsp;M\u00fclheim<\/strong><\/p>\n\n\n\n<p>Es gab &#8222;nur&#8220; ein NRW Projekt und ein abschlie\u00dfendes Wochenende f\u00fcr die Vorbereitung der Pfingstnacht im Essener Dom<\/p>\n\n\n\n<div style=\"height:46px\" aria-hidden=\"true\" class=\"wp-block-spacer\"><\/div>\n\n\n\n<p><strong>04\/2023 |&nbsp;Burg Rothenfels |&nbsp;Rothenfels<\/strong><\/p>\n\n\n\n<p>Die erste gro\u00dfe Wallfahrt nach der chorischen Urauff\u00fchrung 2022 in Gelsenkirchen zur Vorbereitung der Pfingstnacht 2023 in Neuss.<\/p>\n","protected":false},"excerpt":{"rendered":"<p>DIE SIEBEN GABEN Chortage 08\/2025 |&nbsp; Akademie Klausenhof |&nbsp;Hamminkeln Es waren &#8222;kleine&#8220; Chortage, daf\u00fcr aber besonders intensiv mit Einzelstimmbildung und einer selten homogenen und vertraulichen Atmosph\u00e4re unter den Teilnehmern. Dass am Ende dennoch eine komplette interne Auff\u00fchrung gelang, ist bemerkenswert. Ziel der Wallfahrts-Wanderung war ein Mittagsgebet am Altar des Xantener Doms und die Krypta, in [&hellip;]<\/p>\n","protected":false},"author":2,"featured_media":0,"parent":63,"menu_order":0,"comment_status":"closed","ping_status":"closed","template":"","meta":{"footnotes":""},"class_list":["post-1303","page","type-page","status-publish","hentry"],"_links":{"self":[{"href":"https:\/\/edition-gl.de\/index.php\/wp-json\/wp\/v2\/pages\/1303","targetHints":{"allow":["GET"]}}],"collection":[{"href":"https:\/\/edition-gl.de\/index.php\/wp-json\/wp\/v2\/pages"}],"about":[{"href":"https:\/\/edition-gl.de\/index.php\/wp-json\/wp\/v2\/types\/page"}],"author":[{"embeddable":true,"href":"https:\/\/edition-gl.de\/index.php\/wp-json\/wp\/v2\/users\/2"}],"replies":[{"embeddable":true,"href":"https:\/\/edition-gl.de\/index.php\/wp-json\/wp\/v2\/comments?post=1303"}],"version-history":[{"count":5,"href":"https:\/\/edition-gl.de\/index.php\/wp-json\/wp\/v2\/pages\/1303\/revisions"}],"predecessor-version":[{"id":1319,"href":"https:\/\/edition-gl.de\/index.php\/wp-json\/wp\/v2\/pages\/1303\/revisions\/1319"}],"up":[{"embeddable":true,"href":"https:\/\/edition-gl.de\/index.php\/wp-json\/wp\/v2\/pages\/63"}],"wp:attachment":[{"href":"https:\/\/edition-gl.de\/index.php\/wp-json\/wp\/v2\/media?parent=1303"}],"curies":[{"name":"wp","href":"https:\/\/api.w.org\/{rel}","templated":true}]}}