{"id":1206,"date":"2025-07-31T17:48:30","date_gmt":"2025-07-31T15:48:30","guid":{"rendered":"https:\/\/edition-gl.de\/?page_id=1206"},"modified":"2025-07-31T17:48:30","modified_gmt":"2025-07-31T15:48:30","slug":"dienstleistungsangebote","status":"publish","type":"page","link":"https:\/\/edition-gl.de\/index.php\/dienstleistungen\/dienstleistungsangebote\/","title":{"rendered":"Dienstleistungsangebote"},"content":{"rendered":"\n<h2 class=\"wp-block-heading\">Musikalische Angebote<\/h2>\n\n\n\n<p>Die musikalische Entwicklung von Gregor Lin\u00dfen war sehr vielschichtig und wurde von klein auf beeinflusst durch sehr verschiende Musikgenre. Seit seiner Jugend spielte er Folkgitarre. Er kam mit Musikern aus Afrika und Lateinamerika zusammen. Er h\u00f6rte die Songs von Paul Simon, Reinhard Mey und Sting und spielte sie nach. Nicht zuletzt begeisterte ihn das Musical Jesus Christ Superstar von Andrew Lloyd Webber. <br>Seine eigentliche klassisch musikalische Ausbildung erhielt er aber an der Querfl\u00f6te, einem Instrument, bei dem es stark auf die Beherrschung der Atmung ankommt und das ihn bis in sein Studium begleitete. <\/p>\n\n\n\n<p>Er bekam Stimmbildung klassischer wie popmusikalischer Art<em> (CVT)<\/em>, sang in klassischen Chorprojekten und bei Gregorianik-Aufnahmen. Daraus entwickelte er seinen eigenen sehr flexiblen Liedermacher-Stil. Aus der Kombination aller Einfl\u00fcsse entstand die Chor-Sing-Schule <em>&#8222;Perkussives Singen&#8220;<\/em> die das Ziel hat, Chorgesang und Bandmusik zu verschmelzen.<\/p>\n\n\n\n<p>Gregor Lin\u00dfen ist buchbar <br>&#8211; als <strong>Musiker<\/strong> (Gesang, Querfl\u00f6te, Gitarre) auch f\u00fcr Fremdkonzerte.<br>&#8211; als <strong>Workshopleiter <\/strong>f\u00fcr Liederworkshops<br>&#8211; als <strong>Chorcoach <\/strong>f\u00fcr Perkussives Singen<br>&#8211; als <strong>Lehrender<\/strong> am Schnittpunkt zwischen Religion und Popkultur in Schul- und Hochschul-Fortbildungen <\/p>\n\n\n\n<div class=\"wp-block-buttons is-layout-flex wp-block-buttons-is-layout-flex\">\n<div class=\"wp-block-button\"><a class=\"wp-block-button__link wp-element-button\">pdf Preisbeispiele Workshop &amp; Musik<\/a><\/div>\n<\/div>\n\n\n\n<p><\/p>\n\n\n\n<h2 class=\"wp-block-heading\">Technische Angebote<\/h2>\n\n\n\n<p>Gregor Lin\u00dfen studierte an der ehemaligen Robert-Schumann-Hochschule in D\u00fcsseldorf zum Ton-&amp; Bildingenieur. In der Kombination mit seiner musikalischen Erfahrung mach ihn das zum Kreativ-Ingenieur der ungew\u00f6hnlich vision\u00e4r nicht nur seine eigenen Veranstaltungen planen und umsetzen kann. <br>Er ist buchbar <br>&#8211; als <strong>Toningenieur<\/strong> f\u00fcr Beschallung und Aufnahmen<br>&#8211; als <strong>Lichtdesigner<\/strong> f\u00fcr Konzerte und Illuminationen<br>&#8211; als <strong>Bildingenieur<\/strong> f\u00fcr Livestream und Aufzeichnungen<\/p>\n\n\n\n<p>Zur Verf\u00fcgung steht mit ihm das komplette Equipment seiner gro\u00dfen Oratorien, vom bew\u00e4hrten <strong>Ton-Material<\/strong> (Neumann, Allen&amp;Heath, d&amp;b) \u00fcber reparierbares <strong>Licht und Projektionsequipment<\/strong> (GLP, Ayrton, Christie) bishin zu <strong>Spezialpodesten<\/strong> und <strong>Gro\u00dfleinw\u00e4nden<\/strong> (bis 7,2m x 4,5m)<\/p>\n\n\n\n<div class=\"wp-block-buttons is-layout-flex wp-block-buttons-is-layout-flex\">\n<div class=\"wp-block-button\"><a class=\"wp-block-button__link wp-element-button\">pdf Preisbeispiele EDITION GL kulturtechnik<\/a><\/div>\n<\/div>\n\n\n\n<figure class=\"wp-block-gallery has-nested-images columns-default is-cropped wp-block-gallery-1 is-layout-flex wp-block-gallery-is-layout-flex\">\n<figure class=\"wp-block-image size-large\"><img loading=\"lazy\" decoding=\"async\" width=\"1200\" height=\"900\" data-id=\"664\" src=\"https:\/\/edition-gl.de\/wp-content\/uploads\/2025\/01\/SdT2024.png\" alt=\"\" class=\"wp-image-664\" srcset=\"https:\/\/edition-gl.de\/wp-content\/uploads\/2025\/01\/SdT2024.png 1200w, https:\/\/edition-gl.de\/wp-content\/uploads\/2025\/01\/SdT2024-360x270.png 360w, https:\/\/edition-gl.de\/wp-content\/uploads\/2025\/01\/SdT2024-768x576.png 768w\" sizes=\"auto, (max-width: 1200px) 100vw, 1200px\" \/><\/figure>\n\n\n\n<figure class=\"wp-block-image size-large\"><img loading=\"lazy\" decoding=\"async\" width=\"1200\" height=\"900\" data-id=\"1208\" src=\"https:\/\/edition-gl.de\/wp-content\/uploads\/2025\/07\/2024_Illumination.png\" alt=\"\" class=\"wp-image-1208\" srcset=\"https:\/\/edition-gl.de\/wp-content\/uploads\/2025\/07\/2024_Illumination.png 1200w, https:\/\/edition-gl.de\/wp-content\/uploads\/2025\/07\/2024_Illumination-360x270.png 360w, https:\/\/edition-gl.de\/wp-content\/uploads\/2025\/07\/2024_Illumination-768x576.png 768w\" sizes=\"auto, (max-width: 1200px) 100vw, 1200px\" \/><\/figure>\n\n\n\n<figure class=\"wp-block-image size-large\"><img loading=\"lazy\" decoding=\"async\" width=\"683\" height=\"1024\" data-id=\"831\" src=\"https:\/\/edition-gl.de\/wp-content\/uploads\/2025\/02\/Illumination2019_Essen-683x1024.jpg\" alt=\"\" class=\"wp-image-831\" srcset=\"https:\/\/edition-gl.de\/wp-content\/uploads\/2025\/02\/Illumination2019_Essen-683x1024.jpg 683w, https:\/\/edition-gl.de\/wp-content\/uploads\/2025\/02\/Illumination2019_Essen-240x360.jpg 240w, https:\/\/edition-gl.de\/wp-content\/uploads\/2025\/02\/Illumination2019_Essen-768x1152.jpg 768w, https:\/\/edition-gl.de\/wp-content\/uploads\/2025\/02\/Illumination2019_Essen-1024x1536.jpg 1024w, https:\/\/edition-gl.de\/wp-content\/uploads\/2025\/02\/Illumination2019_Essen.jpg 1200w\" sizes=\"auto, (max-width: 683px) 100vw, 683px\" \/><\/figure>\n\n\n\n<figure class=\"wp-block-image size-large\"><img loading=\"lazy\" decoding=\"async\" width=\"1200\" height=\"800\" data-id=\"1207\" src=\"https:\/\/edition-gl.de\/wp-content\/uploads\/2025\/07\/AMI2025KdLMunster1.jpg\" alt=\"\" class=\"wp-image-1207\" srcset=\"https:\/\/edition-gl.de\/wp-content\/uploads\/2025\/07\/AMI2025KdLMunster1.jpg 1200w, https:\/\/edition-gl.de\/wp-content\/uploads\/2025\/07\/AMI2025KdLMunster1-360x240.jpg 360w, https:\/\/edition-gl.de\/wp-content\/uploads\/2025\/07\/AMI2025KdLMunster1-768x512.jpg 768w\" sizes=\"auto, (max-width: 1200px) 100vw, 1200px\" \/><\/figure>\n<\/figure>\n","protected":false},"excerpt":{"rendered":"<p>Musikalische Angebote Die musikalische Entwicklung von Gregor Lin\u00dfen war sehr vielschichtig und wurde von klein auf beeinflusst durch sehr verschiende Musikgenre. Seit seiner Jugend spielte er Folkgitarre. Er kam mit Musikern aus Afrika und Lateinamerika zusammen. Er h\u00f6rte die Songs von Paul Simon, Reinhard Mey und Sting und spielte sie nach. Nicht zuletzt begeisterte ihn [&hellip;]<\/p>\n","protected":false},"author":2,"featured_media":0,"parent":429,"menu_order":0,"comment_status":"closed","ping_status":"closed","template":"","meta":{"footnotes":""},"class_list":["post-1206","page","type-page","status-publish","hentry"],"_links":{"self":[{"href":"https:\/\/edition-gl.de\/index.php\/wp-json\/wp\/v2\/pages\/1206","targetHints":{"allow":["GET"]}}],"collection":[{"href":"https:\/\/edition-gl.de\/index.php\/wp-json\/wp\/v2\/pages"}],"about":[{"href":"https:\/\/edition-gl.de\/index.php\/wp-json\/wp\/v2\/types\/page"}],"author":[{"embeddable":true,"href":"https:\/\/edition-gl.de\/index.php\/wp-json\/wp\/v2\/users\/2"}],"replies":[{"embeddable":true,"href":"https:\/\/edition-gl.de\/index.php\/wp-json\/wp\/v2\/comments?post=1206"}],"version-history":[{"count":2,"href":"https:\/\/edition-gl.de\/index.php\/wp-json\/wp\/v2\/pages\/1206\/revisions"}],"predecessor-version":[{"id":1211,"href":"https:\/\/edition-gl.de\/index.php\/wp-json\/wp\/v2\/pages\/1206\/revisions\/1211"}],"up":[{"embeddable":true,"href":"https:\/\/edition-gl.de\/index.php\/wp-json\/wp\/v2\/pages\/429"}],"wp:attachment":[{"href":"https:\/\/edition-gl.de\/index.php\/wp-json\/wp\/v2\/media?parent=1206"}],"curies":[{"name":"wp","href":"https:\/\/api.w.org\/{rel}","templated":true}]}}