{"id":1193,"date":"2025-07-16T22:17:38","date_gmt":"2025-07-16T20:17:38","guid":{"rendered":"https:\/\/edition-gl.de\/?page_id=1193"},"modified":"2025-12-11T14:34:38","modified_gmt":"2025-12-11T13:34:38","slug":"gruppe-ami","status":"publish","type":"page","link":"https:\/\/edition-gl.de\/index.php\/live\/gruppe-ami\/","title":{"rendered":"Gruppe AMI"},"content":{"rendered":"\n<h2 class=\"wp-block-heading\">Gruppe AMI<\/h2>\n\n\n\n<p>Gregor Lin\u00dfen gr\u00fcndete 1991 die Gruppe AMI nach der Urauff\u00fchrung der Messe <em>Lied vom Licht<\/em> als Gesangquartett mit zwei akustischen Gitarren. <br>1993 kam es mit dem Requiem &#8222;Verm\u00e4chtnis eines Freundes&#8220; zur ersten CD Produktion f\u00fcr die ein Streichquartett dazu kam. Eine ungew\u00f6hnliche Besetzung, die schon den Sonderstatus der Musik von Gregor Lin\u00dfen deutlich machte. Erst sp\u00e4t &#8211; 1998 zum ersten Oratorium kam ein Schlagzeuger und Bl\u00e4ser dazu. 1999 dann ein Pianist und ein Bassist.<\/p>\n\n\n\n<div class=\"wp-block-cover alignfull has-parallax has-custom-content-position is-position-top-left\"><div class=\"wp-block-cover__image-background wp-image-1194 has-parallax\" style=\"background-position:50% 50%;background-image:url(https:\/\/edition-gl.de\/wp-content\/uploads\/2025\/07\/2025_AMI_Munster.jpg)\"><\/div><span aria-hidden=\"true\" class=\"wp-block-cover__background has-background-dim-0 has-background-dim\"><\/span><div class=\"wp-block-cover__inner-container has-global-padding is-layout-constrained wp-block-cover-is-layout-constrained\">\n<p class=\"has-text-align-center has-x-large-font-size\"><\/p>\n<\/div><\/div>\n\n\n\n<p>Die Gruppe AMI spielte drei K\u00f6lner Ministranten-Romwallfahrten (1994\/1998\/2002), die Er\u00f6ffnung des Weltjugendtags 2005, die Er\u00f6ffnung des 2. \u00f6kum. Kirchentags 2010 und das Abendgebet bei der internationalen Messdienerwallfahrt 2015 auf dem Petersplatz. Die Vielseitigkeit der Gruppe AMI ist legend\u00e4r. Einmal teilte sich die Gruppe und versorgte parallel vier Gottesdienste mindestens mit Kirchenorgel plus Gesang.<\/p>\n\n\n\n<p>Die Band der Gruppe AMI wurde au\u00dferdem zur Begleitorchester der drei Musikwallfahrten der Musikwerkstatt Freiburg 1998, 2002 und 2007. <\/p>\n\n\n\n<p><strong>Ur-AMI (1991)<\/strong><br>Ute Hegh<br>Katrin Stiller<br>Monika Ahrweiler<br>Richard Palermo<br>Gregor Lin\u00dfen<br>Martin Wei\u00df<\/p>\n\n\n\n<p>Heute ist kein Ur-AMI mehr dabei. <br>Mit einigen Musiker*innen spielt Gregor Lin\u00dfen jetzt schon fast 30 Jahre.<\/p>\n\n\n\n<p><br><strong>Die Menschen in der aktuellen Gruppe AMI<\/strong><\/p>\n\n\n\n<p><strong>Ur-AMI Band<\/strong><br>Michael Schmitz (piano)<br>S\u00f6ren Marquard (bass)<br>Christoph Krieger (schlagzeug)<\/p>\n\n\n\n<p><strong>AMI Quartett<\/strong><br>Birgit Kopal<br>Astrid Wiludda<br>Marko Nagl<br>Wolfgang Anheyer<\/p>\n\n\n\n<figure class=\"wp-block-image size-full\"><img loading=\"lazy\" decoding=\"async\" width=\"1280\" height=\"300\" src=\"https:\/\/edition-gl.de\/wp-content\/uploads\/2025\/08\/AMIvox_1200.png\" alt=\"\" class=\"wp-image-1249\" srcset=\"https:\/\/edition-gl.de\/wp-content\/uploads\/2025\/08\/AMIvox_1200.png 1280w, https:\/\/edition-gl.de\/wp-content\/uploads\/2025\/08\/AMIvox_1200-360x84.png 360w, https:\/\/edition-gl.de\/wp-content\/uploads\/2025\/08\/AMIvox_1200-768x180.png 768w\" sizes=\"auto, (max-width: 1280px) 100vw, 1280px\" \/><\/figure>\n\n\n\n<p><strong>AMI Streicher<\/strong><br>Maria Wendler<br>Steffi Weber<br>Heike Schollmeyer<br>Bernhard Spranger<\/p>\n\n\n\n<p><strong>AMI Brass<\/strong> <strong>5<\/strong><br>Mark Kielmann<br>Nico Wellers<br>Max Lin\u00dfen<br>Tom Brand<br>Max Schmidt<\/p>\n\n\n\n<p><\/p>\n\n\n\n<p><strong>erweitertes<\/strong> <strong>AMI Orchester<\/strong><br>Tobias Heck (perc)<br>Gregor Lepping (bass \/ drums)<br>Franzi K\u00fcmmel (qf)<br>Daniela Sanchez (qf)<br>Birgit Riepe (sax)<br>Ulrike Hille (vl\/va)<br>Christoph Seeger (orgel)<\/p>\n\n\n\n<p><strong>AMI Quartett<\/strong> Umbesetzungen im Laufe der Zeit<br>Susanne Rutke<br>Christina Wunderlich<br>Rodrigo Bartsch<br>Alexander Abel (veranstaltungsmeister)<br>Andreas Peters<\/p>\n\n\n\n<p><strong>AMI Musiker<\/strong> Umbesetzungen und Subs im Laufe der Zeit<br>Cordula Avenarius (vc des Ur-AMI-Streichquartetts)<br>Christian Budde (va\/bass)<br>Maren Riegel (vc)<br>Johannes Wallbaum (piano)<br>Wolfgang Cimander (piano \/ sax)<br><br><strong>AMI Amici <\/strong><br>Christina Hernold (solo Oratorien)<br>Matthias Reusch (piano\/toningenieur)<br><\/p>\n\n\n\n<div class=\"wp-block-buttons is-layout-flex wp-block-buttons-is-layout-flex\">\n<div class=\"wp-block-button\"><a class=\"wp-block-button__link wp-element-button\" href=\"http:\/\/edition-gl.de\">HOME<\/a><\/div>\n\n\n\n<div class=\"wp-block-button\"><a class=\"wp-block-button__link wp-element-button\" href=\"https:\/\/edition-gl.de\/index.php\/live\/gruppe-ami\/\">NACH OBEN<\/a><\/div>\n<\/div>\n\n\n\n<p><\/p>\n","protected":false},"excerpt":{"rendered":"<p>Gruppe AMI Gregor Lin\u00dfen gr\u00fcndete 1991 die Gruppe AMI nach der Urauff\u00fchrung der Messe Lied vom Licht als Gesangquartett mit zwei akustischen Gitarren. 1993 kam es mit dem Requiem &#8222;Verm\u00e4chtnis eines Freundes&#8220; zur ersten CD Produktion f\u00fcr die ein Streichquartett dazu kam. Eine ungew\u00f6hnliche Besetzung, die schon den Sonderstatus der Musik von Gregor Lin\u00dfen deutlich [&hellip;]<\/p>\n","protected":false},"author":2,"featured_media":0,"parent":22,"menu_order":0,"comment_status":"closed","ping_status":"closed","template":"","meta":{"footnotes":""},"class_list":["post-1193","page","type-page","status-publish","hentry"],"_links":{"self":[{"href":"https:\/\/edition-gl.de\/index.php\/wp-json\/wp\/v2\/pages\/1193","targetHints":{"allow":["GET"]}}],"collection":[{"href":"https:\/\/edition-gl.de\/index.php\/wp-json\/wp\/v2\/pages"}],"about":[{"href":"https:\/\/edition-gl.de\/index.php\/wp-json\/wp\/v2\/types\/page"}],"author":[{"embeddable":true,"href":"https:\/\/edition-gl.de\/index.php\/wp-json\/wp\/v2\/users\/2"}],"replies":[{"embeddable":true,"href":"https:\/\/edition-gl.de\/index.php\/wp-json\/wp\/v2\/comments?post=1193"}],"version-history":[{"count":11,"href":"https:\/\/edition-gl.de\/index.php\/wp-json\/wp\/v2\/pages\/1193\/revisions"}],"predecessor-version":[{"id":1565,"href":"https:\/\/edition-gl.de\/index.php\/wp-json\/wp\/v2\/pages\/1193\/revisions\/1565"}],"up":[{"embeddable":true,"href":"https:\/\/edition-gl.de\/index.php\/wp-json\/wp\/v2\/pages\/22"}],"wp:attachment":[{"href":"https:\/\/edition-gl.de\/index.php\/wp-json\/wp\/v2\/media?parent=1193"}],"curies":[{"name":"wp","href":"https:\/\/api.w.org\/{rel}","templated":true}]}}