{"id":1104,"date":"2025-05-03T11:46:31","date_gmt":"2025-05-03T09:46:31","guid":{"rendered":"https:\/\/edition-gl.de\/?page_id=1104"},"modified":"2025-07-31T11:21:15","modified_gmt":"2025-07-31T09:21:15","slug":"petrus-chortage-2025","status":"publish","type":"page","link":"https:\/\/edition-gl.de\/index.php\/projekte\/petrus-und-der-hahn-projekt\/petrus-chortage-2025\/","title":{"rendered":"PETRUS Chortage 2025"},"content":{"rendered":"\n<h2 class=\"wp-block-heading\">PETRUS Chortage 2025<\/h2>\n\n\n\n<figure class=\"wp-block-image size-full\"><img loading=\"lazy\" decoding=\"async\" width=\"1280\" height=\"300\" src=\"https:\/\/edition-gl.de\/wp-content\/uploads\/2025\/02\/PETRUS_Logobanner1200.png\" alt=\"\" class=\"wp-image-817\" srcset=\"https:\/\/edition-gl.de\/wp-content\/uploads\/2025\/02\/PETRUS_Logobanner1200.png 1280w, https:\/\/edition-gl.de\/wp-content\/uploads\/2025\/02\/PETRUS_Logobanner1200-360x84.png 360w, https:\/\/edition-gl.de\/wp-content\/uploads\/2025\/02\/PETRUS_Logobanner1200-768x180.png 768w\" sizes=\"auto, (max-width: 1280px) 100vw, 1280px\" \/><\/figure>\n\n\n\n<p>Eine Gelegenheit neu ins PETRUS Projekt einzusteigen (4 weitere Auff\u00fchrungen 2026!!!) oder sich von Neuem mit den immer noch aktuellen Fragen des Oratoriums auseinanderzusetzen:<\/p>\n\n\n\n<p><strong>PETRUS Chortage vom SA 27.9. &#8211; SO 5.10.2025 <\/strong><br><strong>im Stadtkloster St. Franziskus in Karlsruhe<\/strong><\/p>\n\n\n\n<p>Beginn am Samstag 27.9.25 | 17.00 Uhr<br><br>&#8211; K\u00fcnstlerische Gesamtleitung: Gregor Lin\u00dfen (Neuss)<br>&#8211; Geistliche Leitung: Hans-J\u00f6rg Krieg<\/p>\n\n\n\n<p>Intensive Chorarbeit mit <br>&#8211; Chorleiter*innen: Florian Glatt, Maria Hartelt, Tanja Maria Wagner)<br><br>&#8211; Vollverpflegung <br>&#8211; Miteinander singen, beten, nachdenken und sich begegnen<br>&#8211; Wandergottesdienst<br><br><strong>PETRUS<\/strong> <strong>Auff\u00fchrung am 4.10.2025 | 19.00 Uhr | St. Michael |\u00a0Karlsruhe<\/strong><\/p>\n\n\n\n<p><strong>Schlussgottesdienst 5.10.2025 | 11.00 Uhr | St. Franziskus<br><\/strong><br>Ende am Sonntag 5.10.25 | 14.00 Uhr (nach der Mittagessen)<\/p>\n\n\n\n<div style=\"height:26px\" aria-hidden=\"true\" class=\"wp-block-spacer\"><\/div>\n\n\n\n<p>F\u00fcr S\u00e4nger*innen aus Karlsruhe und Umgebung, die sich nicht unvorbereitet dem straffen Probentempo der Chortage aussetzen wollen, bietet der Kirchenmusiker der Gemeinde Florian Glatt ein Gemeindeprojekt an. (Termine siehe unten)<\/p>\n\n\n\n<p class=\"has-large-font-size\"><strong>Anmeldung <\/strong><br><strong>zu den PETRUS Chortagen 2025<\/strong><\/p>\n\n\n\n<div class=\"wp-block-contact-form-7-contact-form-selector\">\n<div class=\"wpcf7 no-js\" id=\"wpcf7-f1106-o1\" lang=\"de-DE\" dir=\"ltr\" data-wpcf7-id=\"1106\">\n<div class=\"screen-reader-response\"><p role=\"status\" aria-live=\"polite\" aria-atomic=\"true\"><\/p> <ul><\/ul><\/div>\n<form action=\"\/index.php\/wp-json\/wp\/v2\/pages\/1104#wpcf7-f1106-o1\" method=\"post\" class=\"wpcf7-form init\" aria-label=\"Kontaktformular\" novalidate=\"novalidate\" data-status=\"init\">\n<fieldset class=\"hidden-fields-container\"><input type=\"hidden\" name=\"_wpcf7\" value=\"1106\" \/><input type=\"hidden\" name=\"_wpcf7_version\" value=\"6.1.5\" \/><input type=\"hidden\" name=\"_wpcf7_locale\" value=\"de_DE\" \/><input type=\"hidden\" name=\"_wpcf7_unit_tag\" value=\"wpcf7-f1106-o1\" \/><input type=\"hidden\" name=\"_wpcf7_container_post\" value=\"0\" \/><input type=\"hidden\" name=\"_wpcf7_posted_data_hash\" value=\"\" \/><input type=\"hidden\" name=\"_wpcf7_recaptcha_response\" value=\"\" \/>\n<\/fieldset>\n<p>Hiermit melde ich mich verbindlich<br \/>\nzu den PETRUS Chortagen 2025 an:\n<\/p>\n<p><label> Name<br \/>\n<span class=\"wpcf7-form-control-wrap\" data-name=\"your-name\"><input size=\"40\" maxlength=\"400\" class=\"wpcf7-form-control wpcf7-text wpcf7-validates-as-required\" autocomplete=\"name\" aria-required=\"true\" aria-invalid=\"false\" value=\"\" type=\"text\" name=\"your-name\" \/><\/span> <\/label>\n<\/p>\n<p><label> E-Mail-Adresse<br \/>\n<span class=\"wpcf7-form-control-wrap\" data-name=\"your-email\"><input size=\"40\" maxlength=\"400\" class=\"wpcf7-form-control wpcf7-email wpcf7-validates-as-required wpcf7-text wpcf7-validates-as-email\" autocomplete=\"email\" aria-required=\"true\" aria-invalid=\"false\" value=\"\" type=\"email\" name=\"your-email\" \/><\/span> <\/label>\n<\/p>\n<p>Stimmlage<br \/>\n<span class=\"wpcf7-form-control-wrap\" data-name=\"Stimmgruppe\"><span class=\"wpcf7-form-control wpcf7-radio\"><span class=\"wpcf7-list-item first\"><label><input type=\"radio\" name=\"Stimmgruppe\" value=\"Sopran 1 (Hauptstimmer)\" \/><span class=\"wpcf7-list-item-label\">Sopran 1 (Hauptstimmer)<\/span><\/label><\/span><span class=\"wpcf7-list-item\"><label><input type=\"radio\" name=\"Stimmgruppe\" value=\"Sopran 2 (Groovestimme\/hoher Sopran)\" \/><span class=\"wpcf7-list-item-label\">Sopran 2 (Groovestimme\/hoher Sopran)<\/span><\/label><\/span><span class=\"wpcf7-list-item\"><label><input type=\"radio\" name=\"Stimmgruppe\" value=\"Alt\" \/><span class=\"wpcf7-list-item-label\">Alt<\/span><\/label><\/span><span class=\"wpcf7-list-item\"><label><input type=\"radio\" name=\"Stimmgruppe\" value=\"Tenor\" \/><span class=\"wpcf7-list-item-label\">Tenor<\/span><\/label><\/span><span class=\"wpcf7-list-item last\"><label><input type=\"radio\" name=\"Stimmgruppe\" value=\"Bass\" \/><span class=\"wpcf7-list-item-label\">Bass<\/span><\/label><\/span><\/span><\/span>\n<\/p>\n<p>PETRUS-Erfahrung<br \/>\nIch <span class=\"wpcf7-form-control-wrap\" data-name=\"PETRUSerfahrung\"><span class=\"wpcf7-form-control wpcf7-checkbox wpcf7-validates-as-required\"><span class=\"wpcf7-list-item first\"><label><input type=\"checkbox\" name=\"PETRUSerfahrung[]\" value=\"habe PETRUS schon gesungen.\" \/><span class=\"wpcf7-list-item-label\">habe PETRUS schon gesungen.<\/span><\/label><\/span><span class=\"wpcf7-list-item\"><label><input type=\"checkbox\" name=\"PETRUSerfahrung[]\" value=\"habe mich im PETRUS-S\u00fcd-Projekt vorbereitet.\" \/><span class=\"wpcf7-list-item-label\">habe mich im PETRUS-S\u00fcd-Projekt vorbereitet.<\/span><\/label><\/span><span class=\"wpcf7-list-item\"><label><input type=\"checkbox\" name=\"PETRUSerfahrung[]\" value=\"habe mich im PETRUS-Nord vorbereitet.\" \/><span class=\"wpcf7-list-item-label\">habe mich im PETRUS-Nord vorbereitet.<\/span><\/label><\/span><span class=\"wpcf7-list-item\"><label><input type=\"checkbox\" name=\"PETRUSerfahrung[]\" value=\"bereite mich selbst vor (Noten incl. Versand 14 \u20ac).\" \/><span class=\"wpcf7-list-item-label\">bereite mich selbst vor (Noten incl. Versand 14 \u20ac).<\/span><\/label><\/span><span class=\"wpcf7-list-item last\"><label><input type=\"checkbox\" name=\"PETRUSerfahrung[]\" value=\"brauche nur die Noten (10 \u20ac)\" \/><span class=\"wpcf7-list-item-label\">brauche nur die Noten (10 \u20ac)<\/span><\/label><\/span><\/span><\/span>\n<\/p>\n<p>Der Kursbeitrag betr\u00e4gt 50 \u20ac.\n<\/p>\n<p>Es k\u00f6nnen im Kloster leider keine \u00dcbernachtungsm\u00f6glichkeiten mehr angeboten werden.<br \/>\nWelche PETRici aus Karlsruhe k\u00f6nnen ein privates \u00dcbernachtungsangebot machen?<br \/>\n(Gesuche \/ Angebote bitte unten eintragen)\n<\/p>\n<p>Verpflegung (200 \u20ac)<br \/>\nIch m\u00f6chte <span class=\"wpcf7-form-control-wrap\" data-name=\"Fruhstuck\"><span class=\"wpcf7-form-control wpcf7-radio\"><span class=\"wpcf7-list-item first\"><label><input type=\"radio\" name=\"Fruhstuck\" value=\"Fr\u00fchst\u00fcck\" \/><span class=\"wpcf7-list-item-label\">Fr\u00fchst\u00fcck<\/span><\/label><\/span><span class=\"wpcf7-list-item last\"><label><input type=\"radio\" name=\"Fruhstuck\" value=\"kein Fr\u00fchst\u00fcck (-40 \u20ac)\" \/><span class=\"wpcf7-list-item-label\">kein Fr\u00fchst\u00fcck (-40 \u20ac)<\/span><\/label><\/span><\/span><\/span>\n<\/p>\n<p>Ich m\u00f6chte <span class=\"wpcf7-form-control-wrap\" data-name=\"Vegetarier\"><span class=\"wpcf7-form-control wpcf7-checkbox wpcf7-validates-as-required\"><span class=\"wpcf7-list-item first\"><label><input type=\"checkbox\" name=\"Vegetarier[]\" value=\"flexitarisch essen\" \/><span class=\"wpcf7-list-item-label\">flexitarisch essen<\/span><\/label><\/span><span class=\"wpcf7-list-item\"><label><input type=\"checkbox\" name=\"Vegetarier[]\" value=\"vegetarisch essen\" \/><span class=\"wpcf7-list-item-label\">vegetarisch essen<\/span><\/label><\/span><span class=\"wpcf7-list-item last\"><label><input type=\"checkbox\" name=\"Vegetarier[]\" value=\"glutenfrei essen\" \/><span class=\"wpcf7-list-item-label\">glutenfrei essen<\/span><\/label><\/span><\/span><\/span>\n<\/p>\n<p><label> Sonstige Bemerkungen f\u00fcr das PETRUS Team (optional)<br \/>\n<span class=\"wpcf7-form-control-wrap\" data-name=\"your-message\"><textarea cols=\"40\" rows=\"10\" maxlength=\"2000\" class=\"wpcf7-form-control wpcf7-textarea\" aria-invalid=\"false\" name=\"your-message\"><\/textarea><\/span> <\/label>\n<\/p>\n<p>Vom PETRUS Projekt werden Fotos und Beitr\u00e4ge entstehen, in denen die Teilnehmer einzelnen oder in Gruppe erkennbar sind. Ich bin mit der Ver\u00f6ffentlichung im Rahmen von Berichterstattung und Werbung (insbesondere auf der Webseite EDITION GL) und mit der organisatorischen und funktionalen Verarbeitung der Daten einverstanden.<br \/>\n<span class=\"wpcf7-form-control-wrap\" data-name=\"Zustimmung\"><span class=\"wpcf7-form-control wpcf7-acceptance optional\"><span class=\"wpcf7-list-item\"><label><input type=\"checkbox\" name=\"Zustimmung\" value=\"1\" aria-invalid=\"false\" \/><span class=\"wpcf7-list-item-label\">Ich akzeptiere die Teilnahmebedingungen.<\/span><\/label><\/span><\/span><\/span>\n<\/p>\n<p><span class=\"wpcf7-form-control-wrap\" data-name=\"Sicherheitsquiz\"><label><span class=\"wpcf7-quiz-label\">Wie hei\u00dft das PETRUS-Tier?<\/span> <input size=\"40\" class=\"wpcf7-form-control wpcf7-quiz\" autocomplete=\"off\" aria-required=\"true\" aria-invalid=\"false\" type=\"text\" name=\"Sicherheitsquiz\" \/><\/label><input type=\"hidden\" name=\"_wpcf7_quiz_answer_Sicherheitsquiz\" value=\"251e247792d3042aa4ea423996683815\" \/><\/span>\n<\/p>\n<p><input class=\"wpcf7-form-control wpcf7-submit has-spinner\" type=\"submit\" value=\"Senden\" \/>\n<\/p><div class=\"wpcf7-response-output\" aria-hidden=\"true\"><\/div>\n<\/form>\n<\/div>\n<\/div>\n\n\n\n<div style=\"height:44px\" aria-hidden=\"true\" class=\"wp-block-spacer\"><\/div>\n\n\n\n<p><strong>Vorbereitendes Probenangebot mit Florian Glatt<\/strong><\/p>\n\n\n\n<p>Mi. 21.5.25 | 20 Uhr | Saal Franziskus<\/p>\n\n\n\n<p>Mi. 4.6.25 | 20 Uhr | Saal Franziskus<\/p>\n\n\n\n<p>Di. 24.6.25 | 20 Uhr | Gemeindehaus Christk\u00f6nig, R\u00fcppurr\u00a0<\/p>\n\n\n\n<p>Mo 14.7.25 | 20 Uhr | Saal Franziskus (Termin zun\u00e4chst nur optional)<\/p>\n\n\n\n<p>Mi. 16.7.25 | 20 Uhr | Saal Franziskus<\/p>\n\n\n\n<p>Mi 17.9.25 | 20 Uhr | Saal Franziskus<\/p>\n\n\n\n<p>Bitte per Mail bei Florian Glatt melden, ob Noten schon vorhanden sind:<br><a href=\"mailto:florian.glatt@gmx.de\">florian.glatt@gmx.de<\/a><\/p>\n\n\n\n<p>Die Proben sind keine Vorraussetzung f\u00fcr die Teilnahme an den Chortagen.<\/p>\n","protected":false},"excerpt":{"rendered":"<p>PETRUS Chortage 2025 Eine Gelegenheit neu ins PETRUS Projekt einzusteigen (4 weitere Auff\u00fchrungen 2026!!!) oder sich von Neuem mit den immer noch aktuellen Fragen des Oratoriums auseinanderzusetzen: PETRUS Chortage vom SA 27.9. &#8211; SO 5.10.2025 im Stadtkloster St. Franziskus in Karlsruhe Beginn am Samstag 27.9.25 | 17.00 Uhr &#8211; K\u00fcnstlerische Gesamtleitung: Gregor Lin\u00dfen (Neuss)&#8211; Geistliche [&hellip;]<\/p>\n","protected":false},"author":2,"featured_media":0,"parent":604,"menu_order":0,"comment_status":"closed","ping_status":"closed","template":"","meta":{"footnotes":""},"class_list":["post-1104","page","type-page","status-publish","hentry"],"_links":{"self":[{"href":"https:\/\/edition-gl.de\/index.php\/wp-json\/wp\/v2\/pages\/1104","targetHints":{"allow":["GET"]}}],"collection":[{"href":"https:\/\/edition-gl.de\/index.php\/wp-json\/wp\/v2\/pages"}],"about":[{"href":"https:\/\/edition-gl.de\/index.php\/wp-json\/wp\/v2\/types\/page"}],"author":[{"embeddable":true,"href":"https:\/\/edition-gl.de\/index.php\/wp-json\/wp\/v2\/users\/2"}],"replies":[{"embeddable":true,"href":"https:\/\/edition-gl.de\/index.php\/wp-json\/wp\/v2\/comments?post=1104"}],"version-history":[{"count":7,"href":"https:\/\/edition-gl.de\/index.php\/wp-json\/wp\/v2\/pages\/1104\/revisions"}],"predecessor-version":[{"id":1119,"href":"https:\/\/edition-gl.de\/index.php\/wp-json\/wp\/v2\/pages\/1104\/revisions\/1119"}],"up":[{"embeddable":true,"href":"https:\/\/edition-gl.de\/index.php\/wp-json\/wp\/v2\/pages\/604"}],"wp:attachment":[{"href":"https:\/\/edition-gl.de\/index.php\/wp-json\/wp\/v2\/media?parent=1104"}],"curies":[{"name":"wp","href":"https:\/\/api.w.org\/{rel}","templated":true}]}}