{"id":1065,"date":"2025-04-09T16:58:59","date_gmt":"2025-04-09T14:58:59","guid":{"rendered":"https:\/\/edition-gl.de\/?page_id=1065"},"modified":"2025-04-09T17:43:57","modified_gmt":"2025-04-09T15:43:57","slug":"kulturpatenschaft","status":"publish","type":"page","link":"https:\/\/edition-gl.de\/index.php\/live\/kulturpatenschaft\/","title":{"rendered":"Kulturpatenschaft"},"content":{"rendered":"\n<p class=\"has-x-large-font-size\">Kulturpatenschaft<\/p>\n\n\n\n<p>Was ist das?<\/p>\n\n\n\n<p>Das Kulturpatenschaft-Konzept ist der Versuch die kulturelle Teilhabe ohne finanzielle Vorraussetzung zu erm\u00f6glichen und gleichzeitig die kulturelle Leistung der Kulturschaffenden wertzusch\u00e4tzen. Gregor Lin\u00dfen geht daf\u00fcr bewusst das Risiko der Unterdeckung der Auff\u00fchrungskosten ein. <\/p>\n\n\n\n<p><strong>Kulturpaten<\/strong> sind zun\u00e4chst einmal die, die f\u00fcr den echten Gegenwert ihres Sitzplatzes komplett einstehen und so daf\u00fcr sorgen dass Kultur \u00fcberhaupt entsteht.<\/p>\n\n\n\n<p><strong>Kulturpaten-Spender<\/strong> gehen dar\u00fcber hinaus. Nur dann, wenn Menschen das Gleiche erlebt haben besteht eine Chance, dass sie \u00fcber den Inhalt ins Gespr\u00e4ch kommen. Und wenn es in der Veranstaltung um etwas geht, dass Alle in einer Gesellschaft angeht, dann m\u00fcssen auch die kommen d\u00fcrfen, die sich einen Eintritt nicht leisten k\u00f6nnen. Damit dann wiederum aber die Kulturschaffenden, die von ihrer Kunst leben m\u00fcssen,  ihre Gage bekommen k\u00f6nnen, werden Kulturpaten-Spender gesucht, die ganz oder teilweise die Platzkosten Anderer mittragen. <br>Die Spende wird bescheinigt und ist steuerlich absetzbar.<\/p>\n\n\n\n<div style=\"height:36px\" aria-hidden=\"true\" class=\"wp-block-spacer\"><\/div>\n\n\n\n<figure class=\"wp-block-image size-full\"><a href=\"https:\/\/edition-gl.de\/index.php\/live\/die-sieben-gaben-2025\/\"><img loading=\"lazy\" decoding=\"async\" width=\"600\" height=\"150\" src=\"https:\/\/edition-gl.de\/wp-content\/uploads\/2025\/03\/DsG_Webbanner.jpg\" alt=\"\" class=\"wp-image-922\" srcset=\"https:\/\/edition-gl.de\/wp-content\/uploads\/2025\/03\/DsG_Webbanner.jpg 600w, https:\/\/edition-gl.de\/wp-content\/uploads\/2025\/03\/DsG_Webbanner-360x90.jpg 360w\" sizes=\"auto, (max-width: 600px) 100vw, 600px\" \/><\/a><\/figure>\n\n\n\n<p><a href=\"https:\/\/edition-gl.de\/index.php\/live\/die-sieben-gaben-2025\/\" data-type=\"page\" data-id=\"1005\">Kulturpatenschaft<strong> DIE SIEBEN GABEN<\/strong> 7.6.2025 Kaarst<\/a><br>Freunde und F\u00f6rderer der Kirchenmusik an St. Martinus, Kaarst e.V.<\/p>\n\n\n\n<div style=\"height:64px\" aria-hidden=\"true\" class=\"wp-block-spacer\"><\/div>\n\n\n\n<figure class=\"wp-block-image size-full\"><a href=\"https:\/\/edition-gl.de\/index.php\/live\/petrus-karlsruhe\/\"><img loading=\"lazy\" decoding=\"async\" width=\"600\" height=\"150\" src=\"https:\/\/edition-gl.de\/wp-content\/uploads\/2025\/03\/ADAM_Webbanner-1.jpg\" alt=\"\" class=\"wp-image-927\" srcset=\"https:\/\/edition-gl.de\/wp-content\/uploads\/2025\/03\/ADAM_Webbanner-1.jpg 600w, https:\/\/edition-gl.de\/wp-content\/uploads\/2025\/03\/ADAM_Webbanner-1-360x90.jpg 360w\" sizes=\"auto, (max-width: 600px) 100vw, 600px\" \/><\/a><\/figure>\n\n\n\n<p><a href=\"https:\/\/edition-gl.de\/index.php\/live\/petrus-karlsruhe\/\" data-type=\"page\" data-id=\"886\">Kulturpatenschaft <strong>PETRUS UND DER HAHN<\/strong> 4.10.2025 Karlsruhe<\/a><br>Kirchengemeinde Karlsruhe Alb-S\u00fcdwest St. Nikolaus<\/p>\n\n\n\n<p><\/p>\n","protected":false},"excerpt":{"rendered":"<p>Kulturpatenschaft Was ist das? Das Kulturpatenschaft-Konzept ist der Versuch die kulturelle Teilhabe ohne finanzielle Vorraussetzung zu erm\u00f6glichen und gleichzeitig die kulturelle Leistung der Kulturschaffenden wertzusch\u00e4tzen. Gregor Lin\u00dfen geht daf\u00fcr bewusst das Risiko der Unterdeckung der Auff\u00fchrungskosten ein. Kulturpaten sind zun\u00e4chst einmal die, die f\u00fcr den echten Gegenwert ihres Sitzplatzes komplett einstehen und so daf\u00fcr sorgen [&hellip;]<\/p>\n","protected":false},"author":2,"featured_media":0,"parent":22,"menu_order":0,"comment_status":"closed","ping_status":"closed","template":"","meta":{"footnotes":""},"class_list":["post-1065","page","type-page","status-publish","hentry"],"_links":{"self":[{"href":"https:\/\/edition-gl.de\/index.php\/wp-json\/wp\/v2\/pages\/1065","targetHints":{"allow":["GET"]}}],"collection":[{"href":"https:\/\/edition-gl.de\/index.php\/wp-json\/wp\/v2\/pages"}],"about":[{"href":"https:\/\/edition-gl.de\/index.php\/wp-json\/wp\/v2\/types\/page"}],"author":[{"embeddable":true,"href":"https:\/\/edition-gl.de\/index.php\/wp-json\/wp\/v2\/users\/2"}],"replies":[{"embeddable":true,"href":"https:\/\/edition-gl.de\/index.php\/wp-json\/wp\/v2\/comments?post=1065"}],"version-history":[{"count":6,"href":"https:\/\/edition-gl.de\/index.php\/wp-json\/wp\/v2\/pages\/1065\/revisions"}],"predecessor-version":[{"id":1075,"href":"https:\/\/edition-gl.de\/index.php\/wp-json\/wp\/v2\/pages\/1065\/revisions\/1075"}],"up":[{"embeddable":true,"href":"https:\/\/edition-gl.de\/index.php\/wp-json\/wp\/v2\/pages\/22"}],"wp:attachment":[{"href":"https:\/\/edition-gl.de\/index.php\/wp-json\/wp\/v2\/media?parent=1065"}],"curies":[{"name":"wp","href":"https:\/\/api.w.org\/{rel}","templated":true}]}}